{"id":228280,"date":"2025-03-22T16:05:35","date_gmt":"2025-03-22T16:05:35","guid":{"rendered":"https:\/\/aromasentia.com\/product\/molten-glass-on-rare-parasite-wood\/"},"modified":"2025-12-30T19:15:52","modified_gmt":"2025-12-30T19:15:52","slug":"verre-moule-sur-bois-parasite-rare","status":"publish","type":"product","link":"https:\/\/aromasentia.com\/fr\/verre-moule-sur-bois-parasite-rare\/","title":{"rendered":"Verre  Moul\u00e9 sur bois parasite rare"},"content":{"rendered":"<p>Le verre fondu en gros sur bois est probablement la plus grande chose de Bali depuis des ann\u00e9es. Tout ce qui est li\u00e9 aux plantes d&rsquo;int\u00e9rieur et naturel est une tendance majeure, et ce produit beau et naturel est juste sur le bouton. Fabriqu\u00e9e \u00e0 la main \u00e0 Bali \u00e0 partir de verre recycl\u00e9 et de bois Gamal durable balinais,<\/p>\n<p>Cette superbe \u0153uvre d&rsquo;art r\u00e9unit le meilleur de deux mondes : naturel et artificiel ; terreux et chic; pratique et spirituel. Le verre est souffl\u00e9 \u00e0 la bouche et pendant qu&rsquo;il est encore chaud, il est d\u00e9tendu sur un morceau de racine de Gamal, le verre durcit ensuite \u00e0 la forme du bois assurant un ajustement parfait. Il est fabriqu\u00e9 \u00e0 partir d&rsquo;un produit naturel en utilisant des outils \u00e0 main de la mani\u00e8re traditionnelle balinaise. Molten Glass on Wood offre un cadre unique pour les pierres et les plantes a\u00e9riennes, les fleurs coup\u00e9es, un aquarium ou une carafe \u00e0 vin.&nbsp;<\/p>\n<p>Votre client va adorer. Il peut \u00eatre utilis\u00e9 pour les plantes d&rsquo;int\u00e9rieur, les jardins zen, les aquariums ou les bougies flottantes. * Respectueux de l&rsquo;environnement, fabriqu\u00e9 \u00e0 la main \u00e0 partir de verre 100% recycl\u00e9 ** Fabriqu\u00e9 \u00e0 partir de racine de bois de Gamal et de verre souffl\u00e9 \u00e0 la main ** Fabriqu\u00e9 \u00e0 la main par des artisans soufflants de verre qualifi\u00e9s * Veuillez noter : en raison de la nature artisanale de ce produit, il peut y avoir de petites imperfections dans le verre telles que de petites bulles, de l\u00e9g\u00e8res rayures. Les tailles et les designs peuvent varier l\u00e9g\u00e8rement.&nbsp;<\/p>\n<p>Commandez maintenant et offrez \u00e0 vos clients cette \u0153uvre d&rsquo;art et augmentez vos ventes.<\/p>\n","protected":false},"excerpt":{"rendered":"<p>Le verre fondu en gros sur bois est probablement la plus grande chose de Bali depuis des ann\u00e9es. Tout ce qui est li\u00e9 aux plantes d&rsquo;int\u00e9rieur et naturel est une tendance majeure, et ce produit beau et naturel est juste sur le bouton. Fabriqu\u00e9e \u00e0 la main \u00e0 Bali \u00e0 partir de verre recycl\u00e9 et [&hellip;]<\/p>\n","protected":false},"featured_media":372137,"comment_status":"closed","ping_status":"open","template":"","meta":{"_angie_page":false},"product_brand":[],"product_cat":[17574,14446],"product_tag":[],"class_list":{"0":"post-228280","1":"product","2":"type-product","3":"status-publish","4":"has-post-thumbnail","6":"product_cat-decoration-du-verre","7":"product_cat-maison-et-jardin","8":"pa_collection-molten-glass-on-wood-fr","9":"pa_made-in-indonesie","11":"first","12":"instock","13":"purchasable","14":"product-type-simple"},"supplier_id":null,"supplier_sku":"MGW-23","barcode":null,"atum_controlled":true,"out_stock_date":null,"out_stock_threshold":null,"inheritable":false,"inbound_stock":null,"stock_on_hold":0,"sold_today":0,"sales_last_days":0,"reserved_stock":null,"customer_returns":null,"warehouse_damage":null,"lost_in_post":null,"other_logs":null,"out_stock_days":0,"lost_sales":0,"has_location":null,"update_date":"2026-05-08T05:13:10","atum_locations":[],"atum_stock_status":"instock","restock_status":false,"low_stock_amount":"","sales_update_date":"2025-09-05T00:29:27","calc_backorders":null,"_links":{"self":[{"href":"https:\/\/aromasentia.com\/fr\/wp-json\/wp\/v2\/product\/228280","targetHints":{"allow":["GET"]}}],"collection":[{"href":"https:\/\/aromasentia.com\/fr\/wp-json\/wp\/v2\/product"}],"about":[{"href":"https:\/\/aromasentia.com\/fr\/wp-json\/wp\/v2\/types\/product"}],"replies":[{"embeddable":true,"href":"https:\/\/aromasentia.com\/fr\/wp-json\/wp\/v2\/comments?post=228280"}],"version-history":[{"count":0,"href":"https:\/\/aromasentia.com\/fr\/wp-json\/wp\/v2\/product\/228280\/revisions"}],"wp:featuredmedia":[{"embeddable":true,"href":"https:\/\/aromasentia.com\/fr\/wp-json\/wp\/v2\/media\/372137"}],"wp:attachment":[{"href":"https:\/\/aromasentia.com\/fr\/wp-json\/wp\/v2\/media?parent=228280"}],"wp:term":[{"taxonomy":"product_brand","embeddable":true,"href":"https:\/\/aromasentia.com\/fr\/wp-json\/wp\/v2\/product_brand?post=228280"},{"taxonomy":"product_cat","embeddable":true,"href":"https:\/\/aromasentia.com\/fr\/wp-json\/wp\/v2\/product_cat?post=228280"},{"taxonomy":"product_tag","embeddable":true,"href":"https:\/\/aromasentia.com\/fr\/wp-json\/wp\/v2\/product_tag?post=228280"}],"curies":[{"name":"wp","href":"https:\/\/api.w.org\/{rel}","templated":true}]}}