{"id":228264,"date":"2025-03-22T16:05:35","date_gmt":"2025-03-22T16:05:35","guid":{"rendered":"https:\/\/aromasentia.com\/product\/1x-molten-glass-tank-on-wood-with-stand-large-bowl\/"},"modified":"2025-06-23T18:43:07","modified_gmt":"2025-06-23T18:43:07","slug":"verre-sur-bois-avec-support-grand-bol-2","status":"publish","type":"product","link":"https:\/\/aromasentia.com\/fr\/verre-sur-bois-avec-support-grand-bol-2\/","title":{"rendered":"Verre sur Bois avec Support &#8211; Grand Bol"},"content":{"rendered":"<p><strong><span style=\"color: rgb(75, 80, 88);\">Grand bol fait \u00e0 la main en verre fondu sur bois<\/span><\/strong>.&nbsp;<\/p>\n<p>Probablement la plus grande chose hors de Bali depuis des ann\u00e9es, en Hollande c&rsquo;est d\u00e9j\u00e0 une tendance massive.&nbsp;<\/p>\n<p>Tout ce qui est li\u00e9 aux plantes d&rsquo;int\u00e9rieur et naturel est une tendance majeure, et ce produit beau et naturel est juste sur le bouton. Ils sont fabriqu\u00e9s \u00e0 la main \u00e0 Bali \u00e0 partir de verre recycl\u00e9 et de bois Gamal balinais.&nbsp;<\/p>\n<p>Ce superbe vase en verre d&rsquo;art en fusion r\u00e9unit le meilleur de deux mondes : naturel et artificiel ; terreux et chic; pratique et spirituel. Faites entrer la nature \u00e0 l&rsquo;int\u00e9rieur avec ces \u0153uvres d&rsquo;art naturelles absolument magnifiques (et abordables), que vos clients voudront vraiment poss\u00e9der. Faites une belle pr\u00e9sentation naturelle et augmentez vos ventes. Commandez d\u00e8s aujourd&rsquo;hui.&nbsp;<\/p>\n<p>Taille du bol : H : 7,5 cm D : 14 cm&nbsp;<\/p>\n<p>Sur le support en bois : H : 12 cm&nbsp;<\/p>\n<p>Veuillez noter : qu&rsquo;en raison de la nature artisanale de ce produit, il peut y avoir de petites imperfections dans le verre telles que de petites bulles, de l\u00e9g\u00e8res rayures.&nbsp;<\/p>\n<p><strong><span style=\"color: rgb(141, 186, 216);\">Les tailles et les designs peuvent varier l\u00e9g\u00e8rement.<\/span><\/strong><\/p>\n","protected":false},"excerpt":{"rendered":"<p>Grand bol fait \u00e0 la main en verre fondu sur bois.&nbsp; Probablement la plus grande chose hors de Bali depuis des ann\u00e9es, en Hollande c&rsquo;est d\u00e9j\u00e0 une tendance massive.&nbsp; Tout ce qui est li\u00e9 aux plantes d&rsquo;int\u00e9rieur et naturel est une tendance majeure, et ce produit beau et naturel est juste sur le bouton. Ils [&hellip;]<\/p>\n","protected":false},"featured_media":371957,"comment_status":"closed","ping_status":"open","template":"","meta":{"_angie_page":false},"product_brand":[],"product_cat":[17574,14446],"product_tag":[],"class_list":{"0":"post-228264","1":"product","2":"type-product","3":"status-publish","4":"has-post-thumbnail","6":"product_cat-decoration-du-verre","7":"product_cat-maison-et-jardin","8":"pa_collection-molten-glass-on-wood-fr","9":"pa_made-in-indonesie","11":"first","12":"instock","13":"purchasable","14":"product-type-simple"},"supplier_id":null,"supplier_sku":"MGW-21","barcode":null,"atum_controlled":true,"out_stock_date":null,"out_stock_threshold":null,"inheritable":false,"inbound_stock":null,"stock_on_hold":0,"sold_today":0,"sales_last_days":0,"reserved_stock":null,"customer_returns":null,"warehouse_damage":null,"lost_in_post":null,"other_logs":null,"out_stock_days":0,"lost_sales":0,"has_location":null,"update_date":"2026-05-08T05:13:10","atum_locations":[],"atum_stock_status":"instock","restock_status":false,"low_stock_amount":"","sales_update_date":"2025-09-05T00:29:27","calc_backorders":null,"_links":{"self":[{"href":"https:\/\/aromasentia.com\/fr\/wp-json\/wp\/v2\/product\/228264","targetHints":{"allow":["GET"]}}],"collection":[{"href":"https:\/\/aromasentia.com\/fr\/wp-json\/wp\/v2\/product"}],"about":[{"href":"https:\/\/aromasentia.com\/fr\/wp-json\/wp\/v2\/types\/product"}],"replies":[{"embeddable":true,"href":"https:\/\/aromasentia.com\/fr\/wp-json\/wp\/v2\/comments?post=228264"}],"version-history":[{"count":0,"href":"https:\/\/aromasentia.com\/fr\/wp-json\/wp\/v2\/product\/228264\/revisions"}],"wp:featuredmedia":[{"embeddable":true,"href":"https:\/\/aromasentia.com\/fr\/wp-json\/wp\/v2\/media\/371957"}],"wp:attachment":[{"href":"https:\/\/aromasentia.com\/fr\/wp-json\/wp\/v2\/media?parent=228264"}],"wp:term":[{"taxonomy":"product_brand","embeddable":true,"href":"https:\/\/aromasentia.com\/fr\/wp-json\/wp\/v2\/product_brand?post=228264"},{"taxonomy":"product_cat","embeddable":true,"href":"https:\/\/aromasentia.com\/fr\/wp-json\/wp\/v2\/product_cat?post=228264"},{"taxonomy":"product_tag","embeddable":true,"href":"https:\/\/aromasentia.com\/fr\/wp-json\/wp\/v2\/product_tag?post=228264"}],"curies":[{"name":"wp","href":"https:\/\/api.w.org\/{rel}","templated":true}]}}