{"id":228224,"date":"2025-03-22T16:05:46","date_gmt":"2025-03-22T16:05:46","guid":{"rendered":"https:\/\/aromasentia.com\/product\/set-4-pampus-long-broom-natural-colours\/"},"modified":"2025-06-23T18:43:00","modified_gmt":"2025-06-23T18:43:00","slug":"pack-de-4-balais-longs-feuilles-de-pampa-couleurs-naturelles","status":"publish","type":"product","link":"https:\/\/aromasentia.com\/fr\/pack-de-4-balais-longs-feuilles-de-pampa-couleurs-naturelles\/","title":{"rendered":"Pack de  4 &#8211; Balais longs Feuilles de Pampa &#8211; Couleurs naturelles"},"content":{"rendered":"<p>Rehaussez votre d\u00e9coration int\u00e9rieure avec ces superbes et rustiques balais longs de la pampa, fabriqu\u00e9s \u00e0 partir de mat\u00e9riaux respectueux de l&rsquo;environnement.&nbsp;<\/p>\n<p>Ces balais tendance seront certainement un succ\u00e8s dans votre magasin. Rehaussez le charme de votre salon ou de votre couloir en ornant vos murs de ces pi\u00e8ces uniques.&nbsp;<\/p>\n<p>Veuillez noter qu&rsquo;en raison de l&rsquo;utilisation de mat\u00e9riaux naturels, les manches et les poils des balais peuvent pr\u00e9senter de l\u00e9g\u00e8res variations par rapport \u00e0 l&rsquo;image. Ne manquez pas ces fantastiques objets de d\u00e9coration int\u00e9rieure.&nbsp;<\/p>\n<p><strong><span style=\"color: rgb(141, 186, 216);\">Commandez d\u00e8s maintenant pour les stocker dans votre magasin. <\/span><\/strong><\/p>\n<p><strong><span style=\"color: rgb(75, 80, 88);\">Dimensions approximatives : <\/span><\/strong>Taille : 55 x 14 cm&nbsp;<\/p>\n<p><strong><em><span style=\"color: rgb(75, 80, 88);\">En raison de la production manuelle et de l&rsquo;utilisation de mat\u00e9riaux naturels, les dimensions peuvent varier.<\/span><\/em><\/strong><\/p>\n","protected":false},"excerpt":{"rendered":"<p>Rehaussez votre d\u00e9coration int\u00e9rieure avec ces superbes et rustiques balais longs de la pampa, fabriqu\u00e9s \u00e0 partir de mat\u00e9riaux respectueux de l&rsquo;environnement.&nbsp; Ces balais tendance seront certainement un succ\u00e8s dans votre magasin. Rehaussez le charme de votre salon ou de votre couloir en ornant vos murs de ces pi\u00e8ces uniques.&nbsp; Veuillez noter qu&rsquo;en raison de [&hellip;]<\/p>\n","protected":false},"featured_media":374774,"comment_status":"closed","ping_status":"open","template":"","meta":{"_angie_page":false},"product_brand":[],"product_cat":[16892,14446],"product_tag":[],"class_list":{"0":"post-228224","1":"product","2":"type-product","3":"status-publish","4":"has-post-thumbnail","6":"product_cat-decoration","7":"product_cat-maison-et-jardin","8":"pa_collection-natural-pampus-broom-fr","9":"pa_made-in-indonesie","11":"first","12":"instock","13":"purchasable","14":"product-type-simple"},"supplier_id":null,"supplier_sku":"NPB-02","barcode":null,"atum_controlled":true,"out_stock_date":null,"out_stock_threshold":null,"inheritable":false,"inbound_stock":null,"stock_on_hold":0,"sold_today":0,"sales_last_days":0,"reserved_stock":null,"customer_returns":null,"warehouse_damage":null,"lost_in_post":null,"other_logs":null,"out_stock_days":0,"lost_sales":0,"has_location":null,"update_date":"2026-04-27T07:15:31","atum_locations":[],"atum_stock_status":"instock","restock_status":false,"low_stock_amount":"","sales_update_date":"2026-01-30T01:24:30","calc_backorders":null,"_links":{"self":[{"href":"https:\/\/aromasentia.com\/fr\/wp-json\/wp\/v2\/product\/228224","targetHints":{"allow":["GET"]}}],"collection":[{"href":"https:\/\/aromasentia.com\/fr\/wp-json\/wp\/v2\/product"}],"about":[{"href":"https:\/\/aromasentia.com\/fr\/wp-json\/wp\/v2\/types\/product"}],"replies":[{"embeddable":true,"href":"https:\/\/aromasentia.com\/fr\/wp-json\/wp\/v2\/comments?post=228224"}],"version-history":[{"count":0,"href":"https:\/\/aromasentia.com\/fr\/wp-json\/wp\/v2\/product\/228224\/revisions"}],"wp:featuredmedia":[{"embeddable":true,"href":"https:\/\/aromasentia.com\/fr\/wp-json\/wp\/v2\/media\/374774"}],"wp:attachment":[{"href":"https:\/\/aromasentia.com\/fr\/wp-json\/wp\/v2\/media?parent=228224"}],"wp:term":[{"taxonomy":"product_brand","embeddable":true,"href":"https:\/\/aromasentia.com\/fr\/wp-json\/wp\/v2\/product_brand?post=228224"},{"taxonomy":"product_cat","embeddable":true,"href":"https:\/\/aromasentia.com\/fr\/wp-json\/wp\/v2\/product_cat?post=228224"},{"taxonomy":"product_tag","embeddable":true,"href":"https:\/\/aromasentia.com\/fr\/wp-json\/wp\/v2\/product_tag?post=228224"}],"curies":[{"name":"wp","href":"https:\/\/api.w.org\/{rel}","templated":true}]}}