{"id":228220,"date":"2025-03-22T16:05:46","date_gmt":"2025-03-22T16:05:46","guid":{"rendered":"https:\/\/aromasentia.com\/product\/set-4-pampas-broom-rainbow-colours\/"},"modified":"2025-06-23T18:43:00","modified_gmt":"2025-06-23T18:43:00","slug":"pack-de-4-balais-feuilles-de-pampa-arc-en-ciel","status":"publish","type":"product","link":"https:\/\/aromasentia.com\/fr\/pack-de-4-balais-feuilles-de-pampa-arc-en-ciel\/","title":{"rendered":"Pack de 4 &#8211; Balais Feuilles de Pampa &#8211; Arc en Ciel"},"content":{"rendered":"<p><strong><span style=\"color: rgb(75, 80, 88);\">Ces beaux balais Feuilles de Pampa aux couleurs Arc-en ciel&nbsp;<\/span><\/strong>en gros sont parfaits comme pi\u00e8ces d\u00e9coratives suspendues dans votre maison. Vous pouvez am\u00e9liorer le design rustique en l&rsquo;accrochant au mur du salon ou des couloirs. Les mat\u00e9riaux \u00e9cologiques sont tr\u00e8s tendance, en particulier les produits fabriqu\u00e9s \u00e0 partir d&rsquo;herbe de pampa exotique sont \u00e0 la mode et faciles \u00e0 vendre.&nbsp;<\/p>\n<p><strong><span style=\"color: rgb(75, 80, 88);\">VEUILLEZ NOTER : En raison des mat\u00e9riaux naturels, le manche ou les poils du balai peuvent \u00eatre plus longs ou plus courts que sur l&rsquo;image.&nbsp;<\/span><\/strong><\/p>\n<p><strong><span style=\"color: rgb(141, 186, 216);\">Commandez maintenant et vendez cette incroyable d\u00e9coration d&rsquo;int\u00e9rieur.<\/span><\/strong><\/p>\n","protected":false},"excerpt":{"rendered":"<p>Ces beaux balais Feuilles de Pampa aux couleurs Arc-en ciel&nbsp;en gros sont parfaits comme pi\u00e8ces d\u00e9coratives suspendues dans votre maison. Vous pouvez am\u00e9liorer le design rustique en l&rsquo;accrochant au mur du salon ou des couloirs. Les mat\u00e9riaux \u00e9cologiques sont tr\u00e8s tendance, en particulier les produits fabriqu\u00e9s \u00e0 partir d&rsquo;herbe de pampa exotique sont \u00e0 la [&hellip;]<\/p>\n","protected":false},"featured_media":374741,"comment_status":"closed","ping_status":"open","template":"","meta":{"_angie_page":false},"product_brand":[],"product_cat":[16892,14446],"product_tag":[],"class_list":{"0":"post-228220","1":"product","2":"type-product","3":"status-publish","4":"has-post-thumbnail","6":"product_cat-decoration","7":"product_cat-maison-et-jardin","8":"pa_collection-natural-pampus-broom-fr","9":"pa_made-in-indonesie","11":"first","12":"instock","13":"purchasable","14":"product-type-simple"},"supplier_id":null,"supplier_sku":"NPB-06","barcode":null,"atum_controlled":true,"out_stock_date":null,"out_stock_threshold":null,"inheritable":false,"inbound_stock":null,"stock_on_hold":0,"sold_today":0,"sales_last_days":0,"reserved_stock":null,"customer_returns":null,"warehouse_damage":null,"lost_in_post":null,"other_logs":null,"out_stock_days":0,"lost_sales":0,"has_location":null,"update_date":"2026-04-27T07:15:32","atum_locations":[],"atum_stock_status":"instock","restock_status":false,"low_stock_amount":"","sales_update_date":"2026-01-30T01:26:35","calc_backorders":null,"_links":{"self":[{"href":"https:\/\/aromasentia.com\/fr\/wp-json\/wp\/v2\/product\/228220","targetHints":{"allow":["GET"]}}],"collection":[{"href":"https:\/\/aromasentia.com\/fr\/wp-json\/wp\/v2\/product"}],"about":[{"href":"https:\/\/aromasentia.com\/fr\/wp-json\/wp\/v2\/types\/product"}],"replies":[{"embeddable":true,"href":"https:\/\/aromasentia.com\/fr\/wp-json\/wp\/v2\/comments?post=228220"}],"version-history":[{"count":0,"href":"https:\/\/aromasentia.com\/fr\/wp-json\/wp\/v2\/product\/228220\/revisions"}],"wp:featuredmedia":[{"embeddable":true,"href":"https:\/\/aromasentia.com\/fr\/wp-json\/wp\/v2\/media\/374741"}],"wp:attachment":[{"href":"https:\/\/aromasentia.com\/fr\/wp-json\/wp\/v2\/media?parent=228220"}],"wp:term":[{"taxonomy":"product_brand","embeddable":true,"href":"https:\/\/aromasentia.com\/fr\/wp-json\/wp\/v2\/product_brand?post=228220"},{"taxonomy":"product_cat","embeddable":true,"href":"https:\/\/aromasentia.com\/fr\/wp-json\/wp\/v2\/product_cat?post=228220"},{"taxonomy":"product_tag","embeddable":true,"href":"https:\/\/aromasentia.com\/fr\/wp-json\/wp\/v2\/product_tag?post=228220"}],"curies":[{"name":"wp","href":"https:\/\/api.w.org\/{rel}","templated":true}]}}