{"id":228136,"date":"2025-03-22T16:05:46","date_gmt":"2025-03-22T16:05:46","guid":{"rendered":"https:\/\/aromasentia.com\/product\/small-natural-banana-leaf-lamp-shade-h25xd20cm\/"},"modified":"2025-06-23T18:42:48","modified_gmt":"2025-06-23T18:42:48","slug":"small-natural-banana-leaf-lamp-shade-h25xd20cm","status":"publish","type":"product","link":"https:\/\/aromasentia.com\/fr\/small-natural-banana-leaf-lamp-shade-h25xd20cm\/","title":{"rendered":"Small Natural Banana Leaf Lamp Shade &#8211; H:25xD:20cm"},"content":{"rendered":"<p>Ajoutez une touche de charme compact et naturel avec ce petit abat-jour en feuille de bananier naturel. Mesurant H:25cm x P:20cm, cet abat-jour magnifiquement tiss\u00e9 \u00e0 la main est fabriqu\u00e9 \u00e0 partir de feuilles de bananier naturelles, parfait pour les petites lampes. Il diffuse la lumi\u00e8re de mani\u00e8re chaleureuse, cr\u00e9ant une atmosph\u00e8re confortable tout en mettant en valeur la texture organique et l&rsquo;\u00e9l\u00e9gance rustique du mat\u00e9riau. Une pi\u00e8ce d&rsquo;accent artisanale et \u00e9cologique qui apporte une touche de s\u00e9r\u00e9nit\u00e9 tropicale et de beaut\u00e9 naturelle \u00e0 tout petit espace ou coin lecture.<\/p>\n","protected":false},"excerpt":{"rendered":"<p>Ajoutez une touche de charme compact et naturel avec ce petit abat-jour en feuille de bananier naturel. Mesurant H:25cm x P:20cm, cet abat-jour magnifiquement tiss\u00e9 \u00e0 la main est fabriqu\u00e9 \u00e0 partir de feuilles de bananier naturelles, parfait pour les petites lampes. Il diffuse la lumi\u00e8re de mani\u00e8re chaleureuse, cr\u00e9ant une atmosph\u00e8re confortable tout en [&hellip;]<\/p>\n","protected":false},"featured_media":374224,"comment_status":"closed","ping_status":"open","template":"","meta":[],"product_brand":[],"product_cat":[17242,14446],"product_tag":[],"class_list":{"0":"post-228136","1":"product","2":"type-product","3":"status-publish","4":"has-post-thumbnail","6":"product_cat-lampes-et-lanternes","7":"product_cat-maison-et-jardin","8":"pa_collection-natural-banana-leaf-hitam-raffia-lamp-shades-fr","9":"pa_made-in-indonesie","11":"first","12":"outofstock","13":"purchasable","14":"product-type-simple"},"supplier_id":null,"supplier_sku":"NLAS-01S","barcode":null,"atum_controlled":true,"out_stock_date":"2025-10-09 12:14:32","out_stock_threshold":null,"inheritable":false,"inbound_stock":null,"stock_on_hold":0,"sold_today":0,"sales_last_days":0,"reserved_stock":null,"customer_returns":null,"warehouse_damage":null,"lost_in_post":null,"other_logs":null,"out_stock_days":112,"lost_sales":0,"has_location":null,"update_date":"2026-01-30T01:25:06","atum_locations":[],"atum_stock_status":"outofstock","restock_status":false,"low_stock_amount":"","sales_update_date":"2026-01-30T01:25:06","calc_backorders":null,"_links":{"self":[{"href":"https:\/\/aromasentia.com\/fr\/wp-json\/wp\/v2\/product\/228136","targetHints":{"allow":["GET"]}}],"collection":[{"href":"https:\/\/aromasentia.com\/fr\/wp-json\/wp\/v2\/product"}],"about":[{"href":"https:\/\/aromasentia.com\/fr\/wp-json\/wp\/v2\/types\/product"}],"replies":[{"embeddable":true,"href":"https:\/\/aromasentia.com\/fr\/wp-json\/wp\/v2\/comments?post=228136"}],"version-history":[{"count":0,"href":"https:\/\/aromasentia.com\/fr\/wp-json\/wp\/v2\/product\/228136\/revisions"}],"wp:featuredmedia":[{"embeddable":true,"href":"https:\/\/aromasentia.com\/fr\/wp-json\/wp\/v2\/media\/374224"}],"wp:attachment":[{"href":"https:\/\/aromasentia.com\/fr\/wp-json\/wp\/v2\/media?parent=228136"}],"wp:term":[{"taxonomy":"product_brand","embeddable":true,"href":"https:\/\/aromasentia.com\/fr\/wp-json\/wp\/v2\/product_brand?post=228136"},{"taxonomy":"product_cat","embeddable":true,"href":"https:\/\/aromasentia.com\/fr\/wp-json\/wp\/v2\/product_cat?post=228136"},{"taxonomy":"product_tag","embeddable":true,"href":"https:\/\/aromasentia.com\/fr\/wp-json\/wp\/v2\/product_tag?post=228136"}],"curies":[{"name":"wp","href":"https:\/\/api.w.org\/{rel}","templated":true}]}}