{"id":228128,"date":"2025-03-22T16:05:46","date_gmt":"2025-03-22T16:05:46","guid":{"rendered":"https:\/\/aromasentia.com\/product\/natural-banana-leaf-hitam-raffia-lamp-shades-set-of-3\/"},"modified":"2025-06-23T18:42:47","modified_gmt":"2025-06-23T18:42:47","slug":"abat-jour-en-feuille-de-bananier-naturel-et-raphia-hitam-lot-de-3","status":"publish","type":"product","link":"https:\/\/aromasentia.com\/fr\/abat-jour-en-feuille-de-bananier-naturel-et-raphia-hitam-lot-de-3\/","title":{"rendered":"Abat-jour en feuille de bananier naturel et raphia Hitam &#8211; Lot de 3"},"content":{"rendered":"<p><strong><span style=\"color: rgb(75, 80, 88);\">Ensemble de trois abat-jour en feuille de bananier faits \u00e0 la main avec des mat\u00e9riaux durables en Indon\u00e9sie. <\/span><\/strong><\/p>\n<p>La banane a de nombreuses utilisations, la tige est utile et contient des fibres qui, si extraites, peuvent \u00eatre utilis\u00e9es pour fabriquer diff\u00e9rents produits tels que des paniers, des nattes ou des abat-jour. La fibre est comme une corde et peut \u00eatre tiss\u00e9e, fa&ccedil;onn\u00e9e ou enroul\u00e9e.&nbsp;<\/p>\n<p>Les abat-jours Ancient Wisdom peuvent \u00eatre utilis\u00e9s avec des lampes et des plafonniers. Il ajoutera de la texture et de l&rsquo;int\u00e9r\u00eat au d\u00e9cor int\u00e9rieur de votre client.&nbsp;<\/p>\n<p>Faites entrer la nature \u00e0 l&rsquo;int\u00e9rieur avec ces \u0153uvres d&rsquo;art naturelles absolument magnifiques (et abordables), que vos clients voudront vraiment poss\u00e9der. Vous aimerez peut-\u00eatre aussi Lampe Noix de Coco Naturelle&nbsp;<\/p>\n<p>Veuillez noter que ce produit est fabriqu\u00e9 \u00e0 partir de mat\u00e9riaux naturels, de sorte que la couleur et la finition exactes varient. Remarque : l&rsquo;ampoule et le raccord ne sont pas inclus&nbsp;<\/p>\n<p><strong><span style=\"color: rgb(141, 186, 216);\">\u00e9clairez naturellement vos ventes aujourd&rsquo;hui. Faites le plein maintenant.<\/span><\/strong><\/p>\n","protected":false},"excerpt":{"rendered":"<p>Ensemble de trois abat-jour en feuille de bananier faits \u00e0 la main avec des mat\u00e9riaux durables en Indon\u00e9sie. La banane a de nombreuses utilisations, la tige est utile et contient des fibres qui, si extraites, peuvent \u00eatre utilis\u00e9es pour fabriquer diff\u00e9rents produits tels que des paniers, des nattes ou des abat-jour. La fibre est comme [&hellip;]<\/p>\n","protected":false},"featured_media":374198,"comment_status":"closed","ping_status":"open","template":"","meta":{"_angie_page":false},"product_brand":[],"product_cat":[17242,14446],"product_tag":[],"class_list":{"0":"post-228128","1":"product","2":"type-product","3":"status-publish","4":"has-post-thumbnail","6":"product_cat-lampes-et-lanternes","7":"product_cat-maison-et-jardin","8":"pa_collection-natural-banana-leaf-hitam-raffia-lamp-shades-fr","9":"pa_made-in-indonesie","11":"first","12":"instock","13":"purchasable","14":"product-type-simple"},"supplier_id":null,"supplier_sku":"NLAS-02","barcode":null,"atum_controlled":true,"out_stock_date":null,"out_stock_threshold":null,"inheritable":false,"inbound_stock":null,"stock_on_hold":0,"sold_today":0,"sales_last_days":0,"reserved_stock":null,"customer_returns":null,"warehouse_damage":null,"lost_in_post":null,"other_logs":null,"out_stock_days":0,"lost_sales":0,"has_location":null,"update_date":"2026-04-30T01:02:25","atum_locations":[],"atum_stock_status":"instock","restock_status":false,"low_stock_amount":"","sales_update_date":"2025-09-04T00:29:08","calc_backorders":null,"_links":{"self":[{"href":"https:\/\/aromasentia.com\/fr\/wp-json\/wp\/v2\/product\/228128","targetHints":{"allow":["GET"]}}],"collection":[{"href":"https:\/\/aromasentia.com\/fr\/wp-json\/wp\/v2\/product"}],"about":[{"href":"https:\/\/aromasentia.com\/fr\/wp-json\/wp\/v2\/types\/product"}],"replies":[{"embeddable":true,"href":"https:\/\/aromasentia.com\/fr\/wp-json\/wp\/v2\/comments?post=228128"}],"version-history":[{"count":0,"href":"https:\/\/aromasentia.com\/fr\/wp-json\/wp\/v2\/product\/228128\/revisions"}],"wp:featuredmedia":[{"embeddable":true,"href":"https:\/\/aromasentia.com\/fr\/wp-json\/wp\/v2\/media\/374198"}],"wp:attachment":[{"href":"https:\/\/aromasentia.com\/fr\/wp-json\/wp\/v2\/media?parent=228128"}],"wp:term":[{"taxonomy":"product_brand","embeddable":true,"href":"https:\/\/aromasentia.com\/fr\/wp-json\/wp\/v2\/product_brand?post=228128"},{"taxonomy":"product_cat","embeddable":true,"href":"https:\/\/aromasentia.com\/fr\/wp-json\/wp\/v2\/product_cat?post=228128"},{"taxonomy":"product_tag","embeddable":true,"href":"https:\/\/aromasentia.com\/fr\/wp-json\/wp\/v2\/product_tag?post=228128"}],"curies":[{"name":"wp","href":"https:\/\/api.w.org\/{rel}","templated":true}]}}