{"id":228104,"date":"2025-03-22T16:05:46","date_gmt":"2025-03-22T16:05:46","guid":{"rendered":"https:\/\/aromasentia.com\/product\/natural-coconut-lamp-whitewash-wrapover\/"},"modified":"2025-06-23T18:42:44","modified_gmt":"2025-06-23T18:42:44","slug":"lampe-naturelle-en-noix-de-coco-enveloppe-blanchie","status":"publish","type":"product","link":"https:\/\/aromasentia.com\/fr\/lampe-naturelle-en-noix-de-coco-enveloppe-blanchie\/","title":{"rendered":"Lampe Naturelle en Noix de Coco &#8211; Enveloppe Blanchie"},"content":{"rendered":"<p><strong><span style=\"color: rgb(75, 80, 88);\">Cette Lampe Naturelle en Noix de Coco &#8211; Enveloppe Blanchie<\/span><\/strong> est aussi naturelle que possible.&nbsp;<\/p>\n<p>Fabriqu\u00e9e par une entreprise familiale \u00e0 Bali \u00e0 partir d&rsquo;une v\u00e9ritable feuille de noix de coco, un type sp\u00e9cial qui peut \u00eatre r\u00e9form\u00e9e et pli\u00e9e en formes lorsqu&rsquo;elle est chauff\u00e9e.<\/p>\n<p>L&rsquo;abat-jour est fabriqu\u00e9 \u00e0 partir d&rsquo;une forme de boule de coton. Ainsi, chaque pi\u00e8ce est issue de la nature et donc unique &#8211; les formes varient toutes l\u00e9g\u00e8rement. Vos clients adoreront choisir celle qu&rsquo;ils pr\u00e9f\u00e8rent. Simple, naturelle et abordable.<\/p>\n<p><strong>Elles sont livr\u00e9es avec une prise europ\u00e9enne et une ampoule.<\/strong><\/p>\n<p><strong><span style=\"color: rgb(141, 186, 216);\">Alors allumez naturellement vos ventes aujourd&rsquo;hui. Faites le plein maintenant.<\/span><\/strong><\/p>\n<p><em>Dimensions : 22x30x15 cm<\/em><\/p>\n<p><\/p>\n","protected":false},"excerpt":{"rendered":"<p>Cette Lampe Naturelle en Noix de Coco &#8211; Enveloppe Blanchie est aussi naturelle que possible.&nbsp; Fabriqu\u00e9e par une entreprise familiale \u00e0 Bali \u00e0 partir d&rsquo;une v\u00e9ritable feuille de noix de coco, un type sp\u00e9cial qui peut \u00eatre r\u00e9form\u00e9e et pli\u00e9e en formes lorsqu&rsquo;elle est chauff\u00e9e. L&rsquo;abat-jour est fabriqu\u00e9 \u00e0 partir d&rsquo;une forme de boule de [&hellip;]<\/p>\n","protected":false},"featured_media":374000,"comment_status":"closed","ping_status":"open","template":"","meta":{"_angie_page":false},"product_brand":[],"product_cat":[17242,14446],"product_tag":[],"class_list":{"0":"post-228104","1":"product","2":"type-product","3":"status-publish","4":"has-post-thumbnail","6":"product_cat-lampes-et-lanternes","7":"product_cat-maison-et-jardin","8":"pa_collection-natural-coconut-leaf-lamps-fr","9":"pa_made-in-indonesie","11":"first","12":"instock","13":"purchasable","14":"product-type-simple"},"supplier_id":null,"supplier_sku":"NCL-03","barcode":null,"atum_controlled":true,"out_stock_date":null,"out_stock_threshold":null,"inheritable":false,"inbound_stock":null,"stock_on_hold":0,"sold_today":0,"sales_last_days":0,"reserved_stock":null,"customer_returns":null,"warehouse_damage":null,"lost_in_post":null,"other_logs":null,"out_stock_days":0,"lost_sales":0,"has_location":null,"update_date":"2026-04-27T07:14:58","atum_locations":[],"atum_stock_status":"instock","restock_status":false,"low_stock_amount":"","sales_update_date":"2025-09-04T00:29:07","calc_backorders":null,"_links":{"self":[{"href":"https:\/\/aromasentia.com\/fr\/wp-json\/wp\/v2\/product\/228104","targetHints":{"allow":["GET"]}}],"collection":[{"href":"https:\/\/aromasentia.com\/fr\/wp-json\/wp\/v2\/product"}],"about":[{"href":"https:\/\/aromasentia.com\/fr\/wp-json\/wp\/v2\/types\/product"}],"replies":[{"embeddable":true,"href":"https:\/\/aromasentia.com\/fr\/wp-json\/wp\/v2\/comments?post=228104"}],"version-history":[{"count":0,"href":"https:\/\/aromasentia.com\/fr\/wp-json\/wp\/v2\/product\/228104\/revisions"}],"wp:featuredmedia":[{"embeddable":true,"href":"https:\/\/aromasentia.com\/fr\/wp-json\/wp\/v2\/media\/374000"}],"wp:attachment":[{"href":"https:\/\/aromasentia.com\/fr\/wp-json\/wp\/v2\/media?parent=228104"}],"wp:term":[{"taxonomy":"product_brand","embeddable":true,"href":"https:\/\/aromasentia.com\/fr\/wp-json\/wp\/v2\/product_brand?post=228104"},{"taxonomy":"product_cat","embeddable":true,"href":"https:\/\/aromasentia.com\/fr\/wp-json\/wp\/v2\/product_cat?post=228104"},{"taxonomy":"product_tag","embeddable":true,"href":"https:\/\/aromasentia.com\/fr\/wp-json\/wp\/v2\/product_tag?post=228104"}],"curies":[{"name":"wp","href":"https:\/\/api.w.org\/{rel}","templated":true}]}}