{"id":228092,"date":"2025-03-22T16:05:46","date_gmt":"2025-03-22T16:05:46","guid":{"rendered":"https:\/\/aromasentia.com\/product\/banana-leaf-abu-abu-raffia-square-basket-set-of-3\/"},"modified":"2025-12-30T19:15:44","modified_gmt":"2025-12-30T19:15:44","slug":"panier-carre-en-feuille-de-bananier-et-raphia-abu-abu-ensemble-de-3","status":"publish","type":"product","link":"https:\/\/aromasentia.com\/fr\/panier-carre-en-feuille-de-bananier-et-raphia-abu-abu-ensemble-de-3\/","title":{"rendered":"Panier carr\u00e9 en feuille de bananier et raphia Abu-Abu &#8211; Ensemble de 3"},"content":{"rendered":"<h1>Panier Carr\u00e9 en Feuille de Bananier et Raphia Abu-Abu &ndash; Ensemble de 3 | Fait Main en Indon\u00e9sie<\/h1>\n<p>Apportez une touche d&rsquo;\u00e9l\u00e9gance naturelle \u00e0 votre collection avec cet ensemble de 3 paniers carr\u00e9s en feuille de bananier et raphia Abu-Abu, tiss\u00e9s \u00e0 la main en Indon\u00e9sie. Con&ccedil;us \u00e0 partir de fibres v\u00e9g\u00e9tales durables, ces paniers combinent style et praticit\u00e9 pour une solution de rangement chic et \u00e9co-responsable.<\/p>\n<p>Pourquoi choisir ces paniers carr\u00e9s en feuille de bananier et raphia Abu-Abu ?<\/p>\n<p>\u2705 Mat\u00e9riaux \u00e9cologiques et r\u00e9sistants : Feuille de bananier et raphia Abu-Abu, tiss\u00e9s pour garantir robustesse et long\u00e9vit\u00e9.<\/p>\n<p>\u2705 Fabrication artisanale : Chaque panier est unique gr\u00e2ce \u00e0 un savoir-faire traditionnel indon\u00e9sien.<\/p>\n<p>\u2705 Format carr\u00e9 pratique : Parfait pour organiser vos accessoires, linge, jouets, ou m\u00eame pour ajouter une touche d\u00e9co.<\/p>\n<p>\u2705 Style \u00e9l\u00e9gant et naturel : Design \u00e9pur\u00e9 et tendance qui s\u2019int\u00e8gre facilement dans divers styles de d\u00e9coration.<\/p>\n<p>\u2705 L\u00e9gers mais durables : Faciles \u00e0 d\u00e9placer tout en offrant une excellente r\u00e9sistance.<\/p>\n<p>Ces paniers en fibres naturelles sont un produit id\u00e9al pour les revendeurs, r\u00e9pondant \u00e0 la demande croissante d&rsquo;articles faits main et respectueux de l&rsquo;environnement.<\/p>\n<p>Parfait pour les concept stores, boutiques d\u00e9co et magasins d\u2019ameublement ! ?\u2728<\/p>\n<p>? <strong>Disponible en ensemble de 3 &ndash; Commandez d\u00e8s maintenant pour ajouter ces paniers \u00e9l\u00e9gants et multifonctionnels \u00e0 votre catalogue !<\/strong><\/p>\n<p><strong>Dimensions :&nbsp;<\/strong><\/p>\n<p>Large : L:25m D:18cm H:9cm Poids : 260g&nbsp;<\/p>\n<p>Moyen : L:22cm P:15cm H:7cm Poids : 213g&nbsp;<\/p>\n<p>Petit : L:19cm P:9cm H:6.5 cm Poids : 80g<\/p>\n","protected":false},"excerpt":{"rendered":"<p>Panier Carr\u00e9 en Feuille de Bananier et Raphia Abu-Abu &ndash; Ensemble de 3 | Fait Main en Indon\u00e9sie Apportez une touche d&rsquo;\u00e9l\u00e9gance naturelle \u00e0 votre collection avec cet ensemble de 3 paniers carr\u00e9s en feuille de bananier et raphia Abu-Abu, tiss\u00e9s \u00e0 la main en Indon\u00e9sie. Con&ccedil;us \u00e0 partir de fibres v\u00e9g\u00e9tales durables, ces paniers [&hellip;]<\/p>\n","protected":false},"featured_media":373861,"comment_status":"closed","ping_status":"open","template":"","meta":[],"product_brand":[],"product_cat":[14446,17311],"product_tag":[],"class_list":{"0":"post-228092","1":"product","2":"type-product","3":"status-publish","4":"has-post-thumbnail","6":"product_cat-maison-et-jardin","7":"product_cat-paniers","8":"pa_collection-banana-leaf-seagrass-square-basket-fr","9":"pa_made-in-indonesie","11":"first","12":"instock","13":"purchasable","14":"product-type-simple"},"supplier_id":null,"supplier_sku":"NBA-06","barcode":null,"atum_controlled":true,"out_stock_date":null,"out_stock_threshold":null,"inheritable":false,"inbound_stock":null,"stock_on_hold":0,"sold_today":0,"sales_last_days":0,"reserved_stock":null,"customer_returns":null,"warehouse_damage":null,"lost_in_post":null,"other_logs":null,"out_stock_days":0,"lost_sales":0,"has_location":null,"update_date":"2026-02-08T18:32:52","atum_locations":[],"atum_stock_status":"instock","restock_status":false,"low_stock_amount":"","sales_update_date":"2026-01-30T01:25:31","calc_backorders":null,"_links":{"self":[{"href":"https:\/\/aromasentia.com\/fr\/wp-json\/wp\/v2\/product\/228092","targetHints":{"allow":["GET"]}}],"collection":[{"href":"https:\/\/aromasentia.com\/fr\/wp-json\/wp\/v2\/product"}],"about":[{"href":"https:\/\/aromasentia.com\/fr\/wp-json\/wp\/v2\/types\/product"}],"replies":[{"embeddable":true,"href":"https:\/\/aromasentia.com\/fr\/wp-json\/wp\/v2\/comments?post=228092"}],"version-history":[{"count":0,"href":"https:\/\/aromasentia.com\/fr\/wp-json\/wp\/v2\/product\/228092\/revisions"}],"wp:featuredmedia":[{"embeddable":true,"href":"https:\/\/aromasentia.com\/fr\/wp-json\/wp\/v2\/media\/373861"}],"wp:attachment":[{"href":"https:\/\/aromasentia.com\/fr\/wp-json\/wp\/v2\/media?parent=228092"}],"wp:term":[{"taxonomy":"product_brand","embeddable":true,"href":"https:\/\/aromasentia.com\/fr\/wp-json\/wp\/v2\/product_brand?post=228092"},{"taxonomy":"product_cat","embeddable":true,"href":"https:\/\/aromasentia.com\/fr\/wp-json\/wp\/v2\/product_cat?post=228092"},{"taxonomy":"product_tag","embeddable":true,"href":"https:\/\/aromasentia.com\/fr\/wp-json\/wp\/v2\/product_tag?post=228092"}],"curies":[{"name":"wp","href":"https:\/\/api.w.org\/{rel}","templated":true}]}}