{"id":228088,"date":"2025-03-22T16:05:46","date_gmt":"2025-03-22T16:05:46","guid":{"rendered":"https:\/\/aromasentia.com\/product\/banana-leaf-hitam-raffia-square-basket-set-of-3\/"},"modified":"2025-12-30T19:15:44","modified_gmt":"2025-12-30T19:15:44","slug":"panier-carre-en-feuille-de-bananier-et-raphia-hitam-lot-de-3","status":"publish","type":"product","link":"https:\/\/aromasentia.com\/fr\/panier-carre-en-feuille-de-bananier-et-raphia-hitam-lot-de-3\/","title":{"rendered":"Panier carr\u00e9 en feuille de bananier et raphia Hitam &#8211; Lot de 3"},"content":{"rendered":"<h1>Panier Carr\u00e9 en Feuille de Bananier et Raphia Hitam &ndash; Lot de 3 | Fait Main en Indon\u00e9sie<\/h1>\n<p>Sublimez votre offre avec ce lot de 3 paniers carr\u00e9s en feuille de bananier et raphia Hitam, confectionn\u00e9s \u00e0 la main en Indon\u00e9sie. Leur design naturel et \u00e9pur\u00e9 allie mat\u00e9riaux \u00e9cologiques et artisanat traditionnel, offrant une solution de rangement aussi esth\u00e9tique que fonctionnelle. Pourquoi choisir ces paniers carr\u00e9s en feuille de bananier et raphia ?<\/p>\n<p>\u2705 Mat\u00e9riaux naturels et durables : Tiss\u00e9s en feuille de bananier et raphia pour une finition \u00e9l\u00e9gante et robuste.<\/p>\n<p>\u2705 Fabrication artisanale : Chaque pi\u00e8ce est unique gr\u00e2ce \u00e0 un savoir-faire traditionnel.<\/p>\n<p>\u2705 Format carr\u00e9 pratique : Id\u00e9al pour organiser accessoires, linge, jouets ou objets d\u00e9co.<\/p>\n<p>\u2705 Style boh\u00e8me et moderne : Parfait pour une d\u00e9coration naturelle et tendance.<\/p>\n<p>\u2705 L\u00e9gers et r\u00e9sistants : Faciles \u00e0 d\u00e9placer, tout en garantissant une excellente durabilit\u00e9. Ces paniers en fibres naturelles sont une opportunit\u00e9 incontournable pour les revendeurs, r\u00e9pondant \u00e0 la demande croissante pour des produits artisanaux et \u00e9co-responsables.<\/p>\n<p>Parfaits pour les concept stores, boutiques d\u00e9co et magasins d\u2019ameublement ! ?\u2728<\/p>\n<p><strong>? Disponible en lot de 3 &ndash; Commandez d\u00e8s maintenant pour enrichir votre catalogue avec ces paniers authentiques et polyvalents !<\/strong><\/p>\n<p><strong>Taille des paniers :&nbsp;<\/strong><\/p>\n<p>Large : L:25m D:18cm H:9cm Poids : 260g&nbsp;<\/p>\n<p>Moyen : L:22cm D:15cm H:7cm Poids : 213g&nbsp;<\/p>\n<p>Petit : L:19cm P:9cm H:6.5 cm Poids : 80g<\/p>\n","protected":false},"excerpt":{"rendered":"<p>Panier Carr\u00e9 en Feuille de Bananier et Raphia Hitam &ndash; Lot de 3 | Fait Main en Indon\u00e9sie Sublimez votre offre avec ce lot de 3 paniers carr\u00e9s en feuille de bananier et raphia Hitam, confectionn\u00e9s \u00e0 la main en Indon\u00e9sie. Leur design naturel et \u00e9pur\u00e9 allie mat\u00e9riaux \u00e9cologiques et artisanat traditionnel, offrant une solution [&hellip;]<\/p>\n","protected":false},"featured_media":373820,"comment_status":"closed","ping_status":"open","template":"","meta":{"_angie_page":false},"product_brand":[],"product_cat":[14446,17311],"product_tag":[],"class_list":{"0":"post-228088","1":"product","2":"type-product","3":"status-publish","4":"has-post-thumbnail","6":"product_cat-maison-et-jardin","7":"product_cat-paniers","8":"pa_collection-banana-leaf-seagrass-square-basket-fr","9":"pa_made-in-indonesie","11":"first","12":"instock","13":"purchasable","14":"product-type-simple"},"supplier_id":null,"supplier_sku":"NBA-05","barcode":null,"atum_controlled":true,"out_stock_date":null,"out_stock_threshold":null,"inheritable":false,"inbound_stock":null,"stock_on_hold":0,"sold_today":0,"sales_last_days":0,"reserved_stock":null,"customer_returns":null,"warehouse_damage":null,"lost_in_post":null,"other_logs":null,"out_stock_days":0,"lost_sales":0,"has_location":null,"update_date":"2026-04-27T07:14:51","atum_locations":[],"atum_stock_status":"instock","restock_status":false,"low_stock_amount":"","sales_update_date":"2026-02-06T00:01:41","calc_backorders":null,"_links":{"self":[{"href":"https:\/\/aromasentia.com\/fr\/wp-json\/wp\/v2\/product\/228088","targetHints":{"allow":["GET"]}}],"collection":[{"href":"https:\/\/aromasentia.com\/fr\/wp-json\/wp\/v2\/product"}],"about":[{"href":"https:\/\/aromasentia.com\/fr\/wp-json\/wp\/v2\/types\/product"}],"replies":[{"embeddable":true,"href":"https:\/\/aromasentia.com\/fr\/wp-json\/wp\/v2\/comments?post=228088"}],"version-history":[{"count":0,"href":"https:\/\/aromasentia.com\/fr\/wp-json\/wp\/v2\/product\/228088\/revisions"}],"wp:featuredmedia":[{"embeddable":true,"href":"https:\/\/aromasentia.com\/fr\/wp-json\/wp\/v2\/media\/373820"}],"wp:attachment":[{"href":"https:\/\/aromasentia.com\/fr\/wp-json\/wp\/v2\/media?parent=228088"}],"wp:term":[{"taxonomy":"product_brand","embeddable":true,"href":"https:\/\/aromasentia.com\/fr\/wp-json\/wp\/v2\/product_brand?post=228088"},{"taxonomy":"product_cat","embeddable":true,"href":"https:\/\/aromasentia.com\/fr\/wp-json\/wp\/v2\/product_cat?post=228088"},{"taxonomy":"product_tag","embeddable":true,"href":"https:\/\/aromasentia.com\/fr\/wp-json\/wp\/v2\/product_tag?post=228088"}],"curies":[{"name":"wp","href":"https:\/\/api.w.org\/{rel}","templated":true}]}}