{"id":227884,"date":"2025-03-22T16:05:46","date_gmt":"2025-03-22T16:05:46","guid":{"rendered":"https:\/\/aromasentia.com\/product\/quality-decoration-reindeer-moss-moss-green-635g-box\/"},"modified":"2025-12-30T19:15:22","modified_gmt":"2025-12-30T19:15:22","slug":"mousse-de-renne-decor-qualite-vert-mousse-boite-635g","status":"publish","type":"product","link":"https:\/\/aromasentia.com\/fr\/mousse-de-renne-decor-qualite-vert-mousse-boite-635g\/","title":{"rendered":"Mousse de Renne D\u00e9cor Qualit\u00e9 &#8211; Vert Mousse &#8211; Bo\u00eete 635g"},"content":{"rendered":"<p>La <strong>mousse de renne<\/strong> ajoute une touche \u00e9l\u00e9gante et naturellement belle \u00e0 tous les espaces int\u00e9rieurs.&nbsp;<\/p>\n<p>Sa texture et ses teintes terreuses \u00e9voquent l\u2019essence de la nature, conf\u00e9rant \u00e0 votre environnement une allure unique. Son aspect unique attire l\u2019attention et ajoute une atmosph\u00e8re particuli\u00e8re \u00e0 l\u2019espace.&nbsp;<\/p>\n<p>La mousse stabilis\u00e9e conserve sa beaut\u00e9 et sa fra\u00eecheur pendant des ann\u00e9es sans avoir besoin d&rsquo;arrosage ni d&rsquo;entretien, ce qui offre des possibilit\u00e9s illimit\u00e9es aux cr\u00e9ateurs et aux designers.&nbsp;<\/p>\n<p><strong>Disponible en 14 couleurs vives :<\/strong> vert herbe, herbe claire, vert menthe, vert mousse, blanc neige, vibrations naturelles, jaune, orange, lavande, rose, bleu, rouge feu, gris anthracite et noir.&nbsp;<\/p>\n<p>Parfaite pour l&rsquo;artisanat, la fleuristerie et la d\u00e9coration int\u00e9rieure. &nbsp;pour cr\u00e9er des \u0153uvres d&rsquo;art en mousse de diff\u00e9rentes tailles et formes, non seulement en tant qu&rsquo;\u0153uvres d&rsquo;art autonomes, mais \u00e9galement dans le cadre d&rsquo;un concept de design plus large. Id\u00e9al \u00e0 utiliser avec les terrariums et le verre fondu.&nbsp;<\/p>\n<p><strong>Qualit\u00e9 de 1\u00e8re qualit\u00e9 :&nbsp;<\/strong>La mousse de renne est de la plus haute qualit\u00e9, garantissant que chaque lot est doux, vibrant et durable, ce qui en fait un choix sup\u00e9rieur pour vos clients.&nbsp;<\/p>\n<p><strong>Chaque bo\u00eete contient 500 g de mousse de renne.<\/strong><\/p>\n","protected":false},"excerpt":{"rendered":"<p>La mousse de renne ajoute une touche \u00e9l\u00e9gante et naturellement belle \u00e0 tous les espaces int\u00e9rieurs.&nbsp; Sa texture et ses teintes terreuses \u00e9voquent l\u2019essence de la nature, conf\u00e9rant \u00e0 votre environnement une allure unique. Son aspect unique attire l\u2019attention et ajoute une atmosph\u00e8re particuli\u00e8re \u00e0 l\u2019espace.&nbsp; La mousse stabilis\u00e9e conserve sa beaut\u00e9 et sa fra\u00eecheur [&hellip;]<\/p>\n","protected":false},"featured_media":372801,"comment_status":"closed","ping_status":"open","template":"","meta":[],"product_brand":[],"product_cat":[14446],"product_tag":[],"class_list":{"0":"post-227884","1":"product","2":"type-product","3":"status-publish","4":"has-post-thumbnail","6":"product_cat-maison-et-jardin","7":"pa_collection-quality-decorative-reindeer-moss-635g-box-fr","8":"pa_made-in-chine","10":"first","11":"outofstock","12":"purchasable","13":"product-type-simple"},"supplier_id":null,"supplier_sku":"Moss-04","barcode":null,"atum_controlled":true,"out_stock_date":"2026-02-05 22:31:32","out_stock_threshold":null,"inheritable":false,"inbound_stock":null,"stock_on_hold":0,"sold_today":0,"sales_last_days":0,"reserved_stock":null,"customer_returns":null,"warehouse_damage":null,"lost_in_post":null,"other_logs":null,"out_stock_days":0,"lost_sales":0,"has_location":null,"update_date":"2026-02-05T22:31:33","atum_locations":[],"atum_stock_status":"outofstock","restock_status":false,"low_stock_amount":"","sales_update_date":"2026-01-20T05:14:28","calc_backorders":null,"_links":{"self":[{"href":"https:\/\/aromasentia.com\/fr\/wp-json\/wp\/v2\/product\/227884","targetHints":{"allow":["GET"]}}],"collection":[{"href":"https:\/\/aromasentia.com\/fr\/wp-json\/wp\/v2\/product"}],"about":[{"href":"https:\/\/aromasentia.com\/fr\/wp-json\/wp\/v2\/types\/product"}],"replies":[{"embeddable":true,"href":"https:\/\/aromasentia.com\/fr\/wp-json\/wp\/v2\/comments?post=227884"}],"version-history":[{"count":0,"href":"https:\/\/aromasentia.com\/fr\/wp-json\/wp\/v2\/product\/227884\/revisions"}],"wp:featuredmedia":[{"embeddable":true,"href":"https:\/\/aromasentia.com\/fr\/wp-json\/wp\/v2\/media\/372801"}],"wp:attachment":[{"href":"https:\/\/aromasentia.com\/fr\/wp-json\/wp\/v2\/media?parent=227884"}],"wp:term":[{"taxonomy":"product_brand","embeddable":true,"href":"https:\/\/aromasentia.com\/fr\/wp-json\/wp\/v2\/product_brand?post=227884"},{"taxonomy":"product_cat","embeddable":true,"href":"https:\/\/aromasentia.com\/fr\/wp-json\/wp\/v2\/product_cat?post=227884"},{"taxonomy":"product_tag","embeddable":true,"href":"https:\/\/aromasentia.com\/fr\/wp-json\/wp\/v2\/product_tag?post=227884"}],"curies":[{"name":"wp","href":"https:\/\/api.w.org\/{rel}","templated":true}]}}