{"id":227848,"date":"2025-03-22T16:05:46","date_gmt":"2025-03-22T16:05:46","guid":{"rendered":"https:\/\/aromasentia.com\/product\/molten-glass-arfully-misshapen-bowl-on-wood\/"},"modified":"2025-06-23T18:41:50","modified_gmt":"2025-06-23T18:41:50","slug":"bol-en-verre-fondu-sur-bois","status":"publish","type":"product","link":"https:\/\/aromasentia.com\/fr\/bol-en-verre-fondu-sur-bois\/","title":{"rendered":"Bol en Verre Fondu sur Bois"},"content":{"rendered":"<p>Bol en verre fondu sur bois, vente en gros &#8211; un m\u00e9lange captivant d&rsquo;artisanat et de beaut\u00e9 naturelle.&nbsp;<\/p>\n<p>Le design difforme et artistique du bol en verre fondu ajoute une touche d&rsquo;originalit\u00e9 et cr\u00e9e une pi\u00e8ce ma\u00eetresse \u00e9tonnante.&nbsp;<\/p>\n<p>Reposant sur une base en bois Gamal, chaque bol est associ\u00e9 \u00e0 du bois soigneusement s\u00e9lectionn\u00e9, faisant de chaque pi\u00e8ce de cette collection un ajout distinctif et accrocheur \u00e0 vos offres.<\/p>\n","protected":false},"excerpt":{"rendered":"<p>Bol en verre fondu sur bois, vente en gros &#8211; un m\u00e9lange captivant d&rsquo;artisanat et de beaut\u00e9 naturelle.&nbsp; Le design difforme et artistique du bol en verre fondu ajoute une touche d&rsquo;originalit\u00e9 et cr\u00e9e une pi\u00e8ce ma\u00eetresse \u00e9tonnante.&nbsp; Reposant sur une base en bois Gamal, chaque bol est associ\u00e9 \u00e0 du bois soigneusement s\u00e9lectionn\u00e9, faisant [&hellip;]<\/p>\n","protected":false},"featured_media":372608,"comment_status":"closed","ping_status":"open","template":"","meta":{"_angie_page":false},"product_brand":[],"product_cat":[17574,14446],"product_tag":[],"class_list":{"0":"post-227848","1":"product","2":"type-product","3":"status-publish","4":"has-post-thumbnail","6":"product_cat-decoration-du-verre","7":"product_cat-maison-et-jardin","8":"pa_collection-molten-glass-on-wood-fr","9":"pa_made-in-indonesie","11":"first","12":"instock","13":"purchasable","14":"product-type-simple"},"supplier_id":null,"supplier_sku":"MGW-36","barcode":null,"atum_controlled":true,"out_stock_date":null,"out_stock_threshold":null,"inheritable":false,"inbound_stock":null,"stock_on_hold":0,"sold_today":0,"sales_last_days":0,"reserved_stock":null,"customer_returns":null,"warehouse_damage":null,"lost_in_post":null,"other_logs":null,"out_stock_days":0,"lost_sales":0,"has_location":null,"update_date":"2026-04-27T07:12:49","atum_locations":[],"atum_stock_status":"instock","restock_status":false,"low_stock_amount":"","sales_update_date":"2026-01-30T01:24:55","calc_backorders":null,"_links":{"self":[{"href":"https:\/\/aromasentia.com\/fr\/wp-json\/wp\/v2\/product\/227848","targetHints":{"allow":["GET"]}}],"collection":[{"href":"https:\/\/aromasentia.com\/fr\/wp-json\/wp\/v2\/product"}],"about":[{"href":"https:\/\/aromasentia.com\/fr\/wp-json\/wp\/v2\/types\/product"}],"replies":[{"embeddable":true,"href":"https:\/\/aromasentia.com\/fr\/wp-json\/wp\/v2\/comments?post=227848"}],"version-history":[{"count":0,"href":"https:\/\/aromasentia.com\/fr\/wp-json\/wp\/v2\/product\/227848\/revisions"}],"wp:featuredmedia":[{"embeddable":true,"href":"https:\/\/aromasentia.com\/fr\/wp-json\/wp\/v2\/media\/372608"}],"wp:attachment":[{"href":"https:\/\/aromasentia.com\/fr\/wp-json\/wp\/v2\/media?parent=227848"}],"wp:term":[{"taxonomy":"product_brand","embeddable":true,"href":"https:\/\/aromasentia.com\/fr\/wp-json\/wp\/v2\/product_brand?post=227848"},{"taxonomy":"product_cat","embeddable":true,"href":"https:\/\/aromasentia.com\/fr\/wp-json\/wp\/v2\/product_cat?post=227848"},{"taxonomy":"product_tag","embeddable":true,"href":"https:\/\/aromasentia.com\/fr\/wp-json\/wp\/v2\/product_tag?post=227848"}],"curies":[{"name":"wp","href":"https:\/\/api.w.org\/{rel}","templated":true}]}}