{"id":227844,"date":"2025-03-22T16:05:46","date_gmt":"2025-03-22T16:05:46","guid":{"rendered":"https:\/\/aromasentia.com\/product\/molten-glass-small-flower-vase-and-tealight-holder-on-wood\/"},"modified":"2025-12-30T19:15:15","modified_gmt":"2025-12-30T19:15:15","slug":"vase-a-fleurs-en-verre-fondu-et-porte-bougie-sur-bois","status":"publish","type":"product","link":"https:\/\/aromasentia.com\/fr\/vase-a-fleurs-en-verre-fondu-et-porte-bougie-sur-bois\/","title":{"rendered":"Vase \u00e0 Fleurs en Verre Fondu et Porte-Bougie sur Bois"},"content":{"rendered":"<p><strong><span style=\"color: rgb(75, 80, 88);\">Vase \u00e0 petites fleurs en verre fondu et porte-bougies \u00e0 r\u00e9chaud sur bois&nbsp;<\/span><\/strong>&#8211; une fusion unique d&rsquo;\u00e9l\u00e9gance et de charme naturel.&nbsp;<\/p>\n<p>Fabriqu\u00e9s avec pr\u00e9cision, le vase en verre fondu transparent et le porte-bougie \u00e0 r\u00e9chaud pos\u00e9s sur une base en bois Gamal, ajoutent de la chaleur et de l&rsquo;attrait \u00e0 la terre.&nbsp;<\/p>\n<p>Issu de l&rsquo;agriculture durable, chaque socle en bois de Gamal est une \u0153uvre d&rsquo;art avec ses veinures uniques.&nbsp;<\/p>\n<p>Polyvalent et accrocheur, cet accessoire \u00e0 double usage associe sans effort un design contemporain \u00e0 des \u00e9l\u00e9ments naturels, ce qui en fait un ajout unique \u00e0 toute d\u00e9coration int\u00e9rieure.<\/p>\n","protected":false},"excerpt":{"rendered":"<p>Vase \u00e0 petites fleurs en verre fondu et porte-bougies \u00e0 r\u00e9chaud sur bois&nbsp;&#8211; une fusion unique d&rsquo;\u00e9l\u00e9gance et de charme naturel.&nbsp; Fabriqu\u00e9s avec pr\u00e9cision, le vase en verre fondu transparent et le porte-bougie \u00e0 r\u00e9chaud pos\u00e9s sur une base en bois Gamal, ajoutent de la chaleur et de l&rsquo;attrait \u00e0 la terre.&nbsp; Issu de l&rsquo;agriculture [&hellip;]<\/p>\n","protected":false},"featured_media":372583,"comment_status":"closed","ping_status":"open","template":"","meta":{"_angie_page":false},"product_brand":[],"product_cat":[17574,14446],"product_tag":[],"class_list":{"0":"post-227844","1":"product","2":"type-product","3":"status-publish","4":"has-post-thumbnail","6":"product_cat-decoration-du-verre","7":"product_cat-maison-et-jardin","8":"pa_collection-molten-glass-on-wood-fr","9":"pa_made-in-indonesie","11":"first","12":"instock","13":"purchasable","14":"product-type-simple"},"supplier_id":null,"supplier_sku":"MGW-35","barcode":null,"atum_controlled":true,"out_stock_date":null,"out_stock_threshold":null,"inheritable":false,"inbound_stock":null,"stock_on_hold":0,"sold_today":0,"sales_last_days":0,"reserved_stock":null,"customer_returns":null,"warehouse_damage":null,"lost_in_post":null,"other_logs":null,"out_stock_days":98,"lost_sales":0,"has_location":null,"update_date":"2026-04-27T07:12:49","atum_locations":[],"atum_stock_status":"instock","restock_status":false,"low_stock_amount":"","sales_update_date":"2026-02-06T00:01:09","calc_backorders":null,"_links":{"self":[{"href":"https:\/\/aromasentia.com\/fr\/wp-json\/wp\/v2\/product\/227844","targetHints":{"allow":["GET"]}}],"collection":[{"href":"https:\/\/aromasentia.com\/fr\/wp-json\/wp\/v2\/product"}],"about":[{"href":"https:\/\/aromasentia.com\/fr\/wp-json\/wp\/v2\/types\/product"}],"replies":[{"embeddable":true,"href":"https:\/\/aromasentia.com\/fr\/wp-json\/wp\/v2\/comments?post=227844"}],"version-history":[{"count":0,"href":"https:\/\/aromasentia.com\/fr\/wp-json\/wp\/v2\/product\/227844\/revisions"}],"wp:featuredmedia":[{"embeddable":true,"href":"https:\/\/aromasentia.com\/fr\/wp-json\/wp\/v2\/media\/372583"}],"wp:attachment":[{"href":"https:\/\/aromasentia.com\/fr\/wp-json\/wp\/v2\/media?parent=227844"}],"wp:term":[{"taxonomy":"product_brand","embeddable":true,"href":"https:\/\/aromasentia.com\/fr\/wp-json\/wp\/v2\/product_brand?post=227844"},{"taxonomy":"product_cat","embeddable":true,"href":"https:\/\/aromasentia.com\/fr\/wp-json\/wp\/v2\/product_cat?post=227844"},{"taxonomy":"product_tag","embeddable":true,"href":"https:\/\/aromasentia.com\/fr\/wp-json\/wp\/v2\/product_tag?post=227844"}],"curies":[{"name":"wp","href":"https:\/\/api.w.org\/{rel}","templated":true}]}}