{"id":227836,"date":"2025-03-22T16:05:46","date_gmt":"2025-03-22T16:05:46","guid":{"rendered":"https:\/\/aromasentia.com\/product\/molten-crackled-glass-tank-on-wood\/"},"modified":"2025-12-30T19:15:15","modified_gmt":"2025-12-30T19:15:15","slug":"verre-craquele-fondu-sur-bois","status":"publish","type":"product","link":"https:\/\/aromasentia.com\/fr\/verre-craquele-fondu-sur-bois\/","title":{"rendered":"Verre Craquel\u00e9 Fondu sur Bois"},"content":{"rendered":"<p>Voici une sensation de Bali : <strong><span style=\"color: rgb(75, 80, 88);\">Verre Craquel\u00e9 Fondu sur Bois<\/span><\/strong>, un v\u00e9ritable chef-d&rsquo;\u0153uvre qui a pris Bali d&rsquo;assaut !&nbsp;<\/p>\n<p>Fabriqu\u00e9s \u00e0 la main \u00e0 Bali avec une touche d&rsquo;art, ces r\u00e9servoirs en verre fondu craquel\u00e9 sur bois r\u00e9unissent deux mondes en parfaite harmonie : le naturel et l&rsquo;artistique, le rustique et le sophistiqu\u00e9, le fonctionnel et le spirituel.&nbsp;<\/p>\n<p>Le processus commence par le soufflage \u00e0 la main du verre, suivi de la relaxation artistique du verre sur une racine de bois Gamal balinais alors qu&rsquo;il est encore chaud. Lorsque le verre se refroidit et se solidifie, il se moule gracieusement aux contours du bois, cr\u00e9ant ainsi une fusion parfaite.&nbsp;<\/p>\n<p>Accueillez la beaut\u00e9 de la nature dans vos espaces avec ces pi\u00e8ces d&rsquo;art naturel incroyablement \u00e9tonnantes et \u00e9tonnamment abordables. Vos clients ne manqueront pas de tomber amoureux de ces cr\u00e9ations uniques &#8211; un m\u00e9lange captivant d&rsquo;art et de nature.&nbsp;<\/p>\n<p><strong>Remarque :&nbsp;<\/strong>en raison de la nature artisanale de ce produit, il peut y avoir de petites imperfections dans le verre, telles que de petites bulles et de l\u00e9g\u00e8res rayures. Les tailles et les motifs peuvent varier l\u00e9g\u00e8rement.&nbsp;<\/p>\n<p><strong><span style=\"color: rgb(141, 186, 216);\">Cr\u00e9ez un joli \u00e9talage naturel et faites de belles ventes. Commandez d\u00e8s aujourd&rsquo;hui.<\/span><\/strong><\/p>\n","protected":false},"excerpt":{"rendered":"<p>Voici une sensation de Bali : Verre Craquel\u00e9 Fondu sur Bois, un v\u00e9ritable chef-d&rsquo;\u0153uvre qui a pris Bali d&rsquo;assaut !&nbsp; Fabriqu\u00e9s \u00e0 la main \u00e0 Bali avec une touche d&rsquo;art, ces r\u00e9servoirs en verre fondu craquel\u00e9 sur bois r\u00e9unissent deux mondes en parfaite harmonie : le naturel et l&rsquo;artistique, le rustique et le sophistiqu\u00e9, le [&hellip;]<\/p>\n","protected":false},"featured_media":372541,"comment_status":"closed","ping_status":"open","template":"","meta":{"_angie_page":false},"product_brand":[],"product_cat":[17574,14446],"product_tag":[],"class_list":{"0":"post-227836","1":"product","2":"type-product","3":"status-publish","4":"has-post-thumbnail","6":"product_cat-decoration-du-verre","7":"product_cat-maison-et-jardin","8":"pa_collection-molten-glass-on-wood-fr","9":"pa_made-in-indonesie","11":"first","12":"instock","13":"purchasable","14":"product-type-simple"},"supplier_id":null,"supplier_sku":"MGW-37","barcode":null,"atum_controlled":true,"out_stock_date":null,"out_stock_threshold":null,"inheritable":false,"inbound_stock":null,"stock_on_hold":0,"sold_today":0,"sales_last_days":0,"reserved_stock":null,"customer_returns":null,"warehouse_damage":null,"lost_in_post":null,"other_logs":null,"out_stock_days":0,"lost_sales":0,"has_location":null,"update_date":"2026-05-08T05:13:10","atum_locations":[],"atum_stock_status":"instock","restock_status":false,"low_stock_amount":"","sales_update_date":"2026-02-06T00:02:06","calc_backorders":null,"_links":{"self":[{"href":"https:\/\/aromasentia.com\/fr\/wp-json\/wp\/v2\/product\/227836","targetHints":{"allow":["GET"]}}],"collection":[{"href":"https:\/\/aromasentia.com\/fr\/wp-json\/wp\/v2\/product"}],"about":[{"href":"https:\/\/aromasentia.com\/fr\/wp-json\/wp\/v2\/types\/product"}],"replies":[{"embeddable":true,"href":"https:\/\/aromasentia.com\/fr\/wp-json\/wp\/v2\/comments?post=227836"}],"version-history":[{"count":0,"href":"https:\/\/aromasentia.com\/fr\/wp-json\/wp\/v2\/product\/227836\/revisions"}],"wp:featuredmedia":[{"embeddable":true,"href":"https:\/\/aromasentia.com\/fr\/wp-json\/wp\/v2\/media\/372541"}],"wp:attachment":[{"href":"https:\/\/aromasentia.com\/fr\/wp-json\/wp\/v2\/media?parent=227836"}],"wp:term":[{"taxonomy":"product_brand","embeddable":true,"href":"https:\/\/aromasentia.com\/fr\/wp-json\/wp\/v2\/product_brand?post=227836"},{"taxonomy":"product_cat","embeddable":true,"href":"https:\/\/aromasentia.com\/fr\/wp-json\/wp\/v2\/product_cat?post=227836"},{"taxonomy":"product_tag","embeddable":true,"href":"https:\/\/aromasentia.com\/fr\/wp-json\/wp\/v2\/product_tag?post=227836"}],"curies":[{"name":"wp","href":"https:\/\/api.w.org\/{rel}","templated":true}]}}