{"id":227832,"date":"2025-03-22T16:05:46","date_gmt":"2025-03-22T16:05:46","guid":{"rendered":"https:\/\/aromasentia.com\/product\/molton-glass-mini-blue-bowl-on-wood\/"},"modified":"2025-06-23T18:41:46","modified_gmt":"2025-06-23T18:41:46","slug":"mini-bol-bleu-en-verre-fondu-sur-bois","status":"publish","type":"product","link":"https:\/\/aromasentia.com\/fr\/mini-bol-bleu-en-verre-fondu-sur-bois\/","title":{"rendered":"Mini Bol Bleu en Verre Fondu sur Bois"},"content":{"rendered":"<p><strong><span style=\"color: rgb(75, 80, 88);\">Vente en gros Mini bol bleu en verre fondu sur bois&nbsp;<\/span><\/strong><\/p>\n<p>Comme vous le savez, tout ce qui est li\u00e9 aux plantes d&rsquo;int\u00e9rieur et naturel est une tendance majeure, et ce produit magnifique et naturel est juste ce qu&rsquo;il vous faut. Ils sont fabriqu\u00e9s \u00e0 la main \u00e0 partir de verre recycl\u00e9 et de bois de gamal. Ces belles pi\u00e8ces en verre fondu r\u00e9unissent le meilleur de deux mondes : naturel et artificiel ; terreux et chic; pratique et spirituel.&nbsp;<\/p>\n<p>Taille du produit :&nbsp;<\/p>\n<p>Bol sur le bois : L : 12 cm H : 7 cm&nbsp;<\/p>\n<p>Taille du bol : D : 6 cm H : 5 cm&nbsp;<\/p>\n<p>Poids : 400 g&nbsp;<\/p>\n<p>Veuillez noter : qu&rsquo;en raison de la nature artisanale de ce produit, il peut y avoir de petites imperfections dans le verre telles que de petites bulles, de l\u00e9g\u00e8res rayures.&nbsp;<\/p>\n<p><strong><span style=\"color: rgb(141, 186, 216);\">Les tailles et les designs peuvent varier l\u00e9g\u00e8rement.<\/span><\/strong><\/p>\n","protected":false},"excerpt":{"rendered":"<p>Vente en gros Mini bol bleu en verre fondu sur bois&nbsp; Comme vous le savez, tout ce qui est li\u00e9 aux plantes d&rsquo;int\u00e9rieur et naturel est une tendance majeure, et ce produit magnifique et naturel est juste ce qu&rsquo;il vous faut. Ils sont fabriqu\u00e9s \u00e0 la main \u00e0 partir de verre recycl\u00e9 et de bois [&hellip;]<\/p>\n","protected":false},"featured_media":372508,"comment_status":"closed","ping_status":"open","template":"","meta":{"_angie_page":false},"product_brand":[],"product_cat":[17574,14446],"product_tag":[],"class_list":{"0":"post-227832","1":"product","2":"type-product","3":"status-publish","4":"has-post-thumbnail","6":"product_cat-decoration-du-verre","7":"product_cat-maison-et-jardin","8":"pa_collection-molten-glass-on-wood-fr","9":"pa_made-in-indonesie","11":"first","12":"instock","13":"purchasable","14":"product-type-simple"},"supplier_id":null,"supplier_sku":"MGW-34","barcode":null,"atum_controlled":true,"out_stock_date":null,"out_stock_threshold":null,"inheritable":false,"inbound_stock":null,"stock_on_hold":0,"sold_today":0,"sales_last_days":0,"reserved_stock":null,"customer_returns":null,"warehouse_damage":null,"lost_in_post":null,"other_logs":null,"out_stock_days":0,"lost_sales":0,"has_location":null,"update_date":"2026-05-08T05:13:10","atum_locations":[],"atum_stock_status":"instock","restock_status":false,"low_stock_amount":"","sales_update_date":"2025-09-05T00:29:31","calc_backorders":null,"_links":{"self":[{"href":"https:\/\/aromasentia.com\/fr\/wp-json\/wp\/v2\/product\/227832","targetHints":{"allow":["GET"]}}],"collection":[{"href":"https:\/\/aromasentia.com\/fr\/wp-json\/wp\/v2\/product"}],"about":[{"href":"https:\/\/aromasentia.com\/fr\/wp-json\/wp\/v2\/types\/product"}],"replies":[{"embeddable":true,"href":"https:\/\/aromasentia.com\/fr\/wp-json\/wp\/v2\/comments?post=227832"}],"version-history":[{"count":0,"href":"https:\/\/aromasentia.com\/fr\/wp-json\/wp\/v2\/product\/227832\/revisions"}],"wp:featuredmedia":[{"embeddable":true,"href":"https:\/\/aromasentia.com\/fr\/wp-json\/wp\/v2\/media\/372508"}],"wp:attachment":[{"href":"https:\/\/aromasentia.com\/fr\/wp-json\/wp\/v2\/media?parent=227832"}],"wp:term":[{"taxonomy":"product_brand","embeddable":true,"href":"https:\/\/aromasentia.com\/fr\/wp-json\/wp\/v2\/product_brand?post=227832"},{"taxonomy":"product_cat","embeddable":true,"href":"https:\/\/aromasentia.com\/fr\/wp-json\/wp\/v2\/product_cat?post=227832"},{"taxonomy":"product_tag","embeddable":true,"href":"https:\/\/aromasentia.com\/fr\/wp-json\/wp\/v2\/product_tag?post=227832"}],"curies":[{"name":"wp","href":"https:\/\/api.w.org\/{rel}","templated":true}]}}