{"id":227828,"date":"2025-03-22T16:05:46","date_gmt":"2025-03-22T16:05:46","guid":{"rendered":"https:\/\/aromasentia.com\/product\/molton-glass-v-shaped-art-vase-on-wood\/"},"modified":"2025-06-23T18:41:46","modified_gmt":"2025-06-23T18:41:46","slug":"vase-dart-en-forme-de-v-en-verre-fondu-sur-bois","status":"publish","type":"product","link":"https:\/\/aromasentia.com\/fr\/vase-dart-en-forme-de-v-en-verre-fondu-sur-bois\/","title":{"rendered":"Vase d&rsquo;art en forme de V en Verre Fondu sur Bois"},"content":{"rendered":"<\/p>\n<p><strong>Ancient Wisdom Handmade Melted Glass on Wood<\/strong> est enfin l\u00e0. C&rsquo;est probablement le meilleur produit de Bali depuis des ann\u00e9es. Aux Pays-Bas, c&rsquo;est d\u00e9j\u00e0 une tendance massive. Tout ce qui est li\u00e9 aux plantes d&rsquo;int\u00e9rieur et au naturel est une grande tendance, et ce produit magnifique et naturel est en plein dans le mille. Ils sont fabriqu\u00e9s \u00e0 la main \u00e0 Bali \u00e0 partir de verre recycl\u00e9 et de bois de Gamal balinais. Ce superbe vase en verre d&rsquo;art fondu r\u00e9unit le meilleur de deux mondes : naturel et artificiel, terreux et chic, pratique et spirituel.&nbsp;<\/p>\n<p>Le verre est souffl\u00e9 \u00e0 la main et, alors qu&rsquo;il est encore chaud, il est d\u00e9tendu sur un morceau de racine de Gamal. Le verre se durcit ensuite pour \u00e9pouser la forme du bois, garantissant ainsi un ajustement parfait. Ces objets sont fabriqu\u00e9s \u00e0 l&rsquo;aide d&rsquo;un produit naturel et d&rsquo;outils manuels, selon la m\u00e9thode traditionnelle balinaise. Chaque article est unique car il est fabriqu\u00e9 \u00e0 partir de bois de Gamal naturel et durable, et le verre recycl\u00e9 est fa\u00e7onn\u00e9 en cons\u00e9quence, ce qui ajoute \u00e0 son authenticit\u00e9. <strong>Vos clients vont l&rsquo;adorer.<\/strong>Ils peuvent \u00eatre utilis\u00e9s pour les plantes d&rsquo;int\u00e9rieur, les jardins zen ou les bougies flottantes.<\/p>\n<p>Introduisez la nature \u00e0 l&rsquo;int\u00e9rieur avec ces \u0153uvres d&rsquo;art naturelles \u00e9tonnantes et abordables.<\/p>\n<p><strong>Faites une belle pr\u00e9sentation naturelle et g\u00e9n\u00e9rez de belles ventes. Commandez d\u00e8s aujourd&rsquo;hui.<\/strong><\/p>\n<p><strong>Taille : H:20cm D:9cm, W:14cm, 600ml ( veuillez noter que les tailles peuvent varier l\u00e9g\u00e8rement)&nbsp;<\/strong><\/p>\n<p><\/p>\n<p><strong>Veuillez noter : En raison de la nature artisanale de ce produit, il peut y avoir des imperfections mineures dans le verre, telles que de petites bulles et de l\u00e9g\u00e8res rayures. Les tailles et les motifs peuvent varier l\u00e9g\u00e8rement.<\/p>\n","protected":false},"excerpt":{"rendered":"<p>Ancient Wisdom Handmade Melted Glass on Wood est enfin l\u00e0. C&rsquo;est probablement le meilleur produit de Bali depuis des ann\u00e9es. Aux Pays-Bas, c&rsquo;est d\u00e9j\u00e0 une tendance massive. Tout ce qui est li\u00e9 aux plantes d&rsquo;int\u00e9rieur et au naturel est une grande tendance, et ce produit magnifique et naturel est en plein dans le mille. Ils [&hellip;]<\/p>\n","protected":false},"featured_media":372491,"comment_status":"closed","ping_status":"open","template":"","meta":{"_angie_page":false},"product_brand":[],"product_cat":[17574,14446],"product_tag":[],"class_list":{"0":"post-227828","1":"product","2":"type-product","3":"status-publish","4":"has-post-thumbnail","6":"product_cat-decoration-du-verre","7":"product_cat-maison-et-jardin","8":"pa_collection-molten-glass-on-wood-fr","9":"pa_made-in-indonesie","11":"first","12":"instock","13":"purchasable","14":"product-type-simple"},"supplier_id":null,"supplier_sku":"MGW-29","barcode":null,"atum_controlled":true,"out_stock_date":null,"out_stock_threshold":null,"inheritable":false,"inbound_stock":null,"stock_on_hold":0,"sold_today":0,"sales_last_days":0,"reserved_stock":null,"customer_returns":null,"warehouse_damage":null,"lost_in_post":null,"other_logs":null,"out_stock_days":0,"lost_sales":0,"has_location":null,"update_date":"2026-05-08T05:13:10","atum_locations":[],"atum_stock_status":"instock","restock_status":false,"low_stock_amount":"","sales_update_date":"2026-02-06T00:02:04","calc_backorders":null,"_links":{"self":[{"href":"https:\/\/aromasentia.com\/fr\/wp-json\/wp\/v2\/product\/227828","targetHints":{"allow":["GET"]}}],"collection":[{"href":"https:\/\/aromasentia.com\/fr\/wp-json\/wp\/v2\/product"}],"about":[{"href":"https:\/\/aromasentia.com\/fr\/wp-json\/wp\/v2\/types\/product"}],"replies":[{"embeddable":true,"href":"https:\/\/aromasentia.com\/fr\/wp-json\/wp\/v2\/comments?post=227828"}],"version-history":[{"count":0,"href":"https:\/\/aromasentia.com\/fr\/wp-json\/wp\/v2\/product\/227828\/revisions"}],"wp:featuredmedia":[{"embeddable":true,"href":"https:\/\/aromasentia.com\/fr\/wp-json\/wp\/v2\/media\/372491"}],"wp:attachment":[{"href":"https:\/\/aromasentia.com\/fr\/wp-json\/wp\/v2\/media?parent=227828"}],"wp:term":[{"taxonomy":"product_brand","embeddable":true,"href":"https:\/\/aromasentia.com\/fr\/wp-json\/wp\/v2\/product_brand?post=227828"},{"taxonomy":"product_cat","embeddable":true,"href":"https:\/\/aromasentia.com\/fr\/wp-json\/wp\/v2\/product_cat?post=227828"},{"taxonomy":"product_tag","embeddable":true,"href":"https:\/\/aromasentia.com\/fr\/wp-json\/wp\/v2\/product_tag?post=227828"}],"curies":[{"name":"wp","href":"https:\/\/api.w.org\/{rel}","templated":true}]}}