{"id":227800,"date":"2025-03-22T16:05:57","date_gmt":"2025-03-22T16:05:57","guid":{"rendered":"https:\/\/aromasentia.com\/product\/recycled-beer-bottles-mini-flower-vase-on-wood\/"},"modified":"2025-12-30T19:15:08","modified_gmt":"2025-12-30T19:15:08","slug":"petit-vase-a-fleurs-sur-bois-en-verre-recycle","status":"publish","type":"product","link":"https:\/\/aromasentia.com\/fr\/petit-vase-a-fleurs-sur-bois-en-verre-recycle\/","title":{"rendered":"Petit Vase \u00e0 fleurs sur Bois en verre recycl\u00e9"},"content":{"rendered":"<p><strong><span style=\"color: rgb(75, 80, 88);\">Le Petit Vase \u00e0 fleurs sur Bois en verre recycl\u00e9<\/span><\/strong> est un produit unique et \u00e9cologique qui combine la beaut\u00e9 du verre vert avec la chaleur du bois naturel. Le produit est fabriqu\u00e9 en faisant fondre des bouteilles de bi\u00e8re usag\u00e9es et en les fa&ccedil;onnant en une belle forme organique. Le verre fondu est ensuite plac\u00e9 sur une base en bois, ce qui ajoute une touche terreuse et rustique \u00e0 la conception globale.&nbsp;<\/p>\n<p>Le processus de cr\u00e9ation de bouteilles de bi\u00e8re recycl\u00e9es fondues en verre sur bois implique beaucoup de comp\u00e9tences et de savoir-faire. Chaque pi\u00e8ce est faite \u00e0 la main et unique, ce qui signifie qu&rsquo;aucun produit ne sera exactement le m\u00eame.&nbsp;<\/p>\n<p>Cela fait de chaque article une \u0153uvre d&rsquo;art unique en son genre qui ajoutera une touche d&rsquo;\u00e9l\u00e9gance et d&rsquo;individualit\u00e9 \u00e0 n&rsquo;importe quel espace.&nbsp;<\/p>\n<p><strong><span style=\"color: rgb(141, 186, 216);\">Fabriqu\u00e9 \u00e0 la main en Indon\u00e9sie &#8211; Chaque pi\u00e8ce est unique &#8211; Fabriqu\u00e9 \u00e0 partir de bouteilles de bi\u00e8re recycl\u00e9es. <\/span><\/strong><\/p>\n<p><em>Dimensions: L : 12 cm L : 8 cm H : 10,5 cm&nbsp;<\/em><\/p>\n<p><em>Diam\u00e8tre en haut : 2cm&nbsp;<\/em><\/p>\n<p><em>Contenance : 25 ml<\/em><\/p>\n","protected":false},"excerpt":{"rendered":"<p>Le Petit Vase \u00e0 fleurs sur Bois en verre recycl\u00e9 est un produit unique et \u00e9cologique qui combine la beaut\u00e9 du verre vert avec la chaleur du bois naturel. Le produit est fabriqu\u00e9 en faisant fondre des bouteilles de bi\u00e8re usag\u00e9es et en les fa&ccedil;onnant en une belle forme organique. Le verre fondu est ensuite [&hellip;]<\/p>\n","protected":false},"featured_media":377008,"comment_status":"closed","ping_status":"open","template":"","meta":[],"product_brand":[],"product_cat":[17574,16948,14446],"product_tag":[],"class_list":{"0":"post-227800","1":"product","2":"type-product","3":"status-publish","4":"has-post-thumbnail","6":"product_cat-decoration-du-verre","7":"product_cat-decorations-en-bois","8":"product_cat-maison-et-jardin","9":"pa_collection-molten-recycled-beer-bottles-glass-on-wood-fr","10":"pa_made-in-indonesie","12":"first","13":"outofstock","14":"purchasable","15":"product-type-simple"},"supplier_id":null,"supplier_sku":"RBB-07","barcode":null,"atum_controlled":true,"out_stock_date":"2025-09-05 13:57:45","out_stock_threshold":null,"inheritable":false,"inbound_stock":null,"stock_on_hold":0,"sold_today":0,"sales_last_days":0,"reserved_stock":null,"customer_returns":null,"warehouse_damage":null,"lost_in_post":null,"other_logs":null,"out_stock_days":153,"lost_sales":0,"has_location":null,"update_date":"2026-02-06T00:01:06","atum_locations":[],"atum_stock_status":"outofstock","restock_status":false,"low_stock_amount":"","sales_update_date":"2026-02-06T00:01:06","calc_backorders":null,"_links":{"self":[{"href":"https:\/\/aromasentia.com\/fr\/wp-json\/wp\/v2\/product\/227800","targetHints":{"allow":["GET"]}}],"collection":[{"href":"https:\/\/aromasentia.com\/fr\/wp-json\/wp\/v2\/product"}],"about":[{"href":"https:\/\/aromasentia.com\/fr\/wp-json\/wp\/v2\/types\/product"}],"replies":[{"embeddable":true,"href":"https:\/\/aromasentia.com\/fr\/wp-json\/wp\/v2\/comments?post=227800"}],"version-history":[{"count":0,"href":"https:\/\/aromasentia.com\/fr\/wp-json\/wp\/v2\/product\/227800\/revisions"}],"wp:featuredmedia":[{"embeddable":true,"href":"https:\/\/aromasentia.com\/fr\/wp-json\/wp\/v2\/media\/377008"}],"wp:attachment":[{"href":"https:\/\/aromasentia.com\/fr\/wp-json\/wp\/v2\/media?parent=227800"}],"wp:term":[{"taxonomy":"product_brand","embeddable":true,"href":"https:\/\/aromasentia.com\/fr\/wp-json\/wp\/v2\/product_brand?post=227800"},{"taxonomy":"product_cat","embeddable":true,"href":"https:\/\/aromasentia.com\/fr\/wp-json\/wp\/v2\/product_cat?post=227800"},{"taxonomy":"product_tag","embeddable":true,"href":"https:\/\/aromasentia.com\/fr\/wp-json\/wp\/v2\/product_tag?post=227800"}],"curies":[{"name":"wp","href":"https:\/\/api.w.org\/{rel}","templated":true}]}}