{"id":227772,"date":"2025-03-22T16:05:57","date_gmt":"2025-03-22T16:05:57","guid":{"rendered":"https:\/\/aromasentia.com\/product\/set-of-2-himalayan-salt-shot-glasses-wood-serving-stand\/"},"modified":"2025-06-23T18:41:39","modified_gmt":"2025-06-23T18:41:39","slug":"ensemble-de-2-shooters-en-sel-dhimalaya-avec-plateau-de-service","status":"publish","type":"product","link":"https:\/\/aromasentia.com\/fr\/ensemble-de-2-shooters-en-sel-dhimalaya-avec-plateau-de-service\/","title":{"rendered":"Ensemble de 2 Shooters en Sel d&rsquo;Himalaya avec plateau de service"},"content":{"rendered":"<p>La m\u00e9thode d&rsquo;administration parfaite, une Tequila dans des shooters de sel pur d&rsquo;Himalaya.&nbsp;<\/p>\n<p>Le sel est naturellement antibact\u00e9rien et super stable, ce qui signifie qu&rsquo;il convient \u00e0 de multiples utilisations.<\/p>\n<p>&nbsp;\u00e0 votre sant\u00e9! ?&nbsp;<\/p>\n<p>Un atout attrayant \u00e0 toute armoire de bar ou comme cadeau de f\u00eate des p\u00e8res! Nos shooters de sel de l&rsquo;Himalaya en gros sont vendues avec un plateau de service en bois sculpt\u00e9 naturel dans une bo\u00eete cadeau.<\/p>\n<p>&nbsp;<strong>Pour nettoyer, essuyez simplement avec un chiffon humide et s\u00e9chez enfin.<\/strong><strong>&nbsp;N&rsquo;utilisez aucun produit de nettoyage!<\/strong> <strong>Ne pas laver sous l&rsquo;eau courante ou au lave-vaisselle<\/strong>!<strong>&nbsp;Pour le nettoyage, il suffit de rincer doucement \u00e0 l&rsquo;eau et de s\u00e9cher avec un chiffon!<\/strong><\/p>\n","protected":false},"excerpt":{"rendered":"<p>La m\u00e9thode d&rsquo;administration parfaite, une Tequila dans des shooters de sel pur d&rsquo;Himalaya.&nbsp; Le sel est naturellement antibact\u00e9rien et super stable, ce qui signifie qu&rsquo;il convient \u00e0 de multiples utilisations. &nbsp;\u00e0 votre sant\u00e9! ?&nbsp; Un atout attrayant \u00e0 toute armoire de bar ou comme cadeau de f\u00eate des p\u00e8res! Nos shooters de sel de l&rsquo;Himalaya [&hellip;]<\/p>\n","protected":false},"featured_media":376865,"comment_status":"closed","ping_status":"open","template":"","meta":{"_angie_page":false},"product_brand":[],"product_cat":[16988,14446],"product_tag":[],"class_list":{"0":"post-227772","1":"product","2":"type-product","3":"status-publish","4":"has-post-thumbnail","6":"product_cat-cuisine-et-accessoires","7":"product_cat-maison-et-jardin","8":"pa_collection-himalayan-salt-shot-glasses-wood-serving-tray-fr","9":"pa_made-in-pakistan","11":"first","12":"instock","13":"purchasable","14":"product-type-simple"},"supplier_id":null,"supplier_sku":"QsaltS-02","barcode":null,"atum_controlled":true,"out_stock_date":null,"out_stock_threshold":null,"inheritable":false,"inbound_stock":null,"stock_on_hold":0,"sold_today":0,"sales_last_days":0,"reserved_stock":null,"customer_returns":null,"warehouse_damage":null,"lost_in_post":null,"other_logs":null,"out_stock_days":0,"lost_sales":0,"has_location":null,"update_date":"2026-05-08T05:17:58","atum_locations":[],"atum_stock_status":"instock","restock_status":false,"low_stock_amount":"","sales_update_date":"2026-02-06T00:01:27","calc_backorders":null,"_links":{"self":[{"href":"https:\/\/aromasentia.com\/fr\/wp-json\/wp\/v2\/product\/227772","targetHints":{"allow":["GET"]}}],"collection":[{"href":"https:\/\/aromasentia.com\/fr\/wp-json\/wp\/v2\/product"}],"about":[{"href":"https:\/\/aromasentia.com\/fr\/wp-json\/wp\/v2\/types\/product"}],"replies":[{"embeddable":true,"href":"https:\/\/aromasentia.com\/fr\/wp-json\/wp\/v2\/comments?post=227772"}],"version-history":[{"count":0,"href":"https:\/\/aromasentia.com\/fr\/wp-json\/wp\/v2\/product\/227772\/revisions"}],"wp:featuredmedia":[{"embeddable":true,"href":"https:\/\/aromasentia.com\/fr\/wp-json\/wp\/v2\/media\/376865"}],"wp:attachment":[{"href":"https:\/\/aromasentia.com\/fr\/wp-json\/wp\/v2\/media?parent=227772"}],"wp:term":[{"taxonomy":"product_brand","embeddable":true,"href":"https:\/\/aromasentia.com\/fr\/wp-json\/wp\/v2\/product_brand?post=227772"},{"taxonomy":"product_cat","embeddable":true,"href":"https:\/\/aromasentia.com\/fr\/wp-json\/wp\/v2\/product_cat?post=227772"},{"taxonomy":"product_tag","embeddable":true,"href":"https:\/\/aromasentia.com\/fr\/wp-json\/wp\/v2\/product_tag?post=227772"}],"curies":[{"name":"wp","href":"https:\/\/api.w.org\/{rel}","templated":true}]}}