{"id":227764,"date":"2025-03-22T16:05:57","date_gmt":"2025-03-22T16:05:57","guid":{"rendered":"https:\/\/aromasentia.com\/product\/salt-fire-bowl-and-chunks-15cm-x-9cm-2\/"},"modified":"2025-06-23T18:41:36","modified_gmt":"2025-06-23T18:41:36","slug":"salt-fire-bowl-and-chunks-15cm-x-9cm","status":"publish","type":"product","link":"https:\/\/aromasentia.com\/fr\/salt-fire-bowl-and-chunks-15cm-x-9cm\/","title":{"rendered":"Salt Fire Bowl and Chunks &#8211; 15cm x 9cm"},"content":{"rendered":"<p>Cr\u00e9ez une ambiance envo\u00fbtante avec ce bol et ces morceaux de sel pour le feu. Cet ensemble comprend un bol taill\u00e9 dans du sel de l&rsquo;Himalaya (environ 15 cm x 9 cm) rempli de morceaux de sel naturel. Lorsqu&rsquo;une bougie \u00e0 r\u00e9chaud ou une petite ampoule est plac\u00e9e \u00e0 l&rsquo;int\u00e9rieur ou en dessous, les morceaux brillent chaudement, imitant les braises d&rsquo;un feu et lib\u00e9rant des ions n\u00e9gatifs pour purifier l&rsquo;air. Une pi\u00e8ce ma\u00eetresse \u00e9tonnante et th\u00e9rapeutique qui apporte une lueur apaisante et primordiale et une \u00e9nergie purificatrice \u00e0 n&rsquo;importe quel espace, favorisant la relaxation.<\/p>\n","protected":false},"excerpt":{"rendered":"<p>Cr\u00e9ez une ambiance envo\u00fbtante avec ce bol et ces morceaux de sel pour le feu. Cet ensemble comprend un bol taill\u00e9 dans du sel de l&rsquo;Himalaya (environ 15 cm x 9 cm) rempli de morceaux de sel naturel. Lorsqu&rsquo;une bougie \u00e0 r\u00e9chaud ou une petite ampoule est plac\u00e9e \u00e0 l&rsquo;int\u00e9rieur ou en dessous, les morceaux [&hellip;]<\/p>\n","protected":false},"featured_media":376775,"comment_status":"closed","ping_status":"open","template":"","meta":{"_angie_page":false},"product_brand":[],"product_cat":[17264,17242,17265,14446],"product_tag":[],"class_list":{"0":"post-227764","1":"product","2":"type-product","3":"status-publish","4":"has-post-thumbnail","6":"product_cat-cadeaux-esoterique","7":"product_cat-lampes-et-lanternes","8":"product_cat-lampes-sel-himalaya","9":"product_cat-maison-et-jardin","10":"pa_collection-himalayan-salt-lamps-candle-holders-fr","12":"first","13":"instock","14":"purchasable","15":"product-type-simple"},"supplier_id":null,"supplier_sku":"QSalt-62UK","barcode":null,"atum_controlled":true,"out_stock_date":null,"out_stock_threshold":null,"inheritable":false,"inbound_stock":null,"stock_on_hold":0,"sold_today":0,"sales_last_days":0,"reserved_stock":null,"customer_returns":null,"warehouse_damage":null,"lost_in_post":null,"other_logs":null,"out_stock_days":0,"lost_sales":0,"has_location":null,"update_date":"2026-04-27T07:18:58","atum_locations":[],"atum_stock_status":"instock","restock_status":false,"low_stock_amount":"","sales_update_date":"2026-01-30T01:25:31","calc_backorders":null,"_links":{"self":[{"href":"https:\/\/aromasentia.com\/fr\/wp-json\/wp\/v2\/product\/227764","targetHints":{"allow":["GET"]}}],"collection":[{"href":"https:\/\/aromasentia.com\/fr\/wp-json\/wp\/v2\/product"}],"about":[{"href":"https:\/\/aromasentia.com\/fr\/wp-json\/wp\/v2\/types\/product"}],"replies":[{"embeddable":true,"href":"https:\/\/aromasentia.com\/fr\/wp-json\/wp\/v2\/comments?post=227764"}],"version-history":[{"count":0,"href":"https:\/\/aromasentia.com\/fr\/wp-json\/wp\/v2\/product\/227764\/revisions"}],"wp:featuredmedia":[{"embeddable":true,"href":"https:\/\/aromasentia.com\/fr\/wp-json\/wp\/v2\/media\/376775"}],"wp:attachment":[{"href":"https:\/\/aromasentia.com\/fr\/wp-json\/wp\/v2\/media?parent=227764"}],"wp:term":[{"taxonomy":"product_brand","embeddable":true,"href":"https:\/\/aromasentia.com\/fr\/wp-json\/wp\/v2\/product_brand?post=227764"},{"taxonomy":"product_cat","embeddable":true,"href":"https:\/\/aromasentia.com\/fr\/wp-json\/wp\/v2\/product_cat?post=227764"},{"taxonomy":"product_tag","embeddable":true,"href":"https:\/\/aromasentia.com\/fr\/wp-json\/wp\/v2\/product_tag?post=227764"}],"curies":[{"name":"wp","href":"https:\/\/api.w.org\/{rel}","templated":true}]}}