{"id":227748,"date":"2025-03-22T16:05:57","date_gmt":"2025-03-22T16:05:57","guid":{"rendered":"https:\/\/aromasentia.com\/product\/crystal-rock-himalayan-salt-lamp-base-apx-3-5kg\/"},"modified":"2025-06-23T18:41:34","modified_gmt":"2025-06-23T18:41:34","slug":"lampe-au-sel-de-lhimalaya-roche-de-cristal-avec-base-environ-3-5-kg","status":"publish","type":"product","link":"https:\/\/aromasentia.com\/fr\/lampe-au-sel-de-lhimalaya-roche-de-cristal-avec-base-environ-3-5-kg\/","title":{"rendered":"Lampe au Sel de l&rsquo;Himalaya Roche de Cristal avec Base &#8211; environ 3-5 kg"},"content":{"rendered":"<p>Pr\u00e9sentez l&rsquo;essence majestueuse de l&rsquo;Himalaya dans votre magasin avec notre grande<strong>&nbsp;Lampe au sel de l&rsquo;Himalaya Roche de Cristal<\/strong> en gros <strong>(3-5 kg)&nbsp;<\/strong>!&nbsp;<\/p>\n<p>Fabriqu\u00e9e \u00e0 partir d&rsquo;un bloc important de sel authentique de l&rsquo;Himalaya, chaque lampe p\u00e8se entre 3 et 5 kg, ce qui en fait une pi\u00e8ce ma\u00eetresse saisissante qui exige une attention particuli\u00e8re.&nbsp;<\/p>\n<p>La masse importante de ces lampes am\u00e9liore non seulement leur pr\u00e9sence visuelle, mais approfondit \u00e9galement l&rsquo;impact de leur lumi\u00e8re ambiante apaisante.&nbsp;<\/p>\n<p>Ces lampes exploitent les bienfaits r\u00e9put\u00e9s du sel de l\u2019Himalaya pour la sant\u00e9, am\u00e9liorant potentiellement la qualit\u00e9 de l\u2019air et enrichissant n\u2019importe quel espace d\u2019une atmosph\u00e8re apaisante et r\u00e9paratrice.&nbsp;<\/p>\n<p>Elles sont parfaites pour cr\u00e9er un environnement relaxant favorisant le bien-\u00eatre et la tranquillit\u00e9. La taille impressionnante et l&rsquo;allure naturelle de cette lampe lui permettent de se d\u00e9marquer, de captiver vos clients et de susciter leur int\u00e9r\u00eat.&nbsp;<\/p>\n<p>Stockez la lampe au sel de l&rsquo;Himalaya Roche de Cristal (3-5 kg) dans votre gamme et regardez vos ventes briller de mille feux !&nbsp;<\/p>\n<p><strong><span style=\"color: rgb(141, 186, 216);\">Chaque lampe \u00e0 sel est livr\u00e9e avec un luminaire, une ampoule et une prise de type UE.<\/span><\/strong><\/p>\n","protected":false},"excerpt":{"rendered":"<p>Pr\u00e9sentez l&rsquo;essence majestueuse de l&rsquo;Himalaya dans votre magasin avec notre grande&nbsp;Lampe au sel de l&rsquo;Himalaya Roche de Cristal en gros (3-5 kg)&nbsp;!&nbsp; Fabriqu\u00e9e \u00e0 partir d&rsquo;un bloc important de sel authentique de l&rsquo;Himalaya, chaque lampe p\u00e8se entre 3 et 5 kg, ce qui en fait une pi\u00e8ce ma\u00eetresse saisissante qui exige une attention particuli\u00e8re.&nbsp; La [&hellip;]<\/p>\n","protected":false},"featured_media":376611,"comment_status":"closed","ping_status":"open","template":"","meta":[],"product_brand":[],"product_cat":[17264,17242,17265,14446],"product_tag":[],"class_list":{"0":"post-227748","1":"product","2":"type-product","3":"status-publish","4":"has-post-thumbnail","6":"product_cat-cadeaux-esoterique","7":"product_cat-lampes-et-lanternes","8":"product_cat-lampes-sel-himalaya","9":"product_cat-maison-et-jardin","10":"pa_collection-himalayan-salt-lamps-candle-holders-fr","11":"pa_made-in-pakistan","13":"first","14":"instock","15":"purchasable","16":"product-type-simple"},"supplier_id":null,"supplier_sku":"QSalt-13W","barcode":null,"atum_controlled":true,"out_stock_date":null,"out_stock_threshold":null,"inheritable":false,"inbound_stock":null,"stock_on_hold":0,"sold_today":0,"sales_last_days":0,"reserved_stock":null,"customer_returns":null,"warehouse_damage":null,"lost_in_post":null,"other_logs":null,"out_stock_days":0,"lost_sales":0,"has_location":null,"update_date":"2026-02-10T07:20:28","atum_locations":[],"atum_stock_status":"instock","restock_status":false,"low_stock_amount":"","sales_update_date":"2025-09-04T00:29:39","calc_backorders":null,"_links":{"self":[{"href":"https:\/\/aromasentia.com\/fr\/wp-json\/wp\/v2\/product\/227748","targetHints":{"allow":["GET"]}}],"collection":[{"href":"https:\/\/aromasentia.com\/fr\/wp-json\/wp\/v2\/product"}],"about":[{"href":"https:\/\/aromasentia.com\/fr\/wp-json\/wp\/v2\/types\/product"}],"replies":[{"embeddable":true,"href":"https:\/\/aromasentia.com\/fr\/wp-json\/wp\/v2\/comments?post=227748"}],"version-history":[{"count":0,"href":"https:\/\/aromasentia.com\/fr\/wp-json\/wp\/v2\/product\/227748\/revisions"}],"wp:featuredmedia":[{"embeddable":true,"href":"https:\/\/aromasentia.com\/fr\/wp-json\/wp\/v2\/media\/376611"}],"wp:attachment":[{"href":"https:\/\/aromasentia.com\/fr\/wp-json\/wp\/v2\/media?parent=227748"}],"wp:term":[{"taxonomy":"product_brand","embeddable":true,"href":"https:\/\/aromasentia.com\/fr\/wp-json\/wp\/v2\/product_brand?post=227748"},{"taxonomy":"product_cat","embeddable":true,"href":"https:\/\/aromasentia.com\/fr\/wp-json\/wp\/v2\/product_cat?post=227748"},{"taxonomy":"product_tag","embeddable":true,"href":"https:\/\/aromasentia.com\/fr\/wp-json\/wp\/v2\/product_tag?post=227748"}],"curies":[{"name":"wp","href":"https:\/\/api.w.org\/{rel}","templated":true}]}}