{"id":227744,"date":"2025-03-22T16:05:57","date_gmt":"2025-03-22T16:05:57","guid":{"rendered":"https:\/\/aromasentia.com\/product\/crystal-rock-himalayan-salt-lamp-base-apx-2-3kg\/"},"modified":"2025-06-23T18:41:34","modified_gmt":"2025-06-23T18:41:34","slug":"lampe-au-sel-de-lhimalaya-roche-de-cristal-avec-base-environ-2-3-kg","status":"publish","type":"product","link":"https:\/\/aromasentia.com\/fr\/lampe-au-sel-de-lhimalaya-roche-de-cristal-avec-base-environ-2-3-kg\/","title":{"rendered":"Lampe au Sel de l&rsquo;Himalaya Roche de Cristal avec Base &#8211; environ 2-3 kg"},"content":{"rendered":"<p>Am\u00e9liorez l&rsquo;ambiance de votre magasin avec notre <strong>Lampe au sel de l&rsquo;Himalaya Roche de Cristal&nbsp;<\/strong>en gros<strong>&nbsp;(2-3 kg)<\/strong> !&nbsp;<\/p>\n<p>Chaque lampe est sculpt\u00e9e \u00e0 la main \u00e0 partir de sel blanc immacul\u00e9 de l&rsquo;Himalaya, garantissant qu&rsquo;il n&rsquo;y en a pas deux identiques. Les variations naturelles de taille, de forme et de couleur font de chaque lampe une pi\u00e8ce distinctive, parfaite pour ajouter une touche d&rsquo;\u00e9l\u00e9gance organique \u00e0 n&rsquo;importe quelle pi\u00e8ce.&nbsp;<\/p>\n<p>Le sel de l\u2019Himalaya est c\u00e9l\u00e8bre non seulement pour sa beaut\u00e9 mais aussi pour ses bienfaits potentiels pour la sant\u00e9. On pense qu\u2019il lib\u00e8re des ions n\u00e9gatifs, ce qui peut aider \u00e0 purifier l\u2019air et \u00e0 favoriser un environnement plus serein.&nbsp;<\/p>\n<p>Permettez \u00e0 vos clients de se d\u00e9tendre dans la lueur douce et apaisante de la lampe au sel de l&rsquo;Himalaya Roche de Cristal 2-3 kg. Avec leur popularit\u00e9 croissante parmi les amateurs de design d\u2019int\u00e9rieur, ces lampes \u00e0 sel deviendront certainement un article tr\u00e8s vendu dans votre gamme.&nbsp;<\/p>\n<p><strong><span style=\"color: rgb(141, 186, 216);\">Chaque lampe \u00e0 sel est livr\u00e9e avec un luminaire, une ampoule et une prise de type UE.<\/span><\/strong><\/p>\n","protected":false},"excerpt":{"rendered":"<p>Am\u00e9liorez l&rsquo;ambiance de votre magasin avec notre Lampe au sel de l&rsquo;Himalaya Roche de Cristal&nbsp;en gros&nbsp;(2-3 kg) !&nbsp; Chaque lampe est sculpt\u00e9e \u00e0 la main \u00e0 partir de sel blanc immacul\u00e9 de l&rsquo;Himalaya, garantissant qu&rsquo;il n&rsquo;y en a pas deux identiques. Les variations naturelles de taille, de forme et de couleur font de chaque lampe [&hellip;]<\/p>\n","protected":false},"featured_media":376562,"comment_status":"closed","ping_status":"open","template":"","meta":[],"product_brand":[],"product_cat":[17264,17242,17265,14446],"product_tag":[],"class_list":{"0":"post-227744","1":"product","2":"type-product","3":"status-publish","4":"has-post-thumbnail","6":"product_cat-cadeaux-esoterique","7":"product_cat-lampes-et-lanternes","8":"product_cat-lampes-sel-himalaya","9":"product_cat-maison-et-jardin","10":"pa_collection-himalayan-salt-lamps-candle-holders-fr","11":"pa_made-in-pakistan","13":"first","14":"instock","15":"purchasable","16":"product-type-simple"},"supplier_id":null,"supplier_sku":"QSalt-12W","barcode":null,"atum_controlled":true,"out_stock_date":null,"out_stock_threshold":null,"inheritable":false,"inbound_stock":null,"stock_on_hold":0,"sold_today":0,"sales_last_days":0,"reserved_stock":null,"customer_returns":null,"warehouse_damage":null,"lost_in_post":null,"other_logs":null,"out_stock_days":0,"lost_sales":0,"has_location":null,"update_date":"2026-02-10T10:23:39","atum_locations":[],"atum_stock_status":"instock","restock_status":false,"low_stock_amount":"","sales_update_date":"2025-09-04T00:29:39","calc_backorders":null,"_links":{"self":[{"href":"https:\/\/aromasentia.com\/fr\/wp-json\/wp\/v2\/product\/227744","targetHints":{"allow":["GET"]}}],"collection":[{"href":"https:\/\/aromasentia.com\/fr\/wp-json\/wp\/v2\/product"}],"about":[{"href":"https:\/\/aromasentia.com\/fr\/wp-json\/wp\/v2\/types\/product"}],"replies":[{"embeddable":true,"href":"https:\/\/aromasentia.com\/fr\/wp-json\/wp\/v2\/comments?post=227744"}],"version-history":[{"count":0,"href":"https:\/\/aromasentia.com\/fr\/wp-json\/wp\/v2\/product\/227744\/revisions"}],"wp:featuredmedia":[{"embeddable":true,"href":"https:\/\/aromasentia.com\/fr\/wp-json\/wp\/v2\/media\/376562"}],"wp:attachment":[{"href":"https:\/\/aromasentia.com\/fr\/wp-json\/wp\/v2\/media?parent=227744"}],"wp:term":[{"taxonomy":"product_brand","embeddable":true,"href":"https:\/\/aromasentia.com\/fr\/wp-json\/wp\/v2\/product_brand?post=227744"},{"taxonomy":"product_cat","embeddable":true,"href":"https:\/\/aromasentia.com\/fr\/wp-json\/wp\/v2\/product_cat?post=227744"},{"taxonomy":"product_tag","embeddable":true,"href":"https:\/\/aromasentia.com\/fr\/wp-json\/wp\/v2\/product_tag?post=227744"}],"curies":[{"name":"wp","href":"https:\/\/api.w.org\/{rel}","templated":true}]}}