{"id":227720,"date":"2025-03-22T16:05:57","date_gmt":"2025-03-22T16:05:57","guid":{"rendered":"https:\/\/aromasentia.com\/product\/grey-salt-candle-holder-600-800g\/"},"modified":"2025-06-23T18:41:31","modified_gmt":"2025-06-23T18:41:31","slug":"bougeoir-sel-gris-600-800g","status":"publish","type":"product","link":"https:\/\/aromasentia.com\/fr\/bougeoir-sel-gris-600-800g\/","title":{"rendered":"Bougeoir Sel Gris 600-800g"},"content":{"rendered":"<p>Vente en gros de <strong><span style=\"color: rgb(75, 80, 88);\">Bougeoirs en sel de l&rsquo;Himalaya<\/span><\/strong>, avec ce bougeoir, vous pouvez cr\u00e9er une lumi\u00e8re chaude et am\u00e9liorer l&rsquo;atmosph\u00e8re de votre maison ou de votre bureau, il fera certainement un merveilleux ajout \u00e0 n&rsquo;importe quelle pi\u00e8ce.&nbsp;<\/p>\n<p>Ce sont des produits naturels, ils sont cr\u00e9\u00e9s \u00e0 partir de grottes de sel trouv\u00e9es \u00e0 le contrefort de la montagne himalayenne. le principal avantage des bougies au sel de l&rsquo;Himalaya est leur capacit\u00e9 \u00e0 ioniser l&rsquo;air. Ces pierres \u00e9mettent des ions n\u00e9gatifs qui \u00e9quilibrent l&rsquo;environnement en adh\u00e9rant aux ions positifs \u00e9mis par les appareils \u00e9lectroniques, c&rsquo;est-\u00e0-dire qu&rsquo;elles sont capables d&rsquo;absorber les ondes \u00e9lectromagn\u00e9tiques en exc\u00e8s.&nbsp;<\/p>\n<p>Remarque : chaque bougeoir est unique, la taille et la forme du bougeoir en sel naturel peuvent varier.&nbsp;<\/p>\n<p><strong><span style=\"color: rgb(75, 80, 88);\"><em>Chaque bougeoir en sel p\u00e8se environ 600-800g<\/em><\/span><\/strong><\/p>\n","protected":false},"excerpt":{"rendered":"<p>Vente en gros de Bougeoirs en sel de l&rsquo;Himalaya, avec ce bougeoir, vous pouvez cr\u00e9er une lumi\u00e8re chaude et am\u00e9liorer l&rsquo;atmosph\u00e8re de votre maison ou de votre bureau, il fera certainement un merveilleux ajout \u00e0 n&rsquo;importe quelle pi\u00e8ce.&nbsp; Ce sont des produits naturels, ils sont cr\u00e9\u00e9s \u00e0 partir de grottes de sel trouv\u00e9es \u00e0 le [&hellip;]<\/p>\n","protected":false},"featured_media":376460,"comment_status":"closed","ping_status":"open","template":"","meta":{"_angie_page":false},"product_brand":[],"product_cat":[17460,17461,17264,17265],"product_tag":[],"class_list":{"0":"post-227720","1":"product","2":"type-product","3":"status-publish","4":"has-post-thumbnail","6":"product_cat-bougeoirs","7":"product_cat-bougeoirs-et-bougies","8":"product_cat-cadeaux-esoterique","9":"product_cat-lampes-sel-himalaya","10":"pa_collection-himalayan-salt-lamps-candle-holders-fr","11":"pa_made-in-pakistan","13":"first","14":"instock","15":"purchasable","16":"product-type-simple"},"supplier_id":null,"supplier_sku":"QSalt-08G","barcode":null,"atum_controlled":true,"out_stock_date":null,"out_stock_threshold":null,"inheritable":false,"inbound_stock":null,"stock_on_hold":0,"sold_today":0,"sales_last_days":0,"reserved_stock":null,"customer_returns":null,"warehouse_damage":null,"lost_in_post":null,"other_logs":null,"out_stock_days":0,"lost_sales":0,"has_location":null,"update_date":"2026-04-27T07:18:52","atum_locations":[],"atum_stock_status":"instock","restock_status":false,"low_stock_amount":"","sales_update_date":"2026-02-06T00:02:05","calc_backorders":null,"_links":{"self":[{"href":"https:\/\/aromasentia.com\/fr\/wp-json\/wp\/v2\/product\/227720","targetHints":{"allow":["GET"]}}],"collection":[{"href":"https:\/\/aromasentia.com\/fr\/wp-json\/wp\/v2\/product"}],"about":[{"href":"https:\/\/aromasentia.com\/fr\/wp-json\/wp\/v2\/types\/product"}],"replies":[{"embeddable":true,"href":"https:\/\/aromasentia.com\/fr\/wp-json\/wp\/v2\/comments?post=227720"}],"version-history":[{"count":0,"href":"https:\/\/aromasentia.com\/fr\/wp-json\/wp\/v2\/product\/227720\/revisions"}],"wp:featuredmedia":[{"embeddable":true,"href":"https:\/\/aromasentia.com\/fr\/wp-json\/wp\/v2\/media\/376460"}],"wp:attachment":[{"href":"https:\/\/aromasentia.com\/fr\/wp-json\/wp\/v2\/media?parent=227720"}],"wp:term":[{"taxonomy":"product_brand","embeddable":true,"href":"https:\/\/aromasentia.com\/fr\/wp-json\/wp\/v2\/product_brand?post=227720"},{"taxonomy":"product_cat","embeddable":true,"href":"https:\/\/aromasentia.com\/fr\/wp-json\/wp\/v2\/product_cat?post=227720"},{"taxonomy":"product_tag","embeddable":true,"href":"https:\/\/aromasentia.com\/fr\/wp-json\/wp\/v2\/product_tag?post=227720"}],"curies":[{"name":"wp","href":"https:\/\/api.w.org\/{rel}","templated":true}]}}