{"id":227716,"date":"2025-03-22T16:05:57","date_gmt":"2025-03-22T16:05:57","guid":{"rendered":"https:\/\/aromasentia.com\/product\/grey-himalayan-salt-lamp-1-5-2kg\/"},"modified":"2025-06-23T18:41:31","modified_gmt":"2025-06-23T18:41:31","slug":"lampe-de-sel-de-lhimalaya-grise-1-5-2kg","status":"publish","type":"product","link":"https:\/\/aromasentia.com\/fr\/lampe-de-sel-de-lhimalaya-grise-1-5-2kg\/","title":{"rendered":"Lampe de Sel de l&rsquo;Himalaya Grise &#8211; 1.5 &#8211; 2kg"},"content":{"rendered":"<p><strong><span style=\"color: rgb(75, 80, 88);\">Lampes \u00e0 sel de l&rsquo;Himalaya<\/span><\/strong> : Une teneur plus \u00e9lev\u00e9e en fer, en soufre et en magn\u00e9sium leur donne une couleur plus fonc\u00e9e et leur \u00e9clat est beaucoup plus doux que les lampes \u00e0 sel roses ou blanches. Les lampes au sel gemme grises, aussi parfois appel\u00e9es lampes au sel noir, sont id\u00e9ales pour les chambres o\u00f9vous ne voulez pas trop de lumi\u00e8re.&nbsp;<\/p>\n<p>En utilisant une lampe \u00e0 sel en cristal de l&rsquo;Himalaya, vous remplacez les ions charg\u00e9s n\u00e9gativement dans l&rsquo;air, ce qui nous aide \u00e0 \u00e9viter les dommages physiques et mentaux pr\u00e9sum\u00e9s cr\u00e9\u00e9s par le \u00ab\u00a0smog \u00e9lectrique\u00a0\u00bb. Chaque lampe \u00e0 sel en gros est livr\u00e9e avec un luminaire de 1,5 m\u00e8tre, une ampoule et une prise. Plut\u00f4t que de les vendre par taille, nous les vendons par poids approximatif. Les articles sont marqu\u00e9s<\/p>\n<p><strong><span style=\"color: rgb(141, 186, 216);\">Allumez des ventes suppl\u00e9mentaires, commandez maintenant<\/span><\/strong><\/p>\n","protected":false},"excerpt":{"rendered":"<p>Lampes \u00e0 sel de l&rsquo;Himalaya : Une teneur plus \u00e9lev\u00e9e en fer, en soufre et en magn\u00e9sium leur donne une couleur plus fonc\u00e9e et leur \u00e9clat est beaucoup plus doux que les lampes \u00e0 sel roses ou blanches. Les lampes au sel gemme grises, aussi parfois appel\u00e9es lampes au sel noir, sont id\u00e9ales pour les [&hellip;]<\/p>\n","protected":false},"featured_media":376435,"comment_status":"closed","ping_status":"open","template":"","meta":[],"product_brand":[],"product_cat":[17264,17242,17265,14446],"product_tag":[],"class_list":{"0":"post-227716","1":"product","2":"type-product","3":"status-publish","4":"has-post-thumbnail","6":"product_cat-cadeaux-esoterique","7":"product_cat-lampes-et-lanternes","8":"product_cat-lampes-sel-himalaya","9":"product_cat-maison-et-jardin","10":"pa_collection-himalayan-salt-lamps-candle-holders-fr","11":"pa_made-in-pakistan","13":"first","14":"instock","15":"purchasable","16":"product-type-simple"},"supplier_id":null,"supplier_sku":"QSalt-26G","barcode":null,"atum_controlled":true,"out_stock_date":null,"out_stock_threshold":null,"inheritable":false,"inbound_stock":null,"stock_on_hold":0,"sold_today":0,"sales_last_days":0,"reserved_stock":null,"customer_returns":null,"warehouse_damage":null,"lost_in_post":null,"other_logs":null,"out_stock_days":0,"lost_sales":0,"has_location":null,"update_date":"2026-01-29T22:34:10","atum_locations":[],"atum_stock_status":"instock","restock_status":false,"low_stock_amount":"","sales_update_date":"2025-09-04T00:29:37","calc_backorders":null,"_links":{"self":[{"href":"https:\/\/aromasentia.com\/fr\/wp-json\/wp\/v2\/product\/227716","targetHints":{"allow":["GET"]}}],"collection":[{"href":"https:\/\/aromasentia.com\/fr\/wp-json\/wp\/v2\/product"}],"about":[{"href":"https:\/\/aromasentia.com\/fr\/wp-json\/wp\/v2\/types\/product"}],"replies":[{"embeddable":true,"href":"https:\/\/aromasentia.com\/fr\/wp-json\/wp\/v2\/comments?post=227716"}],"version-history":[{"count":0,"href":"https:\/\/aromasentia.com\/fr\/wp-json\/wp\/v2\/product\/227716\/revisions"}],"wp:featuredmedia":[{"embeddable":true,"href":"https:\/\/aromasentia.com\/fr\/wp-json\/wp\/v2\/media\/376435"}],"wp:attachment":[{"href":"https:\/\/aromasentia.com\/fr\/wp-json\/wp\/v2\/media?parent=227716"}],"wp:term":[{"taxonomy":"product_brand","embeddable":true,"href":"https:\/\/aromasentia.com\/fr\/wp-json\/wp\/v2\/product_brand?post=227716"},{"taxonomy":"product_cat","embeddable":true,"href":"https:\/\/aromasentia.com\/fr\/wp-json\/wp\/v2\/product_cat?post=227716"},{"taxonomy":"product_tag","embeddable":true,"href":"https:\/\/aromasentia.com\/fr\/wp-json\/wp\/v2\/product_tag?post=227716"}],"curies":[{"name":"wp","href":"https:\/\/api.w.org\/{rel}","templated":true}]}}