{"id":227704,"date":"2025-03-22T16:05:57","date_gmt":"2025-03-22T16:05:57","guid":{"rendered":"https:\/\/aromasentia.com\/product\/heart-shaped-himalayan-salt-lamp\/"},"modified":"2025-12-30T19:15:00","modified_gmt":"2025-12-30T19:15:00","slug":"lampe-de-sel-sculptee-coeur","status":"publish","type":"product","link":"https:\/\/aromasentia.com\/fr\/lampe-de-sel-sculptee-coeur\/","title":{"rendered":"Lampe de Sel Sculpt\u00e9e &#8211; C\u0153ur"},"content":{"rendered":"<p>Chaque<strong><span style=\"color: rgb(75, 80, 88);\">&nbsp;lampe \u00e0 sel Coeur <\/span><\/strong>en gros est livr\u00e9e avec un luminaire, une ampoule et une prise de type UE. En utilisant une lampe \u00e0 sel en cristal de l&rsquo;Himalaya, vous remplacez les ions charg\u00e9s n\u00e9gativement dans l&rsquo;air, ce qui nous aide \u00e0 \u00e9viter les dommages physiques et mentaux pr\u00e9sum\u00e9s cr\u00e9\u00e9s par le &laquo; smog \u00e9lectrique &raquo;. Chaque lampe \u00e0 sel en gros est livr\u00e9e avec un luminaire, une ampoule et une prise.&nbsp;<\/p>\n<p>Plut\u00f4t que de les vendre par taille, nous les vendons par poids approximatif. Les articles sont marqu\u00e9s avec des tailles pour donner une id\u00e9e approximative de la taille uniquement, chaque lampe est compl\u00e8tement unique.&nbsp;<\/p>\n<p>Veuillez noter: En raison des propri\u00e9t\u00e9s hygroscopiques du sel, les lampes et bougeoirs au sel de l&rsquo;Himalaya absorbent l&rsquo;humidit\u00e9 de l&rsquo;air. &nbsp;Si votre lampe &laquo; transpire &raquo; ou fuit de l&rsquo;eau, cela est g\u00e9n\u00e9ralement d\u00fb au fait qu&rsquo;elle a \u00e9t\u00e9 \u00e9teinte pendant de longues p\u00e9riodes, en particulier dans des conditions humides. Pour y rem\u00e9dier, laissez en plein soleil pendant 4 \u00e0 5 heures et brossez tout exc\u00e8s de cristaux. Ou essuyez doucement avec un chiffon sec. Si vous n&rsquo;utilisez pas la lampe au sel de l&rsquo;Himalaya pendant de longues p\u00e9riodes (par exemple pendant les vacances), d\u00e9branchez le c\u00e2ble et retirez-le de la lampe.&nbsp;<\/p>\n<p>Dans des conditions humides, nous vous recommandons de placer votre lampe sur un petit plateau ou un plat au cas o\u00f9ils pourraient accumuler de l&rsquo;eau. Ceux-ci sont livr\u00e9s dans des cartons de protection qui peuvent devenir humides pendant le transport en raison de leurs propri\u00e9t\u00e9s hygroscopiques.&nbsp;<\/p>\n<p>Dimensions : 11x17x19 (cm)&nbsp;<\/p>\n<p>Poids : 3.615Kg<\/p>\n","protected":false},"excerpt":{"rendered":"<p>Chaque&nbsp;lampe \u00e0 sel Coeur en gros est livr\u00e9e avec un luminaire, une ampoule et une prise de type UE. En utilisant une lampe \u00e0 sel en cristal de l&rsquo;Himalaya, vous remplacez les ions charg\u00e9s n\u00e9gativement dans l&rsquo;air, ce qui nous aide \u00e0 \u00e9viter les dommages physiques et mentaux pr\u00e9sum\u00e9s cr\u00e9\u00e9s par le &laquo; smog \u00e9lectrique [&hellip;]<\/p>\n","protected":false},"featured_media":376336,"comment_status":"closed","ping_status":"open","template":"","meta":{"_angie_page":false},"product_brand":[],"product_cat":[17264,17242,17265,14446],"product_tag":[],"class_list":{"0":"post-227704","1":"product","2":"type-product","3":"status-publish","4":"has-post-thumbnail","6":"product_cat-cadeaux-esoterique","7":"product_cat-lampes-et-lanternes","8":"product_cat-lampes-sel-himalaya","9":"product_cat-maison-et-jardin","10":"pa_collection-himalayan-salt-lamps-candle-holders-fr","11":"pa_made-in-royaume-uni","13":"first","14":"instock","15":"purchasable","16":"product-type-simple"},"supplier_id":null,"supplier_sku":"QSalt-63N","barcode":null,"atum_controlled":true,"out_stock_date":null,"out_stock_threshold":null,"inheritable":false,"inbound_stock":null,"stock_on_hold":0,"sold_today":0,"sales_last_days":0,"reserved_stock":null,"customer_returns":null,"warehouse_damage":null,"lost_in_post":null,"other_logs":null,"out_stock_days":0,"lost_sales":0,"has_location":null,"update_date":"2026-04-27T07:18:58","atum_locations":[],"atum_stock_status":"instock","restock_status":false,"low_stock_amount":"","sales_update_date":"2025-09-04T00:29:36","calc_backorders":null,"_links":{"self":[{"href":"https:\/\/aromasentia.com\/fr\/wp-json\/wp\/v2\/product\/227704","targetHints":{"allow":["GET"]}}],"collection":[{"href":"https:\/\/aromasentia.com\/fr\/wp-json\/wp\/v2\/product"}],"about":[{"href":"https:\/\/aromasentia.com\/fr\/wp-json\/wp\/v2\/types\/product"}],"replies":[{"embeddable":true,"href":"https:\/\/aromasentia.com\/fr\/wp-json\/wp\/v2\/comments?post=227704"}],"version-history":[{"count":0,"href":"https:\/\/aromasentia.com\/fr\/wp-json\/wp\/v2\/product\/227704\/revisions"}],"wp:featuredmedia":[{"embeddable":true,"href":"https:\/\/aromasentia.com\/fr\/wp-json\/wp\/v2\/media\/376336"}],"wp:attachment":[{"href":"https:\/\/aromasentia.com\/fr\/wp-json\/wp\/v2\/media?parent=227704"}],"wp:term":[{"taxonomy":"product_brand","embeddable":true,"href":"https:\/\/aromasentia.com\/fr\/wp-json\/wp\/v2\/product_brand?post=227704"},{"taxonomy":"product_cat","embeddable":true,"href":"https:\/\/aromasentia.com\/fr\/wp-json\/wp\/v2\/product_cat?post=227704"},{"taxonomy":"product_tag","embeddable":true,"href":"https:\/\/aromasentia.com\/fr\/wp-json\/wp\/v2\/product_tag?post=227704"}],"curies":[{"name":"wp","href":"https:\/\/api.w.org\/{rel}","templated":true}]}}