{"id":227696,"date":"2025-03-22T16:05:57","date_gmt":"2025-03-22T16:05:57","guid":{"rendered":"https:\/\/aromasentia.com\/product\/natural-salt-candle-holder-2-holes\/"},"modified":"2025-06-23T18:41:28","modified_gmt":"2025-06-23T18:41:28","slug":"bougeoirs-en-cristal-de-sel-de-lhimalaya-brut-2-bougies","status":"publish","type":"product","link":"https:\/\/aromasentia.com\/fr\/bougeoirs-en-cristal-de-sel-de-lhimalaya-brut-2-bougies\/","title":{"rendered":"Bougeoirs en cristal de Sel de l\u2019Himalaya Brut &#8211; 2 Bougies"},"content":{"rendered":"<p>On pense que ces <strong><span style=\"color: rgb(75, 80, 88);\">Bougeoirs en Sel de l&rsquo;Himalaya&nbsp;<\/span><\/strong>en gros cr\u00e9ent des ions charg\u00e9s n\u00e9gativement dans l&rsquo;air. C&rsquo;est une bonne chose car la pollution moderne et les \u00e9quipements \u00e9lectriques cr\u00e9ent des ions positifs dans l&rsquo;air qui sont potentiellement nocifs pour nous et d\u00e9t\u00e9riorent la qualit\u00e9 de l&rsquo;air dans les zones touch\u00e9es.&nbsp;<\/p>\n<p>En utilisant une lampe \u00e0 sel en cristal de l&rsquo;Himalaya, vous remplacez les ions charg\u00e9s n\u00e9gativement dans l&rsquo;air, ce qui nous aide \u00e0 \u00e9viter les dommages physiques et mentaux pr\u00e9sum\u00e9s cr\u00e9\u00e9s par le &laquo; smog \u00e9lectrique &raquo;.&nbsp;<\/p>\n<p>Chaque bougeoir Salt en gros est unique plut\u00f4t que de les vendre par taille, nous les vendons par poids approximatif.&nbsp;<\/p>\n<p><strong><span style=\"color: rgb(141, 186, 216);\">Les articles sont marqu\u00e9s avec des tailles pour donner une id\u00e9e approximative de la taille uniquement,<\/span><\/strong><\/p>\n","protected":false},"excerpt":{"rendered":"<p>On pense que ces Bougeoirs en Sel de l&rsquo;Himalaya&nbsp;en gros cr\u00e9ent des ions charg\u00e9s n\u00e9gativement dans l&rsquo;air. C&rsquo;est une bonne chose car la pollution moderne et les \u00e9quipements \u00e9lectriques cr\u00e9ent des ions positifs dans l&rsquo;air qui sont potentiellement nocifs pour nous et d\u00e9t\u00e9riorent la qualit\u00e9 de l&rsquo;air dans les zones touch\u00e9es.&nbsp; En utilisant une lampe [&hellip;]<\/p>\n","protected":false},"featured_media":376262,"comment_status":"closed","ping_status":"open","template":"","meta":{"_angie_page":false},"product_brand":[],"product_cat":[17460,17461,17264,17265],"product_tag":[],"class_list":{"0":"post-227696","1":"product","2":"type-product","3":"status-publish","4":"has-post-thumbnail","6":"product_cat-bougeoirs","7":"product_cat-bougeoirs-et-bougies","8":"product_cat-cadeaux-esoterique","9":"product_cat-lampes-sel-himalaya","10":"pa_collection-himalayan-salt-lamps-candle-holders-fr","11":"pa_made-in-pakistan","13":"first","14":"instock","15":"purchasable","16":"product-type-simple"},"supplier_id":null,"supplier_sku":"QSalt-44","barcode":null,"atum_controlled":true,"out_stock_date":null,"out_stock_threshold":null,"inheritable":false,"inbound_stock":null,"stock_on_hold":0,"sold_today":0,"sales_last_days":0,"reserved_stock":null,"customer_returns":null,"warehouse_damage":null,"lost_in_post":null,"other_logs":null,"out_stock_days":0,"lost_sales":0,"has_location":null,"update_date":"2026-04-27T07:18:58","atum_locations":[],"atum_stock_status":"instock","restock_status":false,"low_stock_amount":"","sales_update_date":"2025-09-04T00:29:35","calc_backorders":null,"_links":{"self":[{"href":"https:\/\/aromasentia.com\/fr\/wp-json\/wp\/v2\/product\/227696","targetHints":{"allow":["GET"]}}],"collection":[{"href":"https:\/\/aromasentia.com\/fr\/wp-json\/wp\/v2\/product"}],"about":[{"href":"https:\/\/aromasentia.com\/fr\/wp-json\/wp\/v2\/types\/product"}],"replies":[{"embeddable":true,"href":"https:\/\/aromasentia.com\/fr\/wp-json\/wp\/v2\/comments?post=227696"}],"version-history":[{"count":0,"href":"https:\/\/aromasentia.com\/fr\/wp-json\/wp\/v2\/product\/227696\/revisions"}],"wp:featuredmedia":[{"embeddable":true,"href":"https:\/\/aromasentia.com\/fr\/wp-json\/wp\/v2\/media\/376262"}],"wp:attachment":[{"href":"https:\/\/aromasentia.com\/fr\/wp-json\/wp\/v2\/media?parent=227696"}],"wp:term":[{"taxonomy":"product_brand","embeddable":true,"href":"https:\/\/aromasentia.com\/fr\/wp-json\/wp\/v2\/product_brand?post=227696"},{"taxonomy":"product_cat","embeddable":true,"href":"https:\/\/aromasentia.com\/fr\/wp-json\/wp\/v2\/product_cat?post=227696"},{"taxonomy":"product_tag","embeddable":true,"href":"https:\/\/aromasentia.com\/fr\/wp-json\/wp\/v2\/product_tag?post=227696"}],"curies":[{"name":"wp","href":"https:\/\/api.w.org\/{rel}","templated":true}]}}