{"id":227692,"date":"2025-03-22T16:05:57","date_gmt":"2025-03-22T16:05:57","guid":{"rendered":"https:\/\/aromasentia.com\/product\/salt-lamp-egg-wooden-base\/"},"modified":"2025-06-23T18:41:28","modified_gmt":"2025-06-23T18:41:28","slug":"lampe-de-sel-de-lhimalaya-oeuf-base-en-bois","status":"publish","type":"product","link":"https:\/\/aromasentia.com\/fr\/lampe-de-sel-de-lhimalaya-oeuf-base-en-bois\/","title":{"rendered":"Lampe de Sel de l&rsquo;Himalaya &#8211; Oeuf base en Bois"},"content":{"rendered":"<p>Les <strong><span style=\"color: rgb(209, 72, 65);\">Lampes en Sel de l&apos;Himalaya <\/span><\/strong>cr\u00e9ent un environnent charg\u00e9 en ions n\u00e9gatifs , un avantage alors que la pollution et l&apos;\u00e9quipement \u00e9lectronique ajoutent des ions positifs dans l&apos;air environnant, potentiellement toxiques et sont responsables de la d\u00e9t\u00e9rioration de la qualit\u00e9 de l&apos;air .<\/p>\n<p><strong><span style=\"color: rgb(147, 101, 184);\">Chaque lampe est livr\u00e9e en kit complet comprenant l&apos;emplacement pour l&apos;ampoule, ampoule et c\u00e2ble d&apos;alimentation.<\/span><\/strong><\/p>\n<h1><strong><span style=\"color: rgb(209, 72, 65);\">Remarque :<\/span><\/strong><\/h1>\n<p>Le Sel de l&apos;Himalaya est une substance <strong>hygroscopique<\/strong>, capable d&apos;absorber l&apos;humidit\u00e9 de l&apos;air.<\/p>\n<p>Dans certains cas, vous pourrez observer que la lampe &apos;transpire&apos; ou \u00e9coule de l&apos;eau. &nbsp;Cela est d\u00fb aux conditions humides de l&apos;environnement et d\u00e9pend du temps pass\u00e9 sans que la lampe ait \u00e9t\u00e9 utilis\u00e9e.<\/p>\n<p>Pour y rem\u00e9dier, exposez \u00e0 la lumi\u00e8re du Soleil et<strong> brossez la lampe pour \u00e9liminer les cristaux en exc\u00e8s<\/strong>. &nbsp;Vous pouvez aussi essuyer la lampe \u00e0 l&apos;aide d&apos;un chiffon sec.<\/p>\n<p>Dans des conditions humides, nous vous conseillons de placer la lampe sur un petit plateau en cas de fuite d&apos;eau.<\/p>\n<p><strong><span style=\"color: rgb(84, 172, 210);\">Le produit est vendu dans un emballage neutre.<\/span><\/strong><\/p>\n","protected":false},"excerpt":{"rendered":"<p>Les Lampes en Sel de l&apos;Himalaya cr\u00e9ent un environnent charg\u00e9 en ions n\u00e9gatifs , un avantage alors que la pollution et l&apos;\u00e9quipement \u00e9lectronique ajoutent des ions positifs dans l&apos;air environnant, potentiellement toxiques et sont responsables de la d\u00e9t\u00e9rioration de la qualit\u00e9 de l&apos;air . Chaque lampe est livr\u00e9e en kit complet comprenant l&apos;emplacement pour l&apos;ampoule, [&hellip;]<\/p>\n","protected":false},"featured_media":376213,"comment_status":"closed","ping_status":"open","template":"","meta":{"_angie_page":false},"product_brand":[],"product_cat":[17264,17242,17265,14446],"product_tag":[],"class_list":{"0":"post-227692","1":"product","2":"type-product","3":"status-publish","4":"has-post-thumbnail","6":"product_cat-cadeaux-esoterique","7":"product_cat-lampes-et-lanternes","8":"product_cat-lampes-sel-himalaya","9":"product_cat-maison-et-jardin","10":"pa_collection-himalayan-salt-lamps-candle-holders-fr","11":"pa_made-in-pakistan","13":"first","14":"instock","15":"purchasable","16":"product-type-simple"},"supplier_id":null,"supplier_sku":"QSalt-28","barcode":null,"atum_controlled":true,"out_stock_date":null,"out_stock_threshold":null,"inheritable":false,"inbound_stock":null,"stock_on_hold":0,"sold_today":0,"sales_last_days":0,"reserved_stock":null,"customer_returns":null,"warehouse_damage":null,"lost_in_post":null,"other_logs":null,"out_stock_days":0,"lost_sales":0,"has_location":null,"update_date":"2026-04-27T07:18:58","atum_locations":[],"atum_stock_status":"instock","restock_status":false,"low_stock_amount":"","sales_update_date":"2026-02-06T00:01:27","calc_backorders":null,"_links":{"self":[{"href":"https:\/\/aromasentia.com\/fr\/wp-json\/wp\/v2\/product\/227692","targetHints":{"allow":["GET"]}}],"collection":[{"href":"https:\/\/aromasentia.com\/fr\/wp-json\/wp\/v2\/product"}],"about":[{"href":"https:\/\/aromasentia.com\/fr\/wp-json\/wp\/v2\/types\/product"}],"replies":[{"embeddable":true,"href":"https:\/\/aromasentia.com\/fr\/wp-json\/wp\/v2\/comments?post=227692"}],"version-history":[{"count":0,"href":"https:\/\/aromasentia.com\/fr\/wp-json\/wp\/v2\/product\/227692\/revisions"}],"wp:featuredmedia":[{"embeddable":true,"href":"https:\/\/aromasentia.com\/fr\/wp-json\/wp\/v2\/media\/376213"}],"wp:attachment":[{"href":"https:\/\/aromasentia.com\/fr\/wp-json\/wp\/v2\/media?parent=227692"}],"wp:term":[{"taxonomy":"product_brand","embeddable":true,"href":"https:\/\/aromasentia.com\/fr\/wp-json\/wp\/v2\/product_brand?post=227692"},{"taxonomy":"product_cat","embeddable":true,"href":"https:\/\/aromasentia.com\/fr\/wp-json\/wp\/v2\/product_cat?post=227692"},{"taxonomy":"product_tag","embeddable":true,"href":"https:\/\/aromasentia.com\/fr\/wp-json\/wp\/v2\/product_tag?post=227692"}],"curies":[{"name":"wp","href":"https:\/\/api.w.org\/{rel}","templated":true}]}}