{"id":227684,"date":"2025-03-22T16:05:57","date_gmt":"2025-03-22T16:05:57","guid":{"rendered":"https:\/\/aromasentia.com\/product\/quality-huge-natural-salt-lamp-apx-24-25kg\/"},"modified":"2025-12-30T19:15:00","modified_gmt":"2025-12-30T19:15:00","slug":"lampe-geante-en-cristal-de-sel-de-lhimalaya-20-a-25-kgs","status":"publish","type":"product","link":"https:\/\/aromasentia.com\/fr\/lampe-geante-en-cristal-de-sel-de-lhimalaya-20-a-25-kgs\/","title":{"rendered":"Lampe G\u00e9ante en cristal de Sel de l\u2019Himalaya &#8211; 20 \u00e0 25 kgs"},"content":{"rendered":"<p>En utilisant une lampe en cristal de sel de l&rsquo;Himalaya, vous remplacez les ions charg\u00e9s n\u00e9gativement dans l&rsquo;air, ce qui vous  aidera \u00e0 \u00e9viter les dommages physiques et mentaux que peut causer le manque d\u2019ions n\u00e9gatif_x000D_<br \/>\n<br \/>_x000D_<br \/>\nChaque lampe de sel est livr\u00e9e avec une ampoule et un c\u00e2ble. Plut\u00f4t que de les vendre par la taille, nous les vendons par le poids. Les dimensions d\u00e9crites ci-dessous sont approximatives car chaque lampe est compl\u00e8tement unique.<\/p>\n","protected":false},"excerpt":{"rendered":"<p>En utilisant une lampe en cristal de sel de l&rsquo;Himalaya, vous remplacez les ions charg\u00e9s n\u00e9gativement dans l&rsquo;air, ce qui vous aidera \u00e0 \u00e9viter les dommages physiques et mentaux que peut causer le manque d\u2019ions n\u00e9gatif_x000D_ _x000D_ Chaque lampe de sel est livr\u00e9e avec une ampoule et un c\u00e2ble. Plut\u00f4t que de les vendre par [&hellip;]<\/p>\n","protected":false},"featured_media":376139,"comment_status":"closed","ping_status":"open","template":"","meta":[],"product_brand":[],"product_cat":[17264,17242,17265,14446],"product_tag":[],"class_list":{"0":"post-227684","1":"product","2":"type-product","3":"status-publish","4":"has-post-thumbnail","6":"product_cat-cadeaux-esoterique","7":"product_cat-lampes-et-lanternes","8":"product_cat-lampes-sel-himalaya","9":"product_cat-maison-et-jardin","10":"pa_collection-himalayan-salt-lamps-candle-holders-fr","11":"pa_made-in-pakistan","13":"first","14":"instock","15":"purchasable","16":"product-type-simple"},"supplier_id":null,"supplier_sku":"QSalt-39","barcode":null,"atum_controlled":true,"out_stock_date":null,"out_stock_threshold":null,"inheritable":false,"inbound_stock":null,"stock_on_hold":0,"sold_today":0,"sales_last_days":0,"reserved_stock":null,"customer_returns":null,"warehouse_damage":null,"lost_in_post":null,"other_logs":null,"out_stock_days":0,"lost_sales":0,"has_location":null,"update_date":"2026-01-29T22:32:48","atum_locations":[],"atum_stock_status":"instock","restock_status":false,"low_stock_amount":"","sales_update_date":"2025-09-04T00:29:35","calc_backorders":null,"_links":{"self":[{"href":"https:\/\/aromasentia.com\/fr\/wp-json\/wp\/v2\/product\/227684","targetHints":{"allow":["GET"]}}],"collection":[{"href":"https:\/\/aromasentia.com\/fr\/wp-json\/wp\/v2\/product"}],"about":[{"href":"https:\/\/aromasentia.com\/fr\/wp-json\/wp\/v2\/types\/product"}],"replies":[{"embeddable":true,"href":"https:\/\/aromasentia.com\/fr\/wp-json\/wp\/v2\/comments?post=227684"}],"version-history":[{"count":0,"href":"https:\/\/aromasentia.com\/fr\/wp-json\/wp\/v2\/product\/227684\/revisions"}],"wp:featuredmedia":[{"embeddable":true,"href":"https:\/\/aromasentia.com\/fr\/wp-json\/wp\/v2\/media\/376139"}],"wp:attachment":[{"href":"https:\/\/aromasentia.com\/fr\/wp-json\/wp\/v2\/media?parent=227684"}],"wp:term":[{"taxonomy":"product_brand","embeddable":true,"href":"https:\/\/aromasentia.com\/fr\/wp-json\/wp\/v2\/product_brand?post=227684"},{"taxonomy":"product_cat","embeddable":true,"href":"https:\/\/aromasentia.com\/fr\/wp-json\/wp\/v2\/product_cat?post=227684"},{"taxonomy":"product_tag","embeddable":true,"href":"https:\/\/aromasentia.com\/fr\/wp-json\/wp\/v2\/product_tag?post=227684"}],"curies":[{"name":"wp","href":"https:\/\/api.w.org\/{rel}","templated":true}]}}