{"id":227680,"date":"2025-03-22T16:05:57","date_gmt":"2025-03-22T16:05:57","guid":{"rendered":"https:\/\/aromasentia.com\/product\/quality-salt-lamp-apx-1-5-2kg\/"},"modified":"2025-12-30T19:15:00","modified_gmt":"2025-12-30T19:15:00","slug":"lampe-en-cristal-de-sel-de-lhimalaya-1-5-a-2-kgs","status":"publish","type":"product","link":"https:\/\/aromasentia.com\/fr\/lampe-en-cristal-de-sel-de-lhimalaya-1-5-a-2-kgs\/","title":{"rendered":"Lampe en cristal de Sel de l\u2019Himalaya &#8211; 1.5 \u00e0 2 kgs"},"content":{"rendered":"<p><strong><span style=\"color: rgb(75, 80, 88);\">Chaque lampe de sel en gros est livr\u00e9e avec un luminaire, une ampoule et une prise de courant de type europ\u00e9en. <\/span><\/strong><\/p>\n<p>En utilisant une lampe en cristal de sel de l&rsquo;Himalaya, vous remplacez les ions charg\u00e9s n\u00e9gativement dans l&rsquo;air, ce qui nous aide \u00e0 \u00e9viter les pr\u00e9tendus dommages physiques et mentaux cr\u00e9\u00e9s par le \u00ab\u00a0smog \u00e9lectrique\u00a0\u00bb.&nbsp;<\/p>\n<p>Chaque lampe de sel en gros est livr\u00e9e compl\u00e8te avec le luminaire, l&rsquo;ampoule et la prise. Plut\u00f4t que de les vendre par taille, nous les vendons par poids approximatif. Les articles sont marqu\u00e9s avec des tailles pour donner une id\u00e9e approximative de la taille seulement, chaque lampe est compl\u00e8tement unique.&nbsp;<\/p>\n<p>Chaque lampe est unique : En raison des propri\u00e9t\u00e9s hygroscopiques du sel, les lampes et les bougeoirs en sel de l&rsquo;Himalaya absorbent l&rsquo;humidit\u00e9 de l&rsquo;air. Si votre lampe transpire ou perd de l&rsquo;eau, c&rsquo;est g\u00e9n\u00e9ralement parce qu&rsquo;elle est rest\u00e9e \u00e9teinte pendant de longues p\u00e9riodes, en particulier dans des conditions humides.&nbsp;<\/p>\n<p>Pour y rem\u00e9dier, laissez-la \u00e0 la lumi\u00e8re du soleil pendant 4 \u00e0 5 heures et brossez l&rsquo;exc\u00e8s de cristaux. Vous pouvez \u00e9galement l&rsquo;essuyer d\u00e9licatement avec un chiffon sec. Si vous n&rsquo;utilisez pas la lampe de sel de l&rsquo;Himalaya pendant de longues p\u00e9riodes (par exemple en vacances), d\u00e9branchez le c\u00e2ble et retirez-le de la lampe.&nbsp;<\/p>\n<p>Dans des conditions humides, nous vous recommandons de placer votre lampe sur un petit plateau ou un plat afin d&rsquo;\u00e9viter que de l&rsquo;eau ne s&rsquo;accumule.&nbsp;<\/p>\n<p>Poids : 2.007Kg<\/p>\n","protected":false},"excerpt":{"rendered":"<p>Chaque lampe de sel en gros est livr\u00e9e avec un luminaire, une ampoule et une prise de courant de type europ\u00e9en. En utilisant une lampe en cristal de sel de l&rsquo;Himalaya, vous remplacez les ions charg\u00e9s n\u00e9gativement dans l&rsquo;air, ce qui nous aide \u00e0 \u00e9viter les pr\u00e9tendus dommages physiques et mentaux cr\u00e9\u00e9s par le \u00ab\u00a0smog [&hellip;]<\/p>\n","protected":false},"featured_media":376098,"comment_status":"closed","ping_status":"open","template":"","meta":[],"product_brand":[],"product_cat":[17264,17242,17265,14446],"product_tag":[],"class_list":{"0":"post-227680","1":"product","2":"type-product","3":"status-publish","4":"has-post-thumbnail","6":"product_cat-cadeaux-esoterique","7":"product_cat-lampes-et-lanternes","8":"product_cat-lampes-sel-himalaya","9":"product_cat-maison-et-jardin","10":"pa_collection-himalayan-salt-lamps-candle-holders-fr","11":"pa_made-in-pakistan","13":"first","14":"instock","15":"purchasable","16":"product-type-simple"},"supplier_id":null,"supplier_sku":"QSalt-26","barcode":null,"atum_controlled":true,"out_stock_date":null,"out_stock_threshold":null,"inheritable":false,"inbound_stock":null,"stock_on_hold":0,"sold_today":0,"sales_last_days":0,"reserved_stock":null,"customer_returns":null,"warehouse_damage":null,"lost_in_post":null,"other_logs":null,"out_stock_days":0,"lost_sales":0,"has_location":null,"update_date":"2026-02-08T17:13:30","atum_locations":[],"atum_stock_status":"instock","restock_status":false,"low_stock_amount":"","sales_update_date":"2025-09-04T00:29:35","calc_backorders":null,"_links":{"self":[{"href":"https:\/\/aromasentia.com\/fr\/wp-json\/wp\/v2\/product\/227680","targetHints":{"allow":["GET"]}}],"collection":[{"href":"https:\/\/aromasentia.com\/fr\/wp-json\/wp\/v2\/product"}],"about":[{"href":"https:\/\/aromasentia.com\/fr\/wp-json\/wp\/v2\/types\/product"}],"replies":[{"embeddable":true,"href":"https:\/\/aromasentia.com\/fr\/wp-json\/wp\/v2\/comments?post=227680"}],"version-history":[{"count":0,"href":"https:\/\/aromasentia.com\/fr\/wp-json\/wp\/v2\/product\/227680\/revisions"}],"wp:featuredmedia":[{"embeddable":true,"href":"https:\/\/aromasentia.com\/fr\/wp-json\/wp\/v2\/media\/376098"}],"wp:attachment":[{"href":"https:\/\/aromasentia.com\/fr\/wp-json\/wp\/v2\/media?parent=227680"}],"wp:term":[{"taxonomy":"product_brand","embeddable":true,"href":"https:\/\/aromasentia.com\/fr\/wp-json\/wp\/v2\/product_brand?post=227680"},{"taxonomy":"product_cat","embeddable":true,"href":"https:\/\/aromasentia.com\/fr\/wp-json\/wp\/v2\/product_cat?post=227680"},{"taxonomy":"product_tag","embeddable":true,"href":"https:\/\/aromasentia.com\/fr\/wp-json\/wp\/v2\/product_tag?post=227680"}],"curies":[{"name":"wp","href":"https:\/\/api.w.org\/{rel}","templated":true}]}}