{"id":227664,"date":"2025-03-22T16:05:57","date_gmt":"2025-03-22T16:05:57","guid":{"rendered":"https:\/\/aromasentia.com\/product\/usb-fire-bowl-himalayan-salt-lamp-multi\/"},"modified":"2025-06-23T18:41:23","modified_gmt":"2025-06-23T18:41:23","slug":"lampe-vasque-usb-multicolore","status":"publish","type":"product","link":"https:\/\/aromasentia.com\/fr\/lampe-vasque-usb-multicolore\/","title":{"rendered":"Lampe Vasque USB Multicolore"},"content":{"rendered":"<p><strong><span style=\"color: rgb(75, 80, 88);\">La lampe au sel de l&rsquo;Himalaya multicolore<\/span><\/strong> avec connecteur USB a \u00e9t\u00e9 con&ccedil;ue pour nos \u00ab\u00a0amoureux de la nature\u00a0\u00bb mais aussi les \u00ab\u00a0tech geeks\u00a0\u00bb&#8230;.<\/p>\n<p>Le c\u00e2ble USB mesure 150 cm de long. On pense que les lampes \u00e0 sel cr\u00e9ent des ions charg\u00e9s n\u00e9gativement dans l&rsquo;air. C&rsquo;est une bonne chose car la pollution moderne et les \u00e9quipements \u00e9lectriques cr\u00e9ent des ions positifs dans l&rsquo;air qui sont potentiellement nocifs pour nous et d\u00e9t\u00e9riorent la qualit\u00e9 de l&rsquo;air dans les zones touch\u00e9es.&nbsp;<\/p>\n<p>En utilisant une lampe \u00e0 sel en cristal de l&rsquo;Himalaya, vous remplacez les ions charg\u00e9s n\u00e9gativement dans l&rsquo;air, ce qui nous aide \u00e0 \u00e9viter les dommages physiques et mentaux pr\u00e9sum\u00e9s cr\u00e9\u00e9s par le &laquo; smog \u00e9lectrique &raquo;.&nbsp;<\/p>\n<p><strong><em><span style=\"color: rgb(75, 80, 88);\">La lampe au sel est livr\u00e9e dans une bo\u00eete en carton de protection qui peut devenir humide pendant le transport en raison des propri\u00e9t\u00e9s hygroscopiques de la lampe.<\/span><\/em><\/strong><\/p>\n","protected":false},"excerpt":{"rendered":"<p>La lampe au sel de l&rsquo;Himalaya multicolore avec connecteur USB a \u00e9t\u00e9 con&ccedil;ue pour nos \u00ab\u00a0amoureux de la nature\u00a0\u00bb mais aussi les \u00ab\u00a0tech geeks\u00a0\u00bb&#8230;. Le c\u00e2ble USB mesure 150 cm de long. On pense que les lampes \u00e0 sel cr\u00e9ent des ions charg\u00e9s n\u00e9gativement dans l&rsquo;air. C&rsquo;est une bonne chose car la pollution moderne et [&hellip;]<\/p>\n","protected":false},"featured_media":375950,"comment_status":"closed","ping_status":"open","template":"","meta":[],"product_brand":[],"product_cat":[17264,17242,17265,14446],"product_tag":[],"class_list":{"0":"post-227664","1":"product","2":"type-product","3":"status-publish","4":"has-post-thumbnail","6":"product_cat-cadeaux-esoterique","7":"product_cat-lampes-et-lanternes","8":"product_cat-lampes-sel-himalaya","9":"product_cat-maison-et-jardin","10":"pa_collection-himalayan-salt-lamps-candle-holders-fr","11":"pa_made-in-pakistan","13":"first","14":"instock","15":"purchasable","16":"product-type-simple"},"supplier_id":null,"supplier_sku":"QSalt-62N","barcode":null,"atum_controlled":true,"out_stock_date":null,"out_stock_threshold":null,"inheritable":false,"inbound_stock":null,"stock_on_hold":0,"sold_today":0,"sales_last_days":0,"reserved_stock":null,"customer_returns":null,"warehouse_damage":null,"lost_in_post":null,"other_logs":null,"out_stock_days":0,"lost_sales":0,"has_location":null,"update_date":"2026-02-09T08:39:53","atum_locations":[],"atum_stock_status":"instock","restock_status":false,"low_stock_amount":"","sales_update_date":"2026-01-20T05:14:30","calc_backorders":null,"_links":{"self":[{"href":"https:\/\/aromasentia.com\/fr\/wp-json\/wp\/v2\/product\/227664","targetHints":{"allow":["GET"]}}],"collection":[{"href":"https:\/\/aromasentia.com\/fr\/wp-json\/wp\/v2\/product"}],"about":[{"href":"https:\/\/aromasentia.com\/fr\/wp-json\/wp\/v2\/types\/product"}],"replies":[{"embeddable":true,"href":"https:\/\/aromasentia.com\/fr\/wp-json\/wp\/v2\/comments?post=227664"}],"version-history":[{"count":0,"href":"https:\/\/aromasentia.com\/fr\/wp-json\/wp\/v2\/product\/227664\/revisions"}],"wp:featuredmedia":[{"embeddable":true,"href":"https:\/\/aromasentia.com\/fr\/wp-json\/wp\/v2\/media\/375950"}],"wp:attachment":[{"href":"https:\/\/aromasentia.com\/fr\/wp-json\/wp\/v2\/media?parent=227664"}],"wp:term":[{"taxonomy":"product_brand","embeddable":true,"href":"https:\/\/aromasentia.com\/fr\/wp-json\/wp\/v2\/product_brand?post=227664"},{"taxonomy":"product_cat","embeddable":true,"href":"https:\/\/aromasentia.com\/fr\/wp-json\/wp\/v2\/product_cat?post=227664"},{"taxonomy":"product_tag","embeddable":true,"href":"https:\/\/aromasentia.com\/fr\/wp-json\/wp\/v2\/product_tag?post=227664"}],"curies":[{"name":"wp","href":"https:\/\/api.w.org\/{rel}","templated":true}]}}