{"id":227660,"date":"2025-03-22T16:05:57","date_gmt":"2025-03-22T16:05:57","guid":{"rendered":"https:\/\/aromasentia.com\/product\/quality-usb-pyramid-white-salt-lamp-9-cm-multi\/"},"modified":"2025-06-23T18:41:23","modified_gmt":"2025-06-23T18:41:23","slug":"lampe-de-sel-pyramide-blanche-usb-9cm-led-multicolor","status":"publish","type":"product","link":"https:\/\/aromasentia.com\/fr\/lampe-de-sel-pyramide-blanche-usb-9cm-led-multicolor\/","title":{"rendered":"Lampe de Sel Pyramide Blanche USB 9cm (LED multicolor)"},"content":{"rendered":"<p><strong><span style=\"color: rgb(75, 80, 88);\">Lampe de Sel Pyramide Blanche<\/span><\/strong>, en utilisant une lampe \u00e0 sel de l&rsquo;Himalaya, vous remplacez les ions charg\u00e9s n\u00e9gativement dans l&rsquo;air, ce qui nous aide \u00e0 \u00e9viter les dommages physiques et mentaux pr\u00e9sum\u00e9s cr\u00e9\u00e9s par le &laquo; smog \u00e9lectrique &raquo;.&nbsp;<\/p>\n<p>Chaque lampe \u00e0 sel en gros est livr\u00e9e avec un luminaire, une ampoule et une prise. Plut\u00f4t que de les vendre par taille, nous les vendons par poids approximatif. Les articles sont marqu\u00e9s avec des tailles pour donner une id\u00e9e approximative de la taille uniquement, chaque lampe est compl\u00e8tement unique.&nbsp;<\/p>\n<p><strong><span style=\"color: rgb(75, 80, 88);\">Veuillez noter<\/span><\/strong> : En raison des propri\u00e9t\u00e9s hygroscopiques du sel, les lampes et bougeoirs au sel de l&rsquo;Himalaya absorbent l&rsquo;humidit\u00e9 de l&rsquo;air.&nbsp;<\/p>\n<p>Si votre lampe &laquo; transpire &raquo; ou fuit de l&rsquo;eau, cela est g\u00e9n\u00e9ralement d\u00fb au fait qu&rsquo;elle a \u00e9t\u00e9 \u00e9teinte pendant de longues p\u00e9riodes, en particulier dans des conditions humides.&nbsp;<\/p>\n<p>Pour y rem\u00e9dier, laissez en plein soleil pendant 4 \u00e0 5 heures et brossez tout exc\u00e8s de cristaux. Ou essuyez doucement avec un chiffon sec. Si vous n&rsquo;utilisez pas la lampe au sel de l&rsquo;Himalaya pendant de longues p\u00e9riodes (par exemple pendant les vacances), d\u00e9branchez le c\u00e2ble et retirez-le de la lampe.&nbsp;<\/p>\n<p><strong><span style=\"color: rgb(141, 186, 216);\">Dans des conditions humides, nous vous recommandons de placer votre lampe sur un petit plateau ou un plat au cas o\u00f9ils pourraient accumuler de l&rsquo;eau. Le produit est vendu dans un emballage neutre<\/span><\/strong><\/p>\n","protected":false},"excerpt":{"rendered":"<p>Lampe de Sel Pyramide Blanche, en utilisant une lampe \u00e0 sel de l&rsquo;Himalaya, vous remplacez les ions charg\u00e9s n\u00e9gativement dans l&rsquo;air, ce qui nous aide \u00e0 \u00e9viter les dommages physiques et mentaux pr\u00e9sum\u00e9s cr\u00e9\u00e9s par le &laquo; smog \u00e9lectrique &raquo;.&nbsp; Chaque lampe \u00e0 sel en gros est livr\u00e9e avec un luminaire, une ampoule et une [&hellip;]<\/p>\n","protected":false},"featured_media":375925,"comment_status":"closed","ping_status":"open","template":"","meta":{"_angie_page":false},"product_brand":[],"product_cat":[17264,17242,17265,14446],"product_tag":[],"class_list":{"0":"post-227660","1":"product","2":"type-product","3":"status-publish","4":"has-post-thumbnail","6":"product_cat-cadeaux-esoterique","7":"product_cat-lampes-et-lanternes","8":"product_cat-lampes-sel-himalaya","9":"product_cat-maison-et-jardin","10":"pa_collection-himalayan-salt-lamps-candle-holders-fr","11":"pa_made-in-pakistan","13":"first","14":"instock","15":"purchasable","16":"product-type-simple"},"supplier_id":null,"supplier_sku":"Qsalt-65N","barcode":null,"atum_controlled":true,"out_stock_date":null,"out_stock_threshold":null,"inheritable":false,"inbound_stock":null,"stock_on_hold":0,"sold_today":0,"sales_last_days":0,"reserved_stock":null,"customer_returns":null,"warehouse_damage":null,"lost_in_post":null,"other_logs":null,"out_stock_days":0,"lost_sales":0,"has_location":null,"update_date":"2026-04-27T07:18:58","atum_locations":[],"atum_stock_status":"instock","restock_status":false,"low_stock_amount":"","sales_update_date":"2026-02-06T00:00:46","calc_backorders":null,"_links":{"self":[{"href":"https:\/\/aromasentia.com\/fr\/wp-json\/wp\/v2\/product\/227660","targetHints":{"allow":["GET"]}}],"collection":[{"href":"https:\/\/aromasentia.com\/fr\/wp-json\/wp\/v2\/product"}],"about":[{"href":"https:\/\/aromasentia.com\/fr\/wp-json\/wp\/v2\/types\/product"}],"replies":[{"embeddable":true,"href":"https:\/\/aromasentia.com\/fr\/wp-json\/wp\/v2\/comments?post=227660"}],"version-history":[{"count":0,"href":"https:\/\/aromasentia.com\/fr\/wp-json\/wp\/v2\/product\/227660\/revisions"}],"wp:featuredmedia":[{"embeddable":true,"href":"https:\/\/aromasentia.com\/fr\/wp-json\/wp\/v2\/media\/375925"}],"wp:attachment":[{"href":"https:\/\/aromasentia.com\/fr\/wp-json\/wp\/v2\/media?parent=227660"}],"wp:term":[{"taxonomy":"product_brand","embeddable":true,"href":"https:\/\/aromasentia.com\/fr\/wp-json\/wp\/v2\/product_brand?post=227660"},{"taxonomy":"product_cat","embeddable":true,"href":"https:\/\/aromasentia.com\/fr\/wp-json\/wp\/v2\/product_cat?post=227660"},{"taxonomy":"product_tag","embeddable":true,"href":"https:\/\/aromasentia.com\/fr\/wp-json\/wp\/v2\/product_tag?post=227660"}],"curies":[{"name":"wp","href":"https:\/\/api.w.org\/{rel}","templated":true}]}}