{"id":227648,"date":"2025-03-22T16:05:57","date_gmt":"2025-03-22T16:05:57","guid":{"rendered":"https:\/\/aromasentia.com\/product\/salt-candle-holder-med-heart\/"},"modified":"2025-06-23T18:41:21","modified_gmt":"2025-06-23T18:41:21","slug":"bougeoirs-en-cristal-de-sel-de-lhimalaya-coeur-moyen","status":"publish","type":"product","link":"https:\/\/aromasentia.com\/fr\/bougeoirs-en-cristal-de-sel-de-lhimalaya-coeur-moyen\/","title":{"rendered":"Bougeoirs en cristal de Sel de l\u2019Himalaya &#8211; Coeur Moyen"},"content":{"rendered":"<p><strong><span style=\"color: rgb(75, 80, 88);\">Bougeoir en Sel<\/span><\/strong>, ces supports en gros de sel de cristal de l&rsquo;Himalaya sont cens\u00e9s cr\u00e9er des ions charg\u00e9s n\u00e9gativement dans l&rsquo;air.&nbsp;<\/p>\n<p>C&rsquo;est une bonne chose car la pollution et les \u00e9quipements \u00e9lectriques modernes cr\u00e9ent des ions positifs dans l&rsquo;air qui sont potentiellement nocifs pour nous et d\u00e9t\u00e9riorent la qualit\u00e9 de l&rsquo;air dans les zones touch\u00e9es.&nbsp;<\/p>\n<p>En utilisant un support de sel cristallin de l&rsquo;Himalaya, vous remplacez les ions charg\u00e9s n\u00e9gativement dans l&rsquo;air, ce qui nous aide \u00e0 \u00e9viter les dommages physiques et mentaux pr\u00e9sum\u00e9s cr\u00e9\u00e9s par le &laquo; smog \u00e9lectrique &raquo;.<\/p>\n<p><strong><span style=\"color: rgb(141, 186, 216);\">Chaque bougeoir en sel p\u00e8se environ 600-800g 10x12x9 (cm)<\/span><\/strong><\/p>\n","protected":false},"excerpt":{"rendered":"<p>Bougeoir en Sel, ces supports en gros de sel de cristal de l&rsquo;Himalaya sont cens\u00e9s cr\u00e9er des ions charg\u00e9s n\u00e9gativement dans l&rsquo;air.&nbsp; C&rsquo;est une bonne chose car la pollution et les \u00e9quipements \u00e9lectriques modernes cr\u00e9ent des ions positifs dans l&rsquo;air qui sont potentiellement nocifs pour nous et d\u00e9t\u00e9riorent la qualit\u00e9 de l&rsquo;air dans les zones [&hellip;]<\/p>\n","protected":false},"featured_media":375850,"comment_status":"closed","ping_status":"open","template":"","meta":{"_angie_page":false},"product_brand":[],"product_cat":[17460,17461,17264,17265],"product_tag":[],"class_list":{"0":"post-227648","1":"product","2":"type-product","3":"status-publish","4":"has-post-thumbnail","6":"product_cat-bougeoirs","7":"product_cat-bougeoirs-et-bougies","8":"product_cat-cadeaux-esoterique","9":"product_cat-lampes-sel-himalaya","10":"pa_collection-himalayan-salt-lamps-candle-holders-fr","11":"pa_made-in-pakistan","13":"first","14":"instock","15":"purchasable","16":"product-type-simple"},"supplier_id":null,"supplier_sku":"QSalt-31","barcode":null,"atum_controlled":true,"out_stock_date":null,"out_stock_threshold":null,"inheritable":false,"inbound_stock":null,"stock_on_hold":0,"sold_today":0,"sales_last_days":0,"reserved_stock":null,"customer_returns":null,"warehouse_damage":null,"lost_in_post":null,"other_logs":null,"out_stock_days":0,"lost_sales":0,"has_location":null,"update_date":"2026-05-04T00:04:57","atum_locations":[],"atum_stock_status":"instock","restock_status":false,"low_stock_amount":"","sales_update_date":"2026-01-30T01:24:25","calc_backorders":null,"_links":{"self":[{"href":"https:\/\/aromasentia.com\/fr\/wp-json\/wp\/v2\/product\/227648","targetHints":{"allow":["GET"]}}],"collection":[{"href":"https:\/\/aromasentia.com\/fr\/wp-json\/wp\/v2\/product"}],"about":[{"href":"https:\/\/aromasentia.com\/fr\/wp-json\/wp\/v2\/types\/product"}],"replies":[{"embeddable":true,"href":"https:\/\/aromasentia.com\/fr\/wp-json\/wp\/v2\/comments?post=227648"}],"version-history":[{"count":0,"href":"https:\/\/aromasentia.com\/fr\/wp-json\/wp\/v2\/product\/227648\/revisions"}],"wp:featuredmedia":[{"embeddable":true,"href":"https:\/\/aromasentia.com\/fr\/wp-json\/wp\/v2\/media\/375850"}],"wp:attachment":[{"href":"https:\/\/aromasentia.com\/fr\/wp-json\/wp\/v2\/media?parent=227648"}],"wp:term":[{"taxonomy":"product_brand","embeddable":true,"href":"https:\/\/aromasentia.com\/fr\/wp-json\/wp\/v2\/product_brand?post=227648"},{"taxonomy":"product_cat","embeddable":true,"href":"https:\/\/aromasentia.com\/fr\/wp-json\/wp\/v2\/product_cat?post=227648"},{"taxonomy":"product_tag","embeddable":true,"href":"https:\/\/aromasentia.com\/fr\/wp-json\/wp\/v2\/product_tag?post=227648"}],"curies":[{"name":"wp","href":"https:\/\/api.w.org\/{rel}","templated":true}]}}