{"id":227628,"date":"2025-03-22T16:05:57","date_gmt":"2025-03-22T16:05:57","guid":{"rendered":"https:\/\/aromasentia.com\/product\/quality-natural-salt-candle-holder\/"},"modified":"2025-06-23T18:41:19","modified_gmt":"2025-06-23T18:41:19","slug":"bougeoir-en-cristal-de-sel-de-lhimalaya","status":"publish","type":"product","link":"https:\/\/aromasentia.com\/fr\/bougeoir-en-cristal-de-sel-de-lhimalaya\/","title":{"rendered":"Bougeoir en cristal de Sel de l\u2019Himalaya"},"content":{"rendered":"<p>Ces bougeoirs en cristal de sel de l\u2019Himalaya sont fabriqu\u00e9s \u00e0 partir de pierre de cristal naturel. Ils sont un ioniseur naturel et purificateur d\u2019air._x000D_<br \/>\n<br \/>_x000D_<br \/>\nEn utilisant un bougeoir en cristal de sel de l&rsquo;Himalaya, vous remplacez les ions charg\u00e9s n\u00e9gativement dans l&rsquo;air, ce qui vous  aidera \u00e0 \u00e9viter les dommages physiques et mentaux que peut causer le manque d\u2019ions n\u00e9gatifs. Les ions n\u00e9gatifs sont n\u00e9cessaires car ils purifient l&rsquo;air en enlevant la poussi\u00e8re, le pollen et les bact\u00e9ries._x000D_<br \/>\n <br \/>_x000D_<br \/>\nCes bougeoirs contiennent naturellement des fissures et des veines qui rendent chaque pi\u00e8ce unique. Les couleurs vont du rose clair au rose fonc\u00e9._x000D_<br \/>\n <br \/>_x000D_<br \/>\nNotre porte-bougie ajoutera une atmosph\u00e8re chaleureuse et relaxante \u00e0 votre salle \u00e0 manger, chambres ou toutes autres pi\u00e8ces (zone non humide)._x000D_<br \/>\n <br \/>_x000D_<br \/>\nR\u00e8gle de s\u00e9curit\u00e9: Il est toujours important de garder une bougie allum\u00e9e \u00e0 port\u00e9e de vue et hors de la port\u00e9e des enfants et des animaux._x000D_<br \/>\n <br \/>_x000D_<br \/>\nRemarque: La taille et forme peuvent varier d\u2019un bougeoir \u00e0 l\u2019autre.<\/p>\n","protected":false},"excerpt":{"rendered":"<p>Ces bougeoirs en cristal de sel de l\u2019Himalaya sont fabriqu\u00e9s \u00e0 partir de pierre de cristal naturel. Ils sont un ioniseur naturel et purificateur d\u2019air._x000D_ _x000D_ En utilisant un bougeoir en cristal de sel de l&rsquo;Himalaya, vous remplacez les ions charg\u00e9s n\u00e9gativement dans l&rsquo;air, ce qui vous aidera \u00e0 \u00e9viter les dommages physiques et mentaux [&hellip;]<\/p>\n","protected":false},"featured_media":375733,"comment_status":"closed","ping_status":"open","template":"","meta":{"_angie_page":false},"product_brand":[],"product_cat":[17460,17461,17264,17265],"product_tag":[],"class_list":{"0":"post-227628","1":"product","2":"type-product","3":"status-publish","4":"has-post-thumbnail","6":"product_cat-bougeoirs","7":"product_cat-bougeoirs-et-bougies","8":"product_cat-cadeaux-esoterique","9":"product_cat-lampes-sel-himalaya","10":"pa_collection-himalayan-salt-lamps-candle-holders-fr","11":"pa_made-in-pakistan","13":"first","14":"instock","15":"purchasable","16":"product-type-simple"},"supplier_id":null,"supplier_sku":"QSalt-08","barcode":null,"atum_controlled":true,"out_stock_date":null,"out_stock_threshold":null,"inheritable":false,"inbound_stock":null,"stock_on_hold":0,"sold_today":0,"sales_last_days":0,"reserved_stock":null,"customer_returns":null,"warehouse_damage":null,"lost_in_post":null,"other_logs":null,"out_stock_days":0,"lost_sales":0,"has_location":null,"update_date":"2026-05-04T00:04:57","atum_locations":[],"atum_stock_status":"instock","restock_status":false,"low_stock_amount":"","sales_update_date":"2025-09-04T00:29:29","calc_backorders":null,"_links":{"self":[{"href":"https:\/\/aromasentia.com\/fr\/wp-json\/wp\/v2\/product\/227628","targetHints":{"allow":["GET"]}}],"collection":[{"href":"https:\/\/aromasentia.com\/fr\/wp-json\/wp\/v2\/product"}],"about":[{"href":"https:\/\/aromasentia.com\/fr\/wp-json\/wp\/v2\/types\/product"}],"replies":[{"embeddable":true,"href":"https:\/\/aromasentia.com\/fr\/wp-json\/wp\/v2\/comments?post=227628"}],"version-history":[{"count":0,"href":"https:\/\/aromasentia.com\/fr\/wp-json\/wp\/v2\/product\/227628\/revisions"}],"wp:featuredmedia":[{"embeddable":true,"href":"https:\/\/aromasentia.com\/fr\/wp-json\/wp\/v2\/media\/375733"}],"wp:attachment":[{"href":"https:\/\/aromasentia.com\/fr\/wp-json\/wp\/v2\/media?parent=227628"}],"wp:term":[{"taxonomy":"product_brand","embeddable":true,"href":"https:\/\/aromasentia.com\/fr\/wp-json\/wp\/v2\/product_brand?post=227628"},{"taxonomy":"product_cat","embeddable":true,"href":"https:\/\/aromasentia.com\/fr\/wp-json\/wp\/v2\/product_cat?post=227628"},{"taxonomy":"product_tag","embeddable":true,"href":"https:\/\/aromasentia.com\/fr\/wp-json\/wp\/v2\/product_tag?post=227628"}],"curies":[{"name":"wp","href":"https:\/\/api.w.org\/{rel}","templated":true}]}}