{"id":227600,"date":"2025-03-22T16:05:57","date_gmt":"2025-03-22T16:05:57","guid":{"rendered":"https:\/\/aromasentia.com\/product\/hanging-driftwood-tassel-42cm\/"},"modified":"2025-12-30T19:15:00","modified_gmt":"2025-12-30T19:15:00","slug":"pompon-en-bois-flotte-a-suspendre-42-cm","status":"publish","type":"product","link":"https:\/\/aromasentia.com\/fr\/pompon-en-bois-flotte-a-suspendre-42-cm\/","title":{"rendered":"Pompon en Bois Flott\u00e9 \u00e0 suspendre 42 cm"},"content":{"rendered":"<p>Ajoutez une touche boh\u00e8me et d\u00e9contract\u00e9e \u00e0 n&rsquo;importe quelle pi\u00e8ce avec ce <strong><span style=\"color: rgb(75, 80, 88);\">Pompon suspendu en Bois Flott\u00e9 de 42 cm.<\/span><\/strong>&nbsp;<\/p>\n<p>Fabriqu\u00e9 \u00e0 la main par des artisans indon\u00e9siens.&nbsp;<\/p>\n<p>Une telle d\u00e9coration sera une pi\u00e8ce ma\u00eetresse sur les murs de vos clients qui se d\u00e9marquera des autres et attirera d\u00e9finitivement l&rsquo;attention. Apportez du confort et cr\u00e9ez un look exotique authentique avec cet art mural. Il s&rsquo;adaptera \u00e0 tous les styles, vous pouvez l&rsquo;afficher au-dessus du lit ou de la chemin\u00e9e, ou sur un mur \u00e0 c\u00f4t\u00e9 d&rsquo;autres \u00e9l\u00e9ments de d\u00e9coration originaux.&nbsp;<\/p>\n<p>Cadeau id\u00e9al pour les amateurs de style rustique. Parfait pour les mariages boho aussi. Cet art mural naturel est compos\u00e9 d&rsquo;herbes marines biologiques.&nbsp;<\/p>\n<p>Les mat\u00e9riaux respectueux de l&rsquo;environnement sont tr\u00e8s tendance, en particulier les produits fabriqu\u00e9s \u00e0 partir d&rsquo;herbes marines exotiques sont \u00e0 la mode et faciles \u00e0 vendre.&nbsp;<\/p>\n<p><strong><span style=\"color: rgb(75, 80, 88);\">VEUILLEZ NOTER : Il y a une remise de 50 % en raison de l\u00e9gers dommages et certaines \u0153uvres d&rsquo;art murales n\u00e9cessitent un nettoyage. <\/span><\/strong><\/p>\n<p><strong><span style=\"color: rgb(141, 186, 216);\">Commandez maintenant pour faire un effet wow ultime dans votre boutique.<\/span><\/strong><\/p>\n","protected":false},"excerpt":{"rendered":"<p>Ajoutez une touche boh\u00e8me et d\u00e9contract\u00e9e \u00e0 n&rsquo;importe quelle pi\u00e8ce avec ce Pompon suspendu en Bois Flott\u00e9 de 42 cm.&nbsp; Fabriqu\u00e9 \u00e0 la main par des artisans indon\u00e9siens.&nbsp; Une telle d\u00e9coration sera une pi\u00e8ce ma\u00eetresse sur les murs de vos clients qui se d\u00e9marquera des autres et attirera d\u00e9finitivement l&rsquo;attention. Apportez du confort et cr\u00e9ez [&hellip;]<\/p>\n","protected":false},"featured_media":375526,"comment_status":"closed","ping_status":"open","template":"","meta":{"_angie_page":false},"product_brand":[],"product_cat":[16892,14446],"product_tag":[],"class_list":{"0":"post-227600","1":"product","2":"type-product","3":"status-publish","4":"has-post-thumbnail","6":"product_cat-decoration","7":"product_cat-maison-et-jardin","8":"pa_collection-natural-seagrass-wall-art-fr","9":"pa_made-in-indonesie","11":"first","12":"instock","13":"purchasable","14":"product-type-simple"},"supplier_id":null,"supplier_sku":"NWA-10","barcode":null,"atum_controlled":true,"out_stock_date":null,"out_stock_threshold":null,"inheritable":false,"inbound_stock":null,"stock_on_hold":0,"sold_today":0,"sales_last_days":0,"reserved_stock":null,"customer_returns":null,"warehouse_damage":null,"lost_in_post":null,"other_logs":null,"out_stock_days":0,"lost_sales":0,"has_location":null,"update_date":"2026-04-27T07:16:05","atum_locations":[],"atum_stock_status":"instock","restock_status":false,"low_stock_amount":"","sales_update_date":"2026-01-20T05:13:01","calc_backorders":null,"_links":{"self":[{"href":"https:\/\/aromasentia.com\/fr\/wp-json\/wp\/v2\/product\/227600","targetHints":{"allow":["GET"]}}],"collection":[{"href":"https:\/\/aromasentia.com\/fr\/wp-json\/wp\/v2\/product"}],"about":[{"href":"https:\/\/aromasentia.com\/fr\/wp-json\/wp\/v2\/types\/product"}],"replies":[{"embeddable":true,"href":"https:\/\/aromasentia.com\/fr\/wp-json\/wp\/v2\/comments?post=227600"}],"version-history":[{"count":0,"href":"https:\/\/aromasentia.com\/fr\/wp-json\/wp\/v2\/product\/227600\/revisions"}],"wp:featuredmedia":[{"embeddable":true,"href":"https:\/\/aromasentia.com\/fr\/wp-json\/wp\/v2\/media\/375526"}],"wp:attachment":[{"href":"https:\/\/aromasentia.com\/fr\/wp-json\/wp\/v2\/media?parent=227600"}],"wp:term":[{"taxonomy":"product_brand","embeddable":true,"href":"https:\/\/aromasentia.com\/fr\/wp-json\/wp\/v2\/product_brand?post=227600"},{"taxonomy":"product_cat","embeddable":true,"href":"https:\/\/aromasentia.com\/fr\/wp-json\/wp\/v2\/product_cat?post=227600"},{"taxonomy":"product_tag","embeddable":true,"href":"https:\/\/aromasentia.com\/fr\/wp-json\/wp\/v2\/product_tag?post=227600"}],"curies":[{"name":"wp","href":"https:\/\/api.w.org\/{rel}","templated":true}]}}