{"id":227556,"date":"2025-03-22T16:05:57","date_gmt":"2025-03-22T16:05:57","guid":{"rendered":"https:\/\/aromasentia.com\/product\/seagrass-abu-abu-raffia-set-2-vase-2-bins\/"},"modified":"2025-06-23T18:41:09","modified_gmt":"2025-06-23T18:41:09","slug":"ensemble-jonc-de-mer-raphia-abu-abu-2-vases-2-bacs","status":"publish","type":"product","link":"https:\/\/aromasentia.com\/fr\/ensemble-jonc-de-mer-raphia-abu-abu-2-vases-2-bacs\/","title":{"rendered":"Ensemble Jonc de Mer &#038; Raphia Abu-Abu &#8211; 2 Vases &#038; 2 Bacs"},"content":{"rendered":"<h1>Ensemble Jonc de Mer &amp; Raphia Abu-Abu &ndash; 2 Vases &amp; 2 Bacs | Fait Main en Indon\u00e9sie<\/h1>\n<p>Ajoutez une touche d&rsquo;\u00e9l\u00e9gance naturelle \u00e0 votre collection avec cet ensemble Jonc de Mer &amp; Raphia Abu-Abu, comprenant 2 vases et 2 bacs, fabriqu\u00e9s \u00e0 la main en Indon\u00e9sie. Con&ccedil;us \u00e0 partir de mat\u00e9riaux durables et \u00e9cologiques, cet ensemble allie esth\u00e9tisme raffin\u00e9 et fonctionnalit\u00e9 pour offrir une solution de rangement et de d\u00e9coration haut de gamme.<\/p>\n<p>Pourquoi choisir cet ensemble Jonc de Mer &amp; Raphia Abu-Abu ?<\/p>\n<p>\u2705 Mat\u00e9riaux naturels et r\u00e9sistants : Fabriqu\u00e9 \u00e0 partir de jonc de mer et raphia Abu-Abu, une combinaison parfaite de robustesse et de style.<\/p>\n<p>\u2705 Fabrication artisanale : Chaque pi\u00e8ce est soigneusement tiss\u00e9e \u00e0 la main, garantissant une qualit\u00e9 et un design uniques.<\/p>\n<p>\u2705 Polyvalence : Les 2 vases et 2 bacs peuvent \u00eatre utilis\u00e9s pour le rangement, comme cache-pots ou comme \u00e9l\u00e9ments d\u00e9coratifs.<\/p>\n<p>\u2705 Design raffin\u00e9 et moderne : Un m\u00e9lange de textures naturelles qui s\u2019int\u00e8gre parfaitement dans tous les styles de d\u00e9coration int\u00e9rieure.<\/p>\n<p>\u2705 L\u00e9gers mais durables : Faciles \u00e0 transporter tout en offrant une excellente r\u00e9sistance pour un usage quotidien.<\/p>\n<p>Cet ensemble \u00e9l\u00e9gant et pratique est un choix incontournable pour les revendeurs recherchant des produits artisanaux, \u00e9co-responsables et tendance.<\/p>\n<p>Id\u00e9al pour les concept stores, boutiques de d\u00e9coration et magasins d\u2019ameublement ! ?\u2728<\/p>\n<p>? <strong>Disponible en ensemble de 4 pi\u00e8ces (2 vases + 2 bacs) &ndash; Commandez d\u00e8s maintenant pour ajouter cet ensemble chic et multifonctionnel \u00e0 votre catalogue !<\/strong><\/p>\n<p><strong>Dimensions :&nbsp;<\/strong><\/p>\n<p><strong>X2 Petits Bacs : 24,5x 20 cm&nbsp;<\/strong><\/p>\n<p><strong>Grand vase : 50x 18 cm&nbsp;<\/strong><\/p>\n<p><strong>Vase plus petit : 44x 16 cm<\/strong><\/p>\n","protected":false},"excerpt":{"rendered":"<p>Ensemble Jonc de Mer &amp; Raphia Abu-Abu &ndash; 2 Vases &amp; 2 Bacs | Fait Main en Indon\u00e9sie Ajoutez une touche d&rsquo;\u00e9l\u00e9gance naturelle \u00e0 votre collection avec cet ensemble Jonc de Mer &amp; Raphia Abu-Abu, comprenant 2 vases et 2 bacs, fabriqu\u00e9s \u00e0 la main en Indon\u00e9sie. Con&ccedil;us \u00e0 partir de mat\u00e9riaux durables et \u00e9cologiques, [&hellip;]<\/p>\n","protected":false},"featured_media":375355,"comment_status":"closed","ping_status":"open","template":"","meta":{"_angie_page":false},"product_brand":[],"product_cat":[16892,14446],"product_tag":[],"class_list":{"0":"post-227556","1":"product","2":"type-product","3":"status-publish","4":"has-post-thumbnail","6":"product_cat-decoration","7":"product_cat-maison-et-jardin","8":"pa_collection-natural-seagrass-wall-art-fr","9":"pa_made-in-indonesie","11":"first","12":"instock","13":"purchasable","14":"product-type-simple"},"supplier_id":null,"supplier_sku":"NVA-03","barcode":null,"atum_controlled":true,"out_stock_date":null,"out_stock_threshold":null,"inheritable":false,"inbound_stock":null,"stock_on_hold":0,"sold_today":0,"sales_last_days":0,"reserved_stock":null,"customer_returns":null,"warehouse_damage":null,"lost_in_post":null,"other_logs":null,"out_stock_days":0,"lost_sales":0,"has_location":null,"update_date":"2026-05-04T00:03:59","atum_locations":[],"atum_stock_status":"instock","restock_status":false,"low_stock_amount":"","sales_update_date":"2026-01-30T01:25:30","calc_backorders":null,"_links":{"self":[{"href":"https:\/\/aromasentia.com\/fr\/wp-json\/wp\/v2\/product\/227556","targetHints":{"allow":["GET"]}}],"collection":[{"href":"https:\/\/aromasentia.com\/fr\/wp-json\/wp\/v2\/product"}],"about":[{"href":"https:\/\/aromasentia.com\/fr\/wp-json\/wp\/v2\/types\/product"}],"replies":[{"embeddable":true,"href":"https:\/\/aromasentia.com\/fr\/wp-json\/wp\/v2\/comments?post=227556"}],"version-history":[{"count":0,"href":"https:\/\/aromasentia.com\/fr\/wp-json\/wp\/v2\/product\/227556\/revisions"}],"wp:featuredmedia":[{"embeddable":true,"href":"https:\/\/aromasentia.com\/fr\/wp-json\/wp\/v2\/media\/375355"}],"wp:attachment":[{"href":"https:\/\/aromasentia.com\/fr\/wp-json\/wp\/v2\/media?parent=227556"}],"wp:term":[{"taxonomy":"product_brand","embeddable":true,"href":"https:\/\/aromasentia.com\/fr\/wp-json\/wp\/v2\/product_brand?post=227556"},{"taxonomy":"product_cat","embeddable":true,"href":"https:\/\/aromasentia.com\/fr\/wp-json\/wp\/v2\/product_cat?post=227556"},{"taxonomy":"product_tag","embeddable":true,"href":"https:\/\/aromasentia.com\/fr\/wp-json\/wp\/v2\/product_tag?post=227556"}],"curies":[{"name":"wp","href":"https:\/\/api.w.org\/{rel}","templated":true}]}}