{"id":227548,"date":"2025-03-22T16:05:57","date_gmt":"2025-03-22T16:05:57","guid":{"rendered":"https:\/\/aromasentia.com\/product\/seagrass-set-2-vase-2-bins\/"},"modified":"2025-06-23T18:41:08","modified_gmt":"2025-06-23T18:41:08","slug":"ensemble-en-jonc-de-mer-2-vases-et-2-bacs","status":"publish","type":"product","link":"https:\/\/aromasentia.com\/fr\/ensemble-en-jonc-de-mer-2-vases-et-2-bacs\/","title":{"rendered":"Ensemble en jonc de mer &#8211; 2 vases et 2 bacs"},"content":{"rendered":"<p>Les ensembles de vases et de bacs en Jonc de Mer sont parfaits pour tous les coins, id\u00e9aux pour l&rsquo;organisation autour de la maison, la d\u00e9coration, la couverture des pots de plantes, le stockage du garde-manger, le stockage des jouets, ajoutant une texture naturelle et de la couleur \u00e0 l&rsquo;espace de votre client.&nbsp;<\/p>\n<p>Comme vous le savez, tout ce qui est li\u00e9 aux plantes d&rsquo;int\u00e9rieur et au naturel est une tendance majeure, et ce produit magnifique et naturel est en plein dans le mille.&nbsp;<\/p>\n<p>Ces magnifiques paniers r\u00e9unissent le meilleur de deux mondes : naturel et artificiel, terreux, chic et pratique.&nbsp;<\/p>\n<p>Tiss\u00e9 et teint \u00e0 la main \u00e0 Java, Ancient Wisdom. L&rsquo;achat d&rsquo;un de ces paniers permet de soutenir ses fabricants et de pr\u00e9server une ancienne tradition artisanale \u00e0 Java.&nbsp;<\/p>\n<p><strong><span style=\"color: rgb(141, 186, 216);\">Commandez d\u00e8s aujourd&rsquo;hui et cr\u00e9ez un joli pr\u00e9sentoir naturel.<\/span><\/strong><\/p>\n","protected":false},"excerpt":{"rendered":"<p>Les ensembles de vases et de bacs en Jonc de Mer sont parfaits pour tous les coins, id\u00e9aux pour l&rsquo;organisation autour de la maison, la d\u00e9coration, la couverture des pots de plantes, le stockage du garde-manger, le stockage des jouets, ajoutant une texture naturelle et de la couleur \u00e0 l&rsquo;espace de votre client.&nbsp; Comme vous [&hellip;]<\/p>\n","protected":false},"featured_media":375337,"comment_status":"closed","ping_status":"open","template":"","meta":{"_angie_page":false},"product_brand":[],"product_cat":[16892,14446,17382],"product_tag":[],"class_list":{"0":"post-227548","1":"product","2":"type-product","3":"status-publish","4":"has-post-thumbnail","6":"product_cat-decoration","7":"product_cat-maison-et-jardin","8":"product_cat-vases","9":"pa_collection-seagrass-vase-bins-set-fr","10":"pa_made-in-indonesie","12":"first","13":"instock","14":"purchasable","15":"product-type-simple"},"supplier_id":null,"supplier_sku":"NVA-01","barcode":null,"atum_controlled":true,"out_stock_date":null,"out_stock_threshold":null,"inheritable":false,"inbound_stock":null,"stock_on_hold":0,"sold_today":0,"sales_last_days":0,"reserved_stock":null,"customer_returns":null,"warehouse_damage":null,"lost_in_post":null,"other_logs":null,"out_stock_days":0,"lost_sales":0,"has_location":null,"update_date":"2026-04-27T07:15:56","atum_locations":[],"atum_stock_status":"instock","restock_status":false,"low_stock_amount":"","sales_update_date":"2025-09-04T00:29:23","calc_backorders":null,"_links":{"self":[{"href":"https:\/\/aromasentia.com\/fr\/wp-json\/wp\/v2\/product\/227548","targetHints":{"allow":["GET"]}}],"collection":[{"href":"https:\/\/aromasentia.com\/fr\/wp-json\/wp\/v2\/product"}],"about":[{"href":"https:\/\/aromasentia.com\/fr\/wp-json\/wp\/v2\/types\/product"}],"replies":[{"embeddable":true,"href":"https:\/\/aromasentia.com\/fr\/wp-json\/wp\/v2\/comments?post=227548"}],"version-history":[{"count":0,"href":"https:\/\/aromasentia.com\/fr\/wp-json\/wp\/v2\/product\/227548\/revisions"}],"wp:featuredmedia":[{"embeddable":true,"href":"https:\/\/aromasentia.com\/fr\/wp-json\/wp\/v2\/media\/375337"}],"wp:attachment":[{"href":"https:\/\/aromasentia.com\/fr\/wp-json\/wp\/v2\/media?parent=227548"}],"wp:term":[{"taxonomy":"product_brand","embeddable":true,"href":"https:\/\/aromasentia.com\/fr\/wp-json\/wp\/v2\/product_brand?post=227548"},{"taxonomy":"product_cat","embeddable":true,"href":"https:\/\/aromasentia.com\/fr\/wp-json\/wp\/v2\/product_cat?post=227548"},{"taxonomy":"product_tag","embeddable":true,"href":"https:\/\/aromasentia.com\/fr\/wp-json\/wp\/v2\/product_tag?post=227548"}],"curies":[{"name":"wp","href":"https:\/\/api.w.org\/{rel}","templated":true}]}}