{"id":227528,"date":"2025-03-22T16:05:57","date_gmt":"2025-03-22T16:05:57","guid":{"rendered":"https:\/\/aromasentia.com\/product\/natural-coaster-jute-cotton-10cm-set-of-4-olive-boarder\/"},"modified":"2025-06-23T18:41:06","modified_gmt":"2025-06-23T18:41:06","slug":"dessous-de-verre-naturel-jute-coton-10cm-lot-de-4-bordure-olive","status":"publish","type":"product","link":"https:\/\/aromasentia.com\/fr\/dessous-de-verre-naturel-jute-coton-10cm-lot-de-4-bordure-olive\/","title":{"rendered":"Dessous de Verre Naturel &#8211; Jute &#038; Coton 10cm (lot de 4) &#8211; Bordure Olive"},"content":{"rendered":"<p>Nous vous pr\u00e9sentons notre superbe collection de <strong>Sous-verres naturels<\/strong> en gros, un compl\u00e9ment indispensable pour les d\u00e9taillants qui cherchent \u00e0 insuffler une touche de boh\u00e8me chic \u00e0 leur stock.&nbsp;<\/p>\n<p>Fabriqu\u00e9s \u00e0 partir d&rsquo;un m\u00e9lange de jute et de coton, ils ajoutent une touche de sophistication \u00e0 n&rsquo;importe quelle table, surtout lorsqu&rsquo;ils sont associ\u00e9s \u00e0 un<a href=\"https:\/\/aromasentia.com\/npmat-03\"> set de table naturel &#8211; jute et coton 30 cm &#8211; bordure olive.<\/a> Ils prot\u00e8gent les surfaces des taches d&rsquo;eau et des rayures, pr\u00e9servant ainsi la qualit\u00e9 des meubles.<\/p>\n<p>Ces sous-verres ne sont pas seulement fonctionnels, ils constituent une alternative \u00e9cologique aux sous-verres synth\u00e9tiques.<\/p>\n","protected":false},"excerpt":{"rendered":"<p>Nous vous pr\u00e9sentons notre superbe collection de Sous-verres naturels en gros, un compl\u00e9ment indispensable pour les d\u00e9taillants qui cherchent \u00e0 insuffler une touche de boh\u00e8me chic \u00e0 leur stock.&nbsp; Fabriqu\u00e9s \u00e0 partir d&rsquo;un m\u00e9lange de jute et de coton, ils ajoutent une touche de sophistication \u00e0 n&rsquo;importe quelle table, surtout lorsqu&rsquo;ils sont associ\u00e9s \u00e0 un [&hellip;]<\/p>\n","protected":false},"featured_media":375220,"comment_status":"closed","ping_status":"open","template":"","meta":[],"product_brand":[],"product_cat":[14446],"product_tag":[],"class_list":{"0":"post-227528","1":"product","2":"type-product","3":"status-publish","4":"has-post-thumbnail","6":"product_cat-maison-et-jardin","7":"pa_collection-natural-place-mats-fr","8":"pa_made-in-inde","10":"first","11":"instock","12":"purchasable","13":"product-type-simple"},"supplier_id":null,"supplier_sku":"NPMAT-13","barcode":null,"atum_controlled":true,"out_stock_date":null,"out_stock_threshold":null,"inheritable":false,"inbound_stock":null,"stock_on_hold":0,"sold_today":0,"sales_last_days":0,"reserved_stock":null,"customer_returns":null,"warehouse_damage":null,"lost_in_post":null,"other_logs":null,"out_stock_days":0,"lost_sales":0,"has_location":null,"update_date":"2026-02-06T00:00:45","atum_locations":[],"atum_stock_status":"instock","restock_status":false,"low_stock_amount":"","sales_update_date":"2026-02-06T00:00:45","calc_backorders":null,"_links":{"self":[{"href":"https:\/\/aromasentia.com\/fr\/wp-json\/wp\/v2\/product\/227528","targetHints":{"allow":["GET"]}}],"collection":[{"href":"https:\/\/aromasentia.com\/fr\/wp-json\/wp\/v2\/product"}],"about":[{"href":"https:\/\/aromasentia.com\/fr\/wp-json\/wp\/v2\/types\/product"}],"replies":[{"embeddable":true,"href":"https:\/\/aromasentia.com\/fr\/wp-json\/wp\/v2\/comments?post=227528"}],"version-history":[{"count":0,"href":"https:\/\/aromasentia.com\/fr\/wp-json\/wp\/v2\/product\/227528\/revisions"}],"wp:featuredmedia":[{"embeddable":true,"href":"https:\/\/aromasentia.com\/fr\/wp-json\/wp\/v2\/media\/375220"}],"wp:attachment":[{"href":"https:\/\/aromasentia.com\/fr\/wp-json\/wp\/v2\/media?parent=227528"}],"wp:term":[{"taxonomy":"product_brand","embeddable":true,"href":"https:\/\/aromasentia.com\/fr\/wp-json\/wp\/v2\/product_brand?post=227528"},{"taxonomy":"product_cat","embeddable":true,"href":"https:\/\/aromasentia.com\/fr\/wp-json\/wp\/v2\/product_cat?post=227528"},{"taxonomy":"product_tag","embeddable":true,"href":"https:\/\/aromasentia.com\/fr\/wp-json\/wp\/v2\/product_tag?post=227528"}],"curies":[{"name":"wp","href":"https:\/\/api.w.org\/{rel}","templated":true}]}}