{"id":227524,"date":"2025-03-22T16:05:57","date_gmt":"2025-03-22T16:05:57","guid":{"rendered":"https:\/\/aromasentia.com\/product\/natural-coaster-jute-cotton-10cm-set-of-4-teal-boarder\/"},"modified":"2025-06-23T18:41:03","modified_gmt":"2025-06-23T18:41:03","slug":"dessous-de-verre-naturel-jute-coton-10cm-lot-de-4-bordure-sarcelle","status":"publish","type":"product","link":"https:\/\/aromasentia.com\/fr\/dessous-de-verre-naturel-jute-coton-10cm-lot-de-4-bordure-sarcelle\/","title":{"rendered":"Dessous de Verre Naturel &#8211; Jute &#038; Coton 10cm (lot de 4) &#8211; Bordure Sarcelle"},"content":{"rendered":"<p>Nous vous pr\u00e9sentons notre superbe collection de<strong>&nbsp;Sous-verres Naturels<\/strong> en gros, un compl\u00e9ment indispensable pour les d\u00e9taillants qui cherchent \u00e0 insuffler une touche de chic boh\u00e8me \u00e0 leur stock.&nbsp;<\/p>\n<p>Fabriqu\u00e9s \u00e0 partir d&rsquo;un m\u00e9lange de jute et de coton, ils compl\u00e9teront n&rsquo;importe quel d\u00e9cor de table. Ils sont id\u00e9aux pour les occasions formelles et d\u00e9contract\u00e9es.&nbsp;<\/p>\n<p>Assortissez-les au <a href=\"https:\/\/aromasentia.com\/npmat-02\">Set de Table Naturel &#8211; Jute &amp; Cotton 30cm &#8211; Bordure Sarcelle<\/a><\/p>\n<p>Passez votre commande d\u00e8s maintenant et proposez \u00e0 vos clients le style Boho Tendance pour transformer leur maison en un havre de bien-\u00eatre et de style. <\/p>\n","protected":false},"excerpt":{"rendered":"<p>Nous vous pr\u00e9sentons notre superbe collection de&nbsp;Sous-verres Naturels en gros, un compl\u00e9ment indispensable pour les d\u00e9taillants qui cherchent \u00e0 insuffler une touche de chic boh\u00e8me \u00e0 leur stock.&nbsp; Fabriqu\u00e9s \u00e0 partir d&rsquo;un m\u00e9lange de jute et de coton, ils compl\u00e9teront n&rsquo;importe quel d\u00e9cor de table. Ils sont id\u00e9aux pour les occasions formelles et d\u00e9contract\u00e9es.&nbsp; Assortissez-les [&hellip;]<\/p>\n","protected":false},"featured_media":375195,"comment_status":"closed","ping_status":"open","template":"","meta":[],"product_brand":[],"product_cat":[14446],"product_tag":[],"class_list":{"0":"post-227524","1":"product","2":"type-product","3":"status-publish","4":"has-post-thumbnail","6":"product_cat-maison-et-jardin","7":"pa_collection-natural-place-mats-fr","8":"pa_made-in-inde","10":"first","11":"instock","12":"purchasable","13":"product-type-simple"},"supplier_id":null,"supplier_sku":"NPMAT-12","barcode":null,"atum_controlled":true,"out_stock_date":null,"out_stock_threshold":null,"inheritable":false,"inbound_stock":null,"stock_on_hold":0,"sold_today":0,"sales_last_days":0,"reserved_stock":null,"customer_returns":null,"warehouse_damage":null,"lost_in_post":null,"other_logs":null,"out_stock_days":0,"lost_sales":0,"has_location":null,"update_date":"2026-01-30T01:25:30","atum_locations":[],"atum_stock_status":"instock","restock_status":false,"low_stock_amount":"","sales_update_date":"2026-01-30T01:25:30","calc_backorders":null,"_links":{"self":[{"href":"https:\/\/aromasentia.com\/fr\/wp-json\/wp\/v2\/product\/227524","targetHints":{"allow":["GET"]}}],"collection":[{"href":"https:\/\/aromasentia.com\/fr\/wp-json\/wp\/v2\/product"}],"about":[{"href":"https:\/\/aromasentia.com\/fr\/wp-json\/wp\/v2\/types\/product"}],"replies":[{"embeddable":true,"href":"https:\/\/aromasentia.com\/fr\/wp-json\/wp\/v2\/comments?post=227524"}],"version-history":[{"count":0,"href":"https:\/\/aromasentia.com\/fr\/wp-json\/wp\/v2\/product\/227524\/revisions"}],"wp:featuredmedia":[{"embeddable":true,"href":"https:\/\/aromasentia.com\/fr\/wp-json\/wp\/v2\/media\/375195"}],"wp:attachment":[{"href":"https:\/\/aromasentia.com\/fr\/wp-json\/wp\/v2\/media?parent=227524"}],"wp:term":[{"taxonomy":"product_brand","embeddable":true,"href":"https:\/\/aromasentia.com\/fr\/wp-json\/wp\/v2\/product_brand?post=227524"},{"taxonomy":"product_cat","embeddable":true,"href":"https:\/\/aromasentia.com\/fr\/wp-json\/wp\/v2\/product_cat?post=227524"},{"taxonomy":"product_tag","embeddable":true,"href":"https:\/\/aromasentia.com\/fr\/wp-json\/wp\/v2\/product_tag?post=227524"}],"curies":[{"name":"wp","href":"https:\/\/api.w.org\/{rel}","templated":true}]}}