{"id":227496,"date":"2025-03-22T16:05:57","date_gmt":"2025-03-22T16:05:57","guid":{"rendered":"https:\/\/aromasentia.com\/product\/natural-place-mat-jute-cotton-30cm-clay-boarder\/"},"modified":"2025-06-23T18:41:00","modified_gmt":"2025-06-23T18:41:00","slug":"set-de-table-naturel-jute-coton-30cm-bordure-terre-cuite","status":"publish","type":"product","link":"https:\/\/aromasentia.com\/fr\/set-de-table-naturel-jute-coton-30cm-bordure-terre-cuite\/","title":{"rendered":"Set de Table Naturel &#8211; Jute &#038; Coton 30cm &#8211; Bordure Terre cuite"},"content":{"rendered":"<p>Pr\u00e9sentation de notre superbe collection de <strong><span style=\"color: rgb(75, 80, 88);\">Sets de table naturels<\/span><\/strong> en gros, un ajout incontournable pour les d\u00e9taillants qui cherchent \u00e0 insuffler une touche boh\u00e8me chic \u00e0 leur inventaire.&nbsp;<\/p>\n<p>Fabriqu\u00e9s \u00e0 partir d&rsquo;un m\u00e9lange de jute et de coton, ces sets de table d\u00e9gagent non seulement une \u00e9l\u00e9gance naturelle, mais d\u00e9gagent \u00e9galement une ambiance boh\u00e8me d\u00e9contract\u00e9e, parfaite pour les consommateurs \u00e0 l&rsquo;esprit libre d&rsquo;aujourd&rsquo;hui.&nbsp;<\/p>\n<p>Rehaussez votre table avec l\u2019allure rustique de ce set de table \u00e0 bordure d\u2019argile. Fabriqu\u00e9 \u00e0 partir de jute et de coton, il d\u00e9gage une beaut\u00e9 naturelle avec une touche de chaleur.<\/p>\n<p><strong><span style=\"color: rgb(141, 186, 216);\">Vendu par lot de quatre, chaque set de table mesure 30 cm de diam\u00e8tre.<\/span><\/strong><\/p>\n","protected":false},"excerpt":{"rendered":"<p>Pr\u00e9sentation de notre superbe collection de Sets de table naturels en gros, un ajout incontournable pour les d\u00e9taillants qui cherchent \u00e0 insuffler une touche boh\u00e8me chic \u00e0 leur inventaire.&nbsp; Fabriqu\u00e9s \u00e0 partir d&rsquo;un m\u00e9lange de jute et de coton, ces sets de table d\u00e9gagent non seulement une \u00e9l\u00e9gance naturelle, mais d\u00e9gagent \u00e9galement une ambiance boh\u00e8me [&hellip;]<\/p>\n","protected":false},"featured_media":374972,"comment_status":"closed","ping_status":"open","template":"","meta":[],"product_brand":[],"product_cat":[14446],"product_tag":[],"class_list":{"0":"post-227496","1":"product","2":"type-product","3":"status-publish","4":"has-post-thumbnail","6":"product_cat-maison-et-jardin","7":"pa_collection-natural-place-mats-fr","8":"pa_made-in-inde","10":"first","11":"instock","12":"purchasable","13":"product-type-simple"},"supplier_id":null,"supplier_sku":"NPMAT-05","barcode":null,"atum_controlled":true,"out_stock_date":null,"out_stock_threshold":null,"inheritable":false,"inbound_stock":null,"stock_on_hold":0,"sold_today":0,"sales_last_days":0,"reserved_stock":null,"customer_returns":null,"warehouse_damage":null,"lost_in_post":null,"other_logs":null,"out_stock_days":0,"lost_sales":0,"has_location":null,"update_date":"2026-02-02T14:18:55","atum_locations":[],"atum_stock_status":"instock","restock_status":false,"low_stock_amount":"","sales_update_date":"2026-01-30T01:25:59","calc_backorders":null,"_links":{"self":[{"href":"https:\/\/aromasentia.com\/fr\/wp-json\/wp\/v2\/product\/227496","targetHints":{"allow":["GET"]}}],"collection":[{"href":"https:\/\/aromasentia.com\/fr\/wp-json\/wp\/v2\/product"}],"about":[{"href":"https:\/\/aromasentia.com\/fr\/wp-json\/wp\/v2\/types\/product"}],"replies":[{"embeddable":true,"href":"https:\/\/aromasentia.com\/fr\/wp-json\/wp\/v2\/comments?post=227496"}],"version-history":[{"count":0,"href":"https:\/\/aromasentia.com\/fr\/wp-json\/wp\/v2\/product\/227496\/revisions"}],"wp:featuredmedia":[{"embeddable":true,"href":"https:\/\/aromasentia.com\/fr\/wp-json\/wp\/v2\/media\/374972"}],"wp:attachment":[{"href":"https:\/\/aromasentia.com\/fr\/wp-json\/wp\/v2\/media?parent=227496"}],"wp:term":[{"taxonomy":"product_brand","embeddable":true,"href":"https:\/\/aromasentia.com\/fr\/wp-json\/wp\/v2\/product_brand?post=227496"},{"taxonomy":"product_cat","embeddable":true,"href":"https:\/\/aromasentia.com\/fr\/wp-json\/wp\/v2\/product_cat?post=227496"},{"taxonomy":"product_tag","embeddable":true,"href":"https:\/\/aromasentia.com\/fr\/wp-json\/wp\/v2\/product_tag?post=227496"}],"curies":[{"name":"wp","href":"https:\/\/api.w.org\/{rel}","templated":true}]}}