{"id":227448,"date":"2025-03-22T16:06:08","date_gmt":"2025-03-22T16:06:08","guid":{"rendered":"https:\/\/aromasentia.com\/product\/rustic-bark-letter-c-7cm\/"},"modified":"2025-12-30T19:14:38","modified_gmt":"2025-12-30T19:14:38","slug":"lettre-ecorce-rustique-c-7cm","status":"publish","type":"product","link":"https:\/\/aromasentia.com\/fr\/lettre-ecorce-rustique-c-7cm\/","title":{"rendered":"Lettre \u00c9corce Rustique &#8211; \u00ab\u00a0C\u00a0\u00bb &#8211; 7cm"},"content":{"rendered":"<\/p>\n<p>La lettre C<\/strong> en \u00e9corce rustique est vendue s\u00e9par\u00e9ment en lot de 12 lettres.<\/p>\n<p>Chaque lettre est fabriqu\u00e9e \u00e0 la main \u00e0 Bali \u00e0 partir de bois d&rsquo;Albasia et a une finition rustique &#038;amp ; rugueuse tr\u00e8s tendance.<\/p>\n<p>Le bois est pris\u00e9 pour son grain riche, mais il est \u00e9galement \u00e0 croissance rapide et durable \u00e0 r\u00e9colter.<\/p>\n<p>Leur taille est d&rsquo;environ 7 cm, ce qui les rend parfaites pour \u00e9peler des noms complets ou des mots plus longs.<\/p>\n<p>Parfaites pour d\u00e9corer n&rsquo;importe quelle pi\u00e8ce de la maison. Id\u00e9al comme cadeau de bapt\u00eame ou de mariage.<\/p>\n","protected":false},"excerpt":{"rendered":"<p>La lettre C en \u00e9corce rustique est vendue s\u00e9par\u00e9ment en lot de 12 lettres. Chaque lettre est fabriqu\u00e9e \u00e0 la main \u00e0 Bali \u00e0 partir de bois d&rsquo;Albasia et a une finition rustique &#038;amp ; rugueuse tr\u00e8s tendance. Le bois est pris\u00e9 pour son grain riche, mais il est \u00e9galement \u00e0 croissance rapide et durable [&hellip;]<\/p>\n","protected":false},"featured_media":377745,"comment_status":"closed","ping_status":"open","template":"","meta":{"_angie_page":false},"product_brand":[],"product_cat":[16948,14446],"product_tag":[],"class_list":{"0":"post-227448","1":"product","2":"type-product","3":"status-publish","4":"has-post-thumbnail","6":"product_cat-decorations-en-bois","7":"product_cat-maison-et-jardin","8":"pa_collection-rustic-bark-letters-and-numbers-display-fr","9":"pa_made-in-indonesie","11":"first","12":"instock","13":"purchasable","14":"product-type-simple"},"supplier_id":null,"supplier_sku":"SRBL-05","barcode":null,"atum_controlled":true,"out_stock_date":null,"out_stock_threshold":null,"inheritable":false,"inbound_stock":null,"stock_on_hold":0,"sold_today":0,"sales_last_days":0,"reserved_stock":null,"customer_returns":null,"warehouse_damage":null,"lost_in_post":null,"other_logs":null,"out_stock_days":0,"lost_sales":0,"has_location":null,"update_date":"2026-04-27T07:22:53","atum_locations":[],"atum_stock_status":"instock","restock_status":false,"low_stock_amount":"","sales_update_date":"2026-01-30T01:25:35","calc_backorders":null,"_links":{"self":[{"href":"https:\/\/aromasentia.com\/fr\/wp-json\/wp\/v2\/product\/227448","targetHints":{"allow":["GET"]}}],"collection":[{"href":"https:\/\/aromasentia.com\/fr\/wp-json\/wp\/v2\/product"}],"about":[{"href":"https:\/\/aromasentia.com\/fr\/wp-json\/wp\/v2\/types\/product"}],"replies":[{"embeddable":true,"href":"https:\/\/aromasentia.com\/fr\/wp-json\/wp\/v2\/comments?post=227448"}],"version-history":[{"count":0,"href":"https:\/\/aromasentia.com\/fr\/wp-json\/wp\/v2\/product\/227448\/revisions"}],"wp:featuredmedia":[{"embeddable":true,"href":"https:\/\/aromasentia.com\/fr\/wp-json\/wp\/v2\/media\/377745"}],"wp:attachment":[{"href":"https:\/\/aromasentia.com\/fr\/wp-json\/wp\/v2\/media?parent=227448"}],"wp:term":[{"taxonomy":"product_brand","embeddable":true,"href":"https:\/\/aromasentia.com\/fr\/wp-json\/wp\/v2\/product_brand?post=227448"},{"taxonomy":"product_cat","embeddable":true,"href":"https:\/\/aromasentia.com\/fr\/wp-json\/wp\/v2\/product_cat?post=227448"},{"taxonomy":"product_tag","embeddable":true,"href":"https:\/\/aromasentia.com\/fr\/wp-json\/wp\/v2\/product_tag?post=227448"}],"curies":[{"name":"wp","href":"https:\/\/api.w.org\/{rel}","templated":true}]}}