{"id":227428,"date":"2025-03-22T16:06:08","date_gmt":"2025-03-22T16:06:08","guid":{"rendered":"https:\/\/aromasentia.com\/product\/round-seagrass-white-tan-inner-sun-1m\/"},"modified":"2025-12-30T19:14:38","modified_gmt":"2025-12-30T19:14:38","slug":"tapis-en-jonc-de-mer-rond-blanc-tan-soleil-interieur-1m","status":"publish","type":"product","link":"https:\/\/aromasentia.com\/fr\/tapis-en-jonc-de-mer-rond-blanc-tan-soleil-interieur-1m\/","title":{"rendered":"Tapis en Jonc de Mer Rond Blanc &#038; Tan &#8211; Soleil Int\u00e9rieur &#8211; 1m"},"content":{"rendered":"<p>Tiss\u00e9 \u00e0 la main et import\u00e9 directement d&rsquo;Indon\u00e9sie, ce <strong><span style=\"color: rgb(75, 80, 88);\">Tapis en Jonc de mer Rond &#8211; Blanc &amp; Tan &#8211; Blanc &amp; Tan<\/span><\/strong><span style=\"color: rgb(75, 80, 88);\"><strong>&#8211; 1m<\/strong><\/span> est tout simplement incroyable. Il embellira avec style n&rsquo;importe quel espace de vie.&nbsp;<\/p>\n<p>Ajoutez un peu d&rsquo;exotisme et de naturel \u00e0 votre table basse ou \u00e0 votre support pour plantes. Ce tapis apportera un confort instantan\u00e9 et une ambiance rustique \u00e0 la maison de vos clients. Ses couleurs neutres s&rsquo;adapteront \u00e0 tous les styles.&nbsp;<\/p>\n<p>Les mat\u00e9riaux respectueux de l&rsquo;environnement sont tr\u00e8s tendance, en particulier les produits fabriqu\u00e9s \u00e0 partir d&rsquo;herbes marines sont \u00e0 la mode et faciles \u00e0 vendre. Les tapis en jonc de mer sont populaires pour leur belle texture riche et leur durabilit\u00e9 \u00e0 long terme.&nbsp;<\/p>\n<p>Il n\u00e9cessite le m\u00eame entretien que la plupart des tapis. Il a tendance \u00e0 \u00eatre plus r\u00e9sistant aux taches et aux \u00e9claboussures &#8211; un attribut id\u00e9al pour les amoureux des animaux.&nbsp;<\/p>\n<p><strong><span style=\"color: rgb(141, 186, 216);\">Commandez maintenant pour apporter un look naturel unique \u00e0 votre boutique.<\/span><\/strong><\/p>\n","protected":false},"excerpt":{"rendered":"<p>Tiss\u00e9 \u00e0 la main et import\u00e9 directement d&rsquo;Indon\u00e9sie, ce Tapis en Jonc de mer Rond &#8211; Blanc &amp; Tan &#8211; Blanc &amp; Tan&#8211; 1m est tout simplement incroyable. Il embellira avec style n&rsquo;importe quel espace de vie.&nbsp; Ajoutez un peu d&rsquo;exotisme et de naturel \u00e0 votre table basse ou \u00e0 votre support pour plantes. Ce [&hellip;]<\/p>\n","protected":false},"featured_media":377700,"comment_status":"closed","ping_status":"open","template":"","meta":{"_angie_page":false},"product_brand":[],"product_cat":[14446,16868,16869],"product_tag":[],"class_list":{"0":"post-227428","1":"product","2":"type-product","3":"status-publish","4":"has-post-thumbnail","6":"product_cat-maison-et-jardin","7":"product_cat-tapis","8":"product_cat-textiles","9":"pa_collection-round-seagrass-rug-fr","10":"pa_made-in-indonesie","12":"first","13":"instock","14":"purchasable","15":"product-type-simple"},"supplier_id":null,"supplier_sku":"SGR-02","barcode":null,"atum_controlled":true,"out_stock_date":null,"out_stock_threshold":null,"inheritable":false,"inbound_stock":null,"stock_on_hold":0,"sold_today":0,"sales_last_days":0,"reserved_stock":null,"customer_returns":null,"warehouse_damage":null,"lost_in_post":null,"other_logs":null,"out_stock_days":0,"lost_sales":0,"has_location":null,"update_date":"2026-04-27T07:21:26","atum_locations":[],"atum_stock_status":"instock","restock_status":false,"low_stock_amount":"","sales_update_date":"2026-01-30T01:25:33","calc_backorders":null,"_links":{"self":[{"href":"https:\/\/aromasentia.com\/fr\/wp-json\/wp\/v2\/product\/227428","targetHints":{"allow":["GET"]}}],"collection":[{"href":"https:\/\/aromasentia.com\/fr\/wp-json\/wp\/v2\/product"}],"about":[{"href":"https:\/\/aromasentia.com\/fr\/wp-json\/wp\/v2\/types\/product"}],"replies":[{"embeddable":true,"href":"https:\/\/aromasentia.com\/fr\/wp-json\/wp\/v2\/comments?post=227428"}],"version-history":[{"count":0,"href":"https:\/\/aromasentia.com\/fr\/wp-json\/wp\/v2\/product\/227428\/revisions"}],"wp:featuredmedia":[{"embeddable":true,"href":"https:\/\/aromasentia.com\/fr\/wp-json\/wp\/v2\/media\/377700"}],"wp:attachment":[{"href":"https:\/\/aromasentia.com\/fr\/wp-json\/wp\/v2\/media?parent=227428"}],"wp:term":[{"taxonomy":"product_brand","embeddable":true,"href":"https:\/\/aromasentia.com\/fr\/wp-json\/wp\/v2\/product_brand?post=227428"},{"taxonomy":"product_cat","embeddable":true,"href":"https:\/\/aromasentia.com\/fr\/wp-json\/wp\/v2\/product_cat?post=227428"},{"taxonomy":"product_tag","embeddable":true,"href":"https:\/\/aromasentia.com\/fr\/wp-json\/wp\/v2\/product_tag?post=227428"}],"curies":[{"name":"wp","href":"https:\/\/api.w.org\/{rel}","templated":true}]}}