{"id":227400,"date":"2025-03-22T16:06:08","date_gmt":"2025-03-22T16:06:08","guid":{"rendered":"https:\/\/aromasentia.com\/product\/seagrass-basket-set-grey-natural-white\/"},"modified":"2025-06-23T18:40:47","modified_gmt":"2025-06-23T18:40:47","slug":"ensemble-de-paniers-en-jonc-de-mer-gris-naturel-blanc","status":"publish","type":"product","link":"https:\/\/aromasentia.com\/fr\/ensemble-de-paniers-en-jonc-de-mer-gris-naturel-blanc\/","title":{"rendered":"Ensemble de Paniers en Jonc de Mer &#8211; Gris \/ Naturel \/ Blanc"},"content":{"rendered":"<p>Les paniers multifonctionnels sont tiss\u00e9s \u00e0 la main et ajoutent un aspect authentique \u00e0 n&rsquo;importe quel espace.&nbsp;<\/p>\n<p><strong><span style=\"color: rgb(75, 80, 88);\">Vendu par lot de 3<\/span><\/strong>, chaque panier est fabriqu\u00e9 \u00e0 la main \u00e0 partir d&rsquo;herbes marines respectueuses de l&rsquo;environnement. Ce trio facile \u00e0 ranger est id\u00e9al pour les paniers-cadeaux et peut m\u00eame \u00eatre utilis\u00e9 comme pot de fleurs chic. Le plus grand est dot\u00e9 d&rsquo;une poign\u00e9e sup\u00e9rieure.&nbsp;<\/p>\n<p>Les mat\u00e9riaux naturels sont tr\u00e8s tendance, en particulier les produits fabriqu\u00e9s \u00e0 partir <strong><span style=\"color: rgb(75, 80, 88);\">d&rsquo;herbes marines<\/span><\/strong>, qui sont \u00e0 la mode et se vendent facilement. Les paniers color\u00e9s peuvent \u00eatre utilis\u00e9s comme fourre-tout, mini paniers \u00e0 linge ou pour pr\u00e9senter les produits AromaSentia que vous souhaitez voir bien organis\u00e9s ou faciles et rapides \u00e0 attraper.&nbsp;<\/p>\n<p>Dimensions du grand panier : H : 17 cm (28 cm avec une anse), P : 20 cm Dimensions du panier moyen : H : 16 cm, P : 17cm &nbsp; &nbsp; &nbsp; &nbsp; &nbsp; &nbsp; &nbsp; &nbsp; &nbsp; &nbsp; &nbsp; &nbsp; &nbsp; &nbsp; &nbsp; Dimensions du petit panier : H : 14 cm, P : 14 cm<\/p>\n<p><strong><span style=\"color: rgb(141, 186, 216);\">Impressionnez vos clients avec la gamme rustique Seagrass. Commandez maintenant.<\/span><\/strong><\/p>\n","protected":false},"excerpt":{"rendered":"<p>Les paniers multifonctionnels sont tiss\u00e9s \u00e0 la main et ajoutent un aspect authentique \u00e0 n&rsquo;importe quel espace.&nbsp; Vendu par lot de 3, chaque panier est fabriqu\u00e9 \u00e0 la main \u00e0 partir d&rsquo;herbes marines respectueuses de l&rsquo;environnement. Ce trio facile \u00e0 ranger est id\u00e9al pour les paniers-cadeaux et peut m\u00eame \u00eatre utilis\u00e9 comme pot de fleurs [&hellip;]<\/p>\n","protected":false},"featured_media":377573,"comment_status":"closed","ping_status":"open","template":"","meta":{"_angie_page":false},"product_brand":[],"product_cat":[14446,17311],"product_tag":[],"class_list":{"0":"post-227400","1":"product","2":"type-product","3":"status-publish","4":"has-post-thumbnail","6":"product_cat-maison-et-jardin","7":"product_cat-paniers","8":"pa_collection-seagrass-basket-set-fr","9":"pa_made-in-indonesie","11":"first","12":"instock","13":"purchasable","14":"product-type-simple"},"supplier_id":null,"supplier_sku":"SBS-03","barcode":null,"atum_controlled":true,"out_stock_date":null,"out_stock_threshold":null,"inheritable":false,"inbound_stock":null,"stock_on_hold":0,"sold_today":0,"sales_last_days":0,"reserved_stock":null,"customer_returns":null,"warehouse_damage":null,"lost_in_post":null,"other_logs":null,"out_stock_days":0,"lost_sales":0,"has_location":null,"update_date":"2026-04-27T07:20:29","atum_locations":[],"atum_stock_status":"instock","restock_status":false,"low_stock_amount":"","sales_update_date":"2026-01-30T01:26:05","calc_backorders":null,"_links":{"self":[{"href":"https:\/\/aromasentia.com\/fr\/wp-json\/wp\/v2\/product\/227400","targetHints":{"allow":["GET"]}}],"collection":[{"href":"https:\/\/aromasentia.com\/fr\/wp-json\/wp\/v2\/product"}],"about":[{"href":"https:\/\/aromasentia.com\/fr\/wp-json\/wp\/v2\/types\/product"}],"replies":[{"embeddable":true,"href":"https:\/\/aromasentia.com\/fr\/wp-json\/wp\/v2\/comments?post=227400"}],"version-history":[{"count":0,"href":"https:\/\/aromasentia.com\/fr\/wp-json\/wp\/v2\/product\/227400\/revisions"}],"wp:featuredmedia":[{"embeddable":true,"href":"https:\/\/aromasentia.com\/fr\/wp-json\/wp\/v2\/media\/377573"}],"wp:attachment":[{"href":"https:\/\/aromasentia.com\/fr\/wp-json\/wp\/v2\/media?parent=227400"}],"wp:term":[{"taxonomy":"product_brand","embeddable":true,"href":"https:\/\/aromasentia.com\/fr\/wp-json\/wp\/v2\/product_brand?post=227400"},{"taxonomy":"product_cat","embeddable":true,"href":"https:\/\/aromasentia.com\/fr\/wp-json\/wp\/v2\/product_cat?post=227400"},{"taxonomy":"product_tag","embeddable":true,"href":"https:\/\/aromasentia.com\/fr\/wp-json\/wp\/v2\/product_tag?post=227400"}],"curies":[{"name":"wp","href":"https:\/\/api.w.org\/{rel}","templated":true}]}}