{"id":227368,"date":"2025-03-22T16:06:08","date_gmt":"2025-03-22T16:06:08","guid":{"rendered":"https:\/\/aromasentia.com\/product\/low-salt-rock-brazier-lamp-cable-bulb-pink-salt\/"},"modified":"2025-06-23T18:40:43","modified_gmt":"2025-06-23T18:40:43","slug":"brasero-de-sel-bas-sel-rose-ampoule-et-cable","status":"publish","type":"product","link":"https:\/\/aromasentia.com\/fr\/brasero-de-sel-bas-sel-rose-ampoule-et-cable\/","title":{"rendered":"Brasero de Sel Bas &#8211; Sel Rose, Ampoule et Cable"},"content":{"rendered":"<p>Lampes industrielles \u00e9l\u00e9gantes, vous pouvez la vendre individuellement ou en ensemble avec des pierres de sel de l&rsquo;Himalaya blanches ou roses.<br \/><strong><span style=\"color: rgb(75, 80, 88);\">Chaque ensemble contient une ampoule et son c\u00e2ble<\/span><\/strong><br \/>Cet ensemble convient \u00e0 tout type de d\u00e9cor, maison ou bien magasin.<\/p>\n","protected":false},"excerpt":{"rendered":"<p>Lampes industrielles \u00e9l\u00e9gantes, vous pouvez la vendre individuellement ou en ensemble avec des pierres de sel de l&rsquo;Himalaya blanches ou roses.Chaque ensemble contient une ampoule et son c\u00e2bleCet ensemble convient \u00e0 tout type de d\u00e9cor, maison ou bien magasin.<\/p>\n","protected":false},"featured_media":377341,"comment_status":"closed","ping_status":"open","template":"","meta":{"_angie_page":false},"product_brand":[],"product_cat":[17264,17242,17265,14446],"product_tag":[],"class_list":{"0":"post-227368","1":"product","2":"type-product","3":"status-publish","4":"has-post-thumbnail","6":"product_cat-cadeaux-esoterique","7":"product_cat-lampes-et-lanternes","8":"product_cat-lampes-sel-himalaya","9":"product_cat-maison-et-jardin","10":"pa_collection-salt-rock-brazier-lamps-fr","11":"pa_made-in-chine","13":"first","14":"instock","15":"purchasable","16":"product-type-simple"},"supplier_id":null,"supplier_sku":"SaltFS-04","barcode":null,"atum_controlled":true,"out_stock_date":null,"out_stock_threshold":null,"inheritable":false,"inbound_stock":null,"stock_on_hold":0,"sold_today":0,"sales_last_days":0,"reserved_stock":null,"customer_returns":null,"warehouse_damage":null,"lost_in_post":null,"other_logs":null,"out_stock_days":0,"lost_sales":0,"has_location":null,"update_date":"2026-04-27T07:20:24","atum_locations":[],"atum_stock_status":"instock","restock_status":false,"low_stock_amount":"","sales_update_date":"2026-01-30T01:26:24","calc_backorders":null,"_links":{"self":[{"href":"https:\/\/aromasentia.com\/fr\/wp-json\/wp\/v2\/product\/227368","targetHints":{"allow":["GET"]}}],"collection":[{"href":"https:\/\/aromasentia.com\/fr\/wp-json\/wp\/v2\/product"}],"about":[{"href":"https:\/\/aromasentia.com\/fr\/wp-json\/wp\/v2\/types\/product"}],"replies":[{"embeddable":true,"href":"https:\/\/aromasentia.com\/fr\/wp-json\/wp\/v2\/comments?post=227368"}],"version-history":[{"count":0,"href":"https:\/\/aromasentia.com\/fr\/wp-json\/wp\/v2\/product\/227368\/revisions"}],"wp:featuredmedia":[{"embeddable":true,"href":"https:\/\/aromasentia.com\/fr\/wp-json\/wp\/v2\/media\/377341"}],"wp:attachment":[{"href":"https:\/\/aromasentia.com\/fr\/wp-json\/wp\/v2\/media?parent=227368"}],"wp:term":[{"taxonomy":"product_brand","embeddable":true,"href":"https:\/\/aromasentia.com\/fr\/wp-json\/wp\/v2\/product_brand?post=227368"},{"taxonomy":"product_cat","embeddable":true,"href":"https:\/\/aromasentia.com\/fr\/wp-json\/wp\/v2\/product_cat?post=227368"},{"taxonomy":"product_tag","embeddable":true,"href":"https:\/\/aromasentia.com\/fr\/wp-json\/wp\/v2\/product_tag?post=227368"}],"curies":[{"name":"wp","href":"https:\/\/api.w.org\/{rel}","templated":true}]}}