{"id":227256,"date":"2025-03-22T16:06:08","date_gmt":"2025-03-22T16:06:08","guid":{"rendered":"https:\/\/aromasentia.com\/product\/natural-teak-4-shelf-display-75cm-high\/"},"modified":"2025-06-23T18:40:26","modified_gmt":"2025-06-23T18:40:26","slug":"natural-teak-4-shelf-display-75cm-high","status":"publish","type":"product","link":"https:\/\/aromasentia.com\/fr\/natural-teak-4-shelf-display-75cm-high\/","title":{"rendered":"Natural Teak 4 Shelf Display 75cm high"},"content":{"rendered":"<\/p>\n<p><strong>Introduction du pr\u00e9sentoir \u00e0 4 \u00e9tag\u00e8res en teck naturel<\/strong>, un meuble \u00e9tonnant qui allie fonctionnalit\u00e9 et beaut\u00e9. Ce pr\u00e9sentoir s&rsquo;\u00e9l\u00e8ve \u00e0 une hauteur de 75 cm, ce qui en fait un compl\u00e9ment parfait pour n&rsquo;importe quelle pi\u00e8ce de votre maison, de votre bureau ou de votre magasin. Le pr\u00e9sentoir comprend quatre \u00e9tag\u00e8res spacieuses fabriqu\u00e9es en bois de teck de haute qualit\u00e9, connu pour sa durabilit\u00e9 et sa beaut\u00e9 naturelle.<\/p>\n<p>La finition en teck naturel donne \u00e0 ce pr\u00e9sentoir un aspect intemporel et rustique qui s&rsquo;adaptera \u00e0 tous les styles de d\u00e9coration. Les motifs uniques du grain du bois et les tons chauds ajoutent de la chaleur et du caract\u00e8re \u00e0 tout espace. Parfait pour mettre en valeur divers objets, des livres et des plantes aux pi\u00e8ces d\u00e9coratives ou m\u00eame aux produits de beaut\u00e9.<\/p>\n<p>Avec sa construction en teck naturel et son design simple mais \u00e9l\u00e9gant, le pr\u00e9sentoir \u00e0 4 \u00e9tag\u00e8res en teck naturel est un ajout polyvalent et stylis\u00e9 \u00e0 toute maison. Il rehaussera la beaut\u00e9 de votre espace tout en offrant une solution d&rsquo;affichage fonctionnelle. Investissez dans ce meuble exquis et rehaussez l&rsquo;esth\u00e9tique de votre magasin, bureau ou maison, avec son charme naturel et sa fonctionnalit\u00e9.<\/p>\n<p>Taille : &nbsp;H : 75cm D:50cm L : 25cm&nbsp;<\/p>\n<p>Dimensions entre les \u00e9tag\u00e8res : \u00e0 partir de l&rsquo;\u00e9tag\u00e8re du bas 26cm, \u00e0 partir de la deuxi\u00e8me \u00e9tag\u00e8re 23cm, \u00e0 partir de la troisi\u00e8me \u00e9tag\u00e8re 17 cm, \u00e9tag\u00e8re 20cm<\/p>\n","protected":false},"excerpt":{"rendered":"<p>Introduction du pr\u00e9sentoir \u00e0 4 \u00e9tag\u00e8res en teck naturel, un meuble \u00e9tonnant qui allie fonctionnalit\u00e9 et beaut\u00e9. Ce pr\u00e9sentoir s&rsquo;\u00e9l\u00e8ve \u00e0 une hauteur de 75 cm, ce qui en fait un compl\u00e9ment parfait pour n&rsquo;importe quelle pi\u00e8ce de votre maison, de votre bureau ou de votre magasin. Le pr\u00e9sentoir comprend quatre \u00e9tag\u00e8res spacieuses fabriqu\u00e9es en [&hellip;]<\/p>\n","protected":false},"featured_media":378213,"comment_status":"closed","ping_status":"open","template":"","meta":{"_angie_page":false},"product_brand":[],"product_cat":[16948,14446],"product_tag":[],"class_list":{"0":"post-227256","1":"product","2":"type-product","3":"status-publish","4":"has-post-thumbnail","6":"product_cat-decorations-en-bois","7":"product_cat-maison-et-jardin","8":"pa_collection-natural-teak-display-fr","9":"pa_made-in-indonesie","11":"first","12":"outofstock","13":"purchasable","14":"product-type-simple"},"supplier_id":null,"supplier_sku":"TDS-02","barcode":null,"atum_controlled":true,"out_stock_date":"2025-09-05 16:27:52","out_stock_threshold":null,"inheritable":false,"inbound_stock":null,"stock_on_hold":0,"sold_today":0,"sales_last_days":0,"reserved_stock":null,"customer_returns":null,"warehouse_damage":null,"lost_in_post":null,"other_logs":null,"out_stock_days":0,"lost_sales":0,"has_location":null,"update_date":"2026-04-27T07:24:12","atum_locations":[],"atum_stock_status":"outofstock","restock_status":false,"low_stock_amount":"","sales_update_date":"2025-09-04T00:30:14","calc_backorders":null,"_links":{"self":[{"href":"https:\/\/aromasentia.com\/fr\/wp-json\/wp\/v2\/product\/227256","targetHints":{"allow":["GET"]}}],"collection":[{"href":"https:\/\/aromasentia.com\/fr\/wp-json\/wp\/v2\/product"}],"about":[{"href":"https:\/\/aromasentia.com\/fr\/wp-json\/wp\/v2\/types\/product"}],"replies":[{"embeddable":true,"href":"https:\/\/aromasentia.com\/fr\/wp-json\/wp\/v2\/comments?post=227256"}],"version-history":[{"count":0,"href":"https:\/\/aromasentia.com\/fr\/wp-json\/wp\/v2\/product\/227256\/revisions"}],"wp:featuredmedia":[{"embeddable":true,"href":"https:\/\/aromasentia.com\/fr\/wp-json\/wp\/v2\/media\/378213"}],"wp:attachment":[{"href":"https:\/\/aromasentia.com\/fr\/wp-json\/wp\/v2\/media?parent=227256"}],"wp:term":[{"taxonomy":"product_brand","embeddable":true,"href":"https:\/\/aromasentia.com\/fr\/wp-json\/wp\/v2\/product_brand?post=227256"},{"taxonomy":"product_cat","embeddable":true,"href":"https:\/\/aromasentia.com\/fr\/wp-json\/wp\/v2\/product_cat?post=227256"},{"taxonomy":"product_tag","embeddable":true,"href":"https:\/\/aromasentia.com\/fr\/wp-json\/wp\/v2\/product_tag?post=227256"}],"curies":[{"name":"wp","href":"https:\/\/api.w.org\/{rel}","templated":true}]}}