{"id":227072,"date":"2025-03-22T16:06:20","date_gmt":"2025-03-22T16:06:20","guid":{"rendered":"https:\/\/aromasentia.com\/product\/room-rag-rug-150x200cm-premium-quality-sunrise-oranges\/"},"modified":"2025-06-23T18:39:59","modified_gmt":"2025-06-23T18:39:59","slug":"tapis-de-chambre-150x200cm-premium-quality-oranges-du-soleil-levant","status":"publish","type":"product","link":"https:\/\/aromasentia.com\/fr\/tapis-de-chambre-150x200cm-premium-quality-oranges-du-soleil-levant\/","title":{"rendered":"Tapis de Chambre &#8211; 150x200cm &#8211; premium quality &#8211; Oranges du Soleil Levant"},"content":{"rendered":"<p><strong>Tapis de salle en gros &#8211; 150x200cm : Qualit\u00e9 sup\u00e9rieure en oranges radieuses<\/strong><\/p>\n<p>Le tapis Room Rag Rug, est une d\u00e9claration vibrante pour votre inventaire. Ces tapis m\u00e9ticuleusement confectionn\u00e9s, d&rsquo;une taille g\u00e9n\u00e9reuse de 150 x 200 cm, incarnent la qualit\u00e9 sup\u00e9rieure et pr\u00e9sentent une palette vivante d&rsquo;oranges au lever du soleil.<\/p>\n<p> ? Fabriqu\u00e9s avec soin pour garantir une qualit\u00e9 et une durabilit\u00e9 sup\u00e9rieures&nbsp;<\/p>\n<p> ? Les dimensions spacieuses de 150 x 200 cm sont parfaites pour d\u00e9finir les grands espaces de vie<\/p>\n<p> ? Par\u00e9s d&rsquo;une couleur orange radieuse, id\u00e9ale pour cr\u00e9er une atmosph\u00e8re audacieuse et \u00e9nergique dans n&rsquo;importe quelle pi\u00e8ce<\/p>\n<p>Transformez les espaces de vie de vos clients avec ces tapis exquis, qu&rsquo;ils soient utilis\u00e9s pour ancrer des si\u00e8ges dans des espaces ouverts ou pour insuffler un \u00e9lan de chaleur et de vitalit\u00e9 dans les chambres \u00e0 coucher et les salles de s\u00e9jour. La couleur orange soleil apporte un sens vivifiant de positivit\u00e9 et d&rsquo;\u00e9nergie \u00e0 n&rsquo;importe quel environnement.<\/p>\n<p><strong>Commandez maintenant et offrez \u00e0 vos clients une touche de qualit\u00e9 sup\u00e9rieure et l&rsquo;esth\u00e9tique dynamique des oranges soleil pour leurs plus grands espaces de vie.<\/strong><\/p>\n<p>Les tapis sont con\u00e7us pour \u00eatre utilis\u00e9s dans le cadre d&rsquo;un programme d&rsquo;\u00e9ducation et de formation.<\/p>\n","protected":false},"excerpt":{"rendered":"<p>Tapis de salle en gros &#8211; 150x200cm : Qualit\u00e9 sup\u00e9rieure en oranges radieuses Le tapis Room Rag Rug, est une d\u00e9claration vibrante pour votre inventaire. Ces tapis m\u00e9ticuleusement confectionn\u00e9s, d&rsquo;une taille g\u00e9n\u00e9reuse de 150 x 200 cm, incarnent la qualit\u00e9 sup\u00e9rieure et pr\u00e9sentent une palette vivante d&rsquo;oranges au lever du soleil. ? Fabriqu\u00e9s avec soin [&hellip;]<\/p>\n","protected":false},"featured_media":382471,"comment_status":"closed","ping_status":"open","template":"","meta":{"_angie_page":false},"product_brand":[],"product_cat":[14446,16868,16869],"product_tag":[],"class_list":{"0":"post-227072","1":"product","2":"type-product","3":"status-publish","4":"has-post-thumbnail","6":"product_cat-maison-et-jardin","7":"product_cat-tapis","8":"product_cat-textiles","9":"pa_collection-indian-rag-rugs-fr","10":"pa_made-in-inde","12":"first","13":"instock","14":"purchasable","15":"product-type-simple"},"supplier_id":null,"supplier_sku":"VRUG-25","barcode":null,"atum_controlled":true,"out_stock_date":null,"out_stock_threshold":null,"inheritable":false,"inbound_stock":null,"stock_on_hold":0,"sold_today":0,"sales_last_days":0,"reserved_stock":null,"customer_returns":null,"warehouse_damage":null,"lost_in_post":null,"other_logs":null,"out_stock_days":0,"lost_sales":0,"has_location":null,"update_date":"2026-04-27T07:26:38","atum_locations":[],"atum_stock_status":"instock","restock_status":false,"low_stock_amount":"","sales_update_date":"2026-01-30T01:24:40","calc_backorders":null,"_links":{"self":[{"href":"https:\/\/aromasentia.com\/fr\/wp-json\/wp\/v2\/product\/227072","targetHints":{"allow":["GET"]}}],"collection":[{"href":"https:\/\/aromasentia.com\/fr\/wp-json\/wp\/v2\/product"}],"about":[{"href":"https:\/\/aromasentia.com\/fr\/wp-json\/wp\/v2\/types\/product"}],"replies":[{"embeddable":true,"href":"https:\/\/aromasentia.com\/fr\/wp-json\/wp\/v2\/comments?post=227072"}],"version-history":[{"count":0,"href":"https:\/\/aromasentia.com\/fr\/wp-json\/wp\/v2\/product\/227072\/revisions"}],"wp:featuredmedia":[{"embeddable":true,"href":"https:\/\/aromasentia.com\/fr\/wp-json\/wp\/v2\/media\/382471"}],"wp:attachment":[{"href":"https:\/\/aromasentia.com\/fr\/wp-json\/wp\/v2\/media?parent=227072"}],"wp:term":[{"taxonomy":"product_brand","embeddable":true,"href":"https:\/\/aromasentia.com\/fr\/wp-json\/wp\/v2\/product_brand?post=227072"},{"taxonomy":"product_cat","embeddable":true,"href":"https:\/\/aromasentia.com\/fr\/wp-json\/wp\/v2\/product_cat?post=227072"},{"taxonomy":"product_tag","embeddable":true,"href":"https:\/\/aromasentia.com\/fr\/wp-json\/wp\/v2\/product_tag?post=227072"}],"curies":[{"name":"wp","href":"https:\/\/api.w.org\/{rel}","templated":true}]}}