{"id":227044,"date":"2025-03-22T16:06:20","date_gmt":"2025-03-22T16:06:20","guid":{"rendered":"https:\/\/aromasentia.com\/product\/small-rag-rug-50x90cm-premium-quality-charcoal-greys\/"},"modified":"2025-12-30T19:14:01","modified_gmt":"2025-12-30T19:14:01","slug":"petit-tapis-50x90cm-qualite-superieure-gris-anthracite","status":"publish","type":"product","link":"https:\/\/aromasentia.com\/fr\/petit-tapis-50x90cm-qualite-superieure-gris-anthracite\/","title":{"rendered":"Petit Tapis &#8211; 50x90cm &#8211; Qualit\u00e9 sup\u00e9rieure &#8211; Gris Anthracite"},"content":{"rendered":"<p><strong>Gros tapis de chiffon &#8211; 50x90cm : Qualit\u00e9 sup\u00e9rieure en gris anthracite sophistiqu\u00e9<\/strong><\/p>\n<p>Le petit tapis en gros, un ajout raffin\u00e9 \u00e0 votre inventaire. Ces tapis m\u00e9ticuleusement fabriqu\u00e9s, mesurant 50x90cm, incarnent une qualit\u00e9 sup\u00e9rieure et pr\u00e9sentent une palette d&rsquo;\u00e9l\u00e9gants gris anthracite.<\/p>\n<p> ? Fabriqu\u00e9s avec pr\u00e9cision pour une qualit\u00e9 et une long\u00e9vit\u00e9 sup\u00e9rieures&nbsp;<\/p>\n<p> ? Taille compacte de 50x90cm, adapt\u00e9e \u00e0 divers espaces de vie&nbsp;<\/p>\n<p> ? Par\u00e9s de gris anthracite sophistiqu\u00e9s, parfaits pour ajouter une touche d&rsquo;\u00e9l\u00e9gance intemporelle \u00e0 n&rsquo;importe quelle pi\u00e8ce<\/p>\n<p>Am\u00e9liorez les espaces de vie de vos clients avec ces tapis en tissu exquis, qu&rsquo;ils soient plac\u00e9s dans les cuisines ou les salles de bains, ou qu&rsquo;ils servent d&rsquo;accent d\u00e9coratif subtil mais \u00e9l\u00e9gant dans les chambres \u00e0 coucher et les salles de s\u00e9jour. Les gris anthracite conf\u00e8rent un air de sophistication et de modernit\u00e9 \u00e0 tout environnement.<\/p>\n<p><strong>Commandez maintenant et offrez \u00e0 vos clients une touche de qualit\u00e9 sup\u00e9rieure et l&rsquo;esth\u00e9tique intemporelle des gris anthracite pour leurs maisons.<\/strong><\/p>\n<\/p>\n<p>Les tapis en tissu sont con\u00e7us pour \u00eatre utilis\u00e9s dans le cadre d&rsquo;un travail de bureau.<\/p>\n","protected":false},"excerpt":{"rendered":"<p>Gros tapis de chiffon &#8211; 50x90cm : Qualit\u00e9 sup\u00e9rieure en gris anthracite sophistiqu\u00e9 Le petit tapis en gros, un ajout raffin\u00e9 \u00e0 votre inventaire. Ces tapis m\u00e9ticuleusement fabriqu\u00e9s, mesurant 50x90cm, incarnent une qualit\u00e9 sup\u00e9rieure et pr\u00e9sentent une palette d&rsquo;\u00e9l\u00e9gants gris anthracite. ? Fabriqu\u00e9s avec pr\u00e9cision pour une qualit\u00e9 et une long\u00e9vit\u00e9 sup\u00e9rieures&nbsp; ? Taille compacte [&hellip;]<\/p>\n","protected":false},"featured_media":382224,"comment_status":"closed","ping_status":"open","template":"","meta":{"_angie_page":false},"product_brand":[],"product_cat":[14446,16868,16869],"product_tag":[],"class_list":{"0":"post-227044","1":"product","2":"type-product","3":"status-publish","4":"has-post-thumbnail","6":"product_cat-maison-et-jardin","7":"product_cat-tapis","8":"product_cat-textiles","9":"pa_collection-indian-rag-rugs-fr","10":"pa_made-in-inde","12":"first","13":"instock","14":"purchasable","15":"product-type-simple"},"supplier_id":null,"supplier_sku":"VRUG-15","barcode":null,"atum_controlled":true,"out_stock_date":null,"out_stock_threshold":null,"inheritable":false,"inbound_stock":null,"stock_on_hold":0,"sold_today":0,"sales_last_days":0,"reserved_stock":null,"customer_returns":null,"warehouse_damage":null,"lost_in_post":null,"other_logs":null,"out_stock_days":0,"lost_sales":0,"has_location":null,"update_date":"2026-04-27T07:26:38","atum_locations":[],"atum_stock_status":"instock","restock_status":false,"low_stock_amount":"","sales_update_date":"2026-01-30T01:24:47","calc_backorders":null,"_links":{"self":[{"href":"https:\/\/aromasentia.com\/fr\/wp-json\/wp\/v2\/product\/227044","targetHints":{"allow":["GET"]}}],"collection":[{"href":"https:\/\/aromasentia.com\/fr\/wp-json\/wp\/v2\/product"}],"about":[{"href":"https:\/\/aromasentia.com\/fr\/wp-json\/wp\/v2\/types\/product"}],"replies":[{"embeddable":true,"href":"https:\/\/aromasentia.com\/fr\/wp-json\/wp\/v2\/comments?post=227044"}],"version-history":[{"count":0,"href":"https:\/\/aromasentia.com\/fr\/wp-json\/wp\/v2\/product\/227044\/revisions"}],"wp:featuredmedia":[{"embeddable":true,"href":"https:\/\/aromasentia.com\/fr\/wp-json\/wp\/v2\/media\/382224"}],"wp:attachment":[{"href":"https:\/\/aromasentia.com\/fr\/wp-json\/wp\/v2\/media?parent=227044"}],"wp:term":[{"taxonomy":"product_brand","embeddable":true,"href":"https:\/\/aromasentia.com\/fr\/wp-json\/wp\/v2\/product_brand?post=227044"},{"taxonomy":"product_cat","embeddable":true,"href":"https:\/\/aromasentia.com\/fr\/wp-json\/wp\/v2\/product_cat?post=227044"},{"taxonomy":"product_tag","embeddable":true,"href":"https:\/\/aromasentia.com\/fr\/wp-json\/wp\/v2\/product_tag?post=227044"}],"curies":[{"name":"wp","href":"https:\/\/api.w.org\/{rel}","templated":true}]}}