{"id":227020,"date":"2025-03-22T16:06:20","date_gmt":"2025-03-22T16:06:20","guid":{"rendered":"https:\/\/aromasentia.com\/product\/medium-velvet-rug-128x75cm\/"},"modified":"2025-06-23T18:39:52","modified_gmt":"2025-06-23T18:39:52","slug":"tapis-velours-moyen-128x75cm","status":"publish","type":"product","link":"https:\/\/aromasentia.com\/fr\/tapis-velours-moyen-128x75cm\/","title":{"rendered":"Tapis Velours Moyen &#8211; 128x75cm"},"content":{"rendered":"<\/p>\n<p>Tapis de velours moyen, chaque tapis est tiss\u00e9 \u00e0 la main en Inde. Ces magnifiques <strong>Tapis indiens en gros<\/strong> sont \u00e9galement disponibles en tailles Large et Small et avec leurs couleurs vibrantes, ils sont s\u00fbrs d&rsquo;\u00eatre le point de discussion de n&rsquo;importe quelle pi\u00e8ce.<\/p>\n<p>Les tapis apporteront confort et style \u00e0 la maison\/bureau de vos clients, gr\u00e2ce au velours et au coton utilis\u00e9s.<\/p>\n<p>Notre gamme de tapis en velours invitera vos clients \u00e0 la relaxation, \u00e0 l&rsquo;envie de marcher pieds nus. Il vous suffit d&rsquo;exposer ces tapis color\u00e9s dans votre magasin\/site web pour attirer l&rsquo;attention du client.<\/p>\n<p><strong>Veuillez noter que les couleurs peuvent varier en raison de la nature du produit.<\/strong><\/p>\n<p>La gamme de tapis en velours invite \u00e0 la d\u00e9tente, \u00e0 l&rsquo;envie de marcher pieds nus, \u00e0 un prix qui vous permettra de r\u00e9aliser un profit satisfaisant.<\/p>\n","protected":false},"excerpt":{"rendered":"<p>Tapis de velours moyen, chaque tapis est tiss\u00e9 \u00e0 la main en Inde. Ces magnifiques Tapis indiens en gros sont \u00e9galement disponibles en tailles Large et Small et avec leurs couleurs vibrantes, ils sont s\u00fbrs d&rsquo;\u00eatre le point de discussion de n&rsquo;importe quelle pi\u00e8ce. Les tapis apporteront confort et style \u00e0 la maison\/bureau de vos [&hellip;]<\/p>\n","protected":false},"featured_media":381890,"comment_status":"closed","ping_status":"open","template":"","meta":{"_angie_page":false},"product_brand":[],"product_cat":[14446,16868,16869],"product_tag":[],"class_list":{"0":"post-227020","1":"product","2":"type-product","3":"status-publish","4":"has-post-thumbnail","6":"product_cat-maison-et-jardin","7":"product_cat-tapis","8":"product_cat-textiles","9":"pa_collection-indian-rag-rugs-fr","10":"pa_made-in-inde","12":"first","13":"instock","14":"purchasable","15":"product-type-simple"},"supplier_id":null,"supplier_sku":"Vrug-02","barcode":null,"atum_controlled":true,"out_stock_date":null,"out_stock_threshold":null,"inheritable":false,"inbound_stock":null,"stock_on_hold":0,"sold_today":0,"sales_last_days":0,"reserved_stock":null,"customer_returns":null,"warehouse_damage":null,"lost_in_post":null,"other_logs":null,"out_stock_days":0,"lost_sales":0,"has_location":null,"update_date":"2026-04-27T07:26:32","atum_locations":[],"atum_stock_status":"instock","restock_status":false,"low_stock_amount":"","sales_update_date":"2026-01-30T01:25:02","calc_backorders":null,"_links":{"self":[{"href":"https:\/\/aromasentia.com\/fr\/wp-json\/wp\/v2\/product\/227020","targetHints":{"allow":["GET"]}}],"collection":[{"href":"https:\/\/aromasentia.com\/fr\/wp-json\/wp\/v2\/product"}],"about":[{"href":"https:\/\/aromasentia.com\/fr\/wp-json\/wp\/v2\/types\/product"}],"replies":[{"embeddable":true,"href":"https:\/\/aromasentia.com\/fr\/wp-json\/wp\/v2\/comments?post=227020"}],"version-history":[{"count":0,"href":"https:\/\/aromasentia.com\/fr\/wp-json\/wp\/v2\/product\/227020\/revisions"}],"wp:featuredmedia":[{"embeddable":true,"href":"https:\/\/aromasentia.com\/fr\/wp-json\/wp\/v2\/media\/381890"}],"wp:attachment":[{"href":"https:\/\/aromasentia.com\/fr\/wp-json\/wp\/v2\/media?parent=227020"}],"wp:term":[{"taxonomy":"product_brand","embeddable":true,"href":"https:\/\/aromasentia.com\/fr\/wp-json\/wp\/v2\/product_brand?post=227020"},{"taxonomy":"product_cat","embeddable":true,"href":"https:\/\/aromasentia.com\/fr\/wp-json\/wp\/v2\/product_cat?post=227020"},{"taxonomy":"product_tag","embeddable":true,"href":"https:\/\/aromasentia.com\/fr\/wp-json\/wp\/v2\/product_tag?post=227020"}],"curies":[{"name":"wp","href":"https:\/\/api.w.org\/{rel}","templated":true}]}}