{"id":226948,"date":"2025-03-22T16:06:20","date_gmt":"2025-03-22T16:06:20","guid":{"rendered":"https:\/\/aromasentia.com\/product\/large-elephant-head-gold-whitewash\/"},"modified":"2025-12-30T19:13:54","modified_gmt":"2025-12-30T19:13:54","slug":"grande-tete-delephant-or-blanc","status":"publish","type":"product","link":"https:\/\/aromasentia.com\/fr\/grande-tete-delephant-or-blanc\/","title":{"rendered":"Grande T\u00eate d&rsquo;El\u00e9phant &#8211; Or &#038; Blanc"},"content":{"rendered":"<p>La <strong>Grande T\u00eate d&rsquo;\u00e9l\u00e9phant en Or &amp; Blanc<\/strong> est un symbole majestueux de sagesse, de courage, de stature et de force.&nbsp;<\/p>\n<p>Ces \u00e9l\u00e9phants en gros sont orn\u00e9s d&rsquo;une d\u00e9licate couleur blanche, rehauss\u00e9e d&rsquo;une captivante touche de paillettes dor\u00e9es. Sculpt\u00e9s \u00e0 la main avec pr\u00e9cision en Indon\u00e9sie, ces \u00e9l\u00e9phants exquis sont fabriqu\u00e9s en bois d&rsquo;Albesia, un arbre durable \u00e0 croissance rapide, abondant en Asie du Sud-Est, qui atteint des hauteurs impresionantes en quelques ann\u00e9es seulement.&nbsp;<\/p>\n<p>Cens\u00e9s apporter la bonne fortune, nos \u00e9l\u00e9phants ornementaux sont le cadeau id\u00e9al pour les amateurs d&rsquo;\u00e9l\u00e9phants et les connaisseurs de l&rsquo;artisanat de qualit\u00e9.&nbsp;<\/p>\n<p>Chaque pi\u00e8ce t\u00e9moigne de l&rsquo;habilet\u00e9 de l&rsquo;artisan, avec des variations de couleur, de design et de dimensions faites \u00e0 la main, ce qui fait de chaque \u00e9l\u00e9phant un objet de collection unique.&nbsp;<\/p>\n<p><strong><span style=\"color: rgb(141, 186, 216);\">D\u00e9couvrez le charme de l&rsquo;ancien monde de Bali gr\u00e2ce \u00e0 ces magnifiques t\u00eates d&rsquo;\u00e9l\u00e9phants sculpt\u00e9es \u00e0 la main.<\/span><\/strong><\/p>\n","protected":false},"excerpt":{"rendered":"<p>La Grande T\u00eate d&rsquo;\u00e9l\u00e9phant en Or &amp; Blanc est un symbole majestueux de sagesse, de courage, de stature et de force.&nbsp; Ces \u00e9l\u00e9phants en gros sont orn\u00e9s d&rsquo;une d\u00e9licate couleur blanche, rehauss\u00e9e d&rsquo;une captivante touche de paillettes dor\u00e9es. Sculpt\u00e9s \u00e0 la main avec pr\u00e9cision en Indon\u00e9sie, ces \u00e9l\u00e9phants exquis sont fabriqu\u00e9s en bois d&rsquo;Albesia, un [&hellip;]<\/p>\n","protected":false},"featured_media":381098,"comment_status":"closed","ping_status":"open","template":"","meta":{"_angie_page":false},"product_brand":[],"product_cat":[16948,14446],"product_tag":[],"class_list":{"0":"post-226948","1":"product","2":"type-product","3":"status-publish","4":"has-post-thumbnail","6":"product_cat-decorations-en-bois","7":"product_cat-maison-et-jardin","8":"pa_collection-wooden-carved-decorative-figures-fr","9":"pa_made-in-indonesie","11":"first","12":"instock","13":"purchasable","14":"product-type-simple"},"supplier_id":null,"supplier_sku":"VINTEP-03","barcode":null,"atum_controlled":true,"out_stock_date":null,"out_stock_threshold":null,"inheritable":false,"inbound_stock":null,"stock_on_hold":0,"sold_today":0,"sales_last_days":0,"reserved_stock":null,"customer_returns":null,"warehouse_damage":null,"lost_in_post":null,"other_logs":null,"out_stock_days":0,"lost_sales":0,"has_location":null,"update_date":"2026-04-27T19:09:48","atum_locations":[],"atum_stock_status":"instock","restock_status":false,"low_stock_amount":"","sales_update_date":"2026-01-30T01:24:31","calc_backorders":null,"_links":{"self":[{"href":"https:\/\/aromasentia.com\/fr\/wp-json\/wp\/v2\/product\/226948","targetHints":{"allow":["GET"]}}],"collection":[{"href":"https:\/\/aromasentia.com\/fr\/wp-json\/wp\/v2\/product"}],"about":[{"href":"https:\/\/aromasentia.com\/fr\/wp-json\/wp\/v2\/types\/product"}],"replies":[{"embeddable":true,"href":"https:\/\/aromasentia.com\/fr\/wp-json\/wp\/v2\/comments?post=226948"}],"version-history":[{"count":0,"href":"https:\/\/aromasentia.com\/fr\/wp-json\/wp\/v2\/product\/226948\/revisions"}],"wp:featuredmedia":[{"embeddable":true,"href":"https:\/\/aromasentia.com\/fr\/wp-json\/wp\/v2\/media\/381098"}],"wp:attachment":[{"href":"https:\/\/aromasentia.com\/fr\/wp-json\/wp\/v2\/media?parent=226948"}],"wp:term":[{"taxonomy":"product_brand","embeddable":true,"href":"https:\/\/aromasentia.com\/fr\/wp-json\/wp\/v2\/product_brand?post=226948"},{"taxonomy":"product_cat","embeddable":true,"href":"https:\/\/aromasentia.com\/fr\/wp-json\/wp\/v2\/product_cat?post=226948"},{"taxonomy":"product_tag","embeddable":true,"href":"https:\/\/aromasentia.com\/fr\/wp-json\/wp\/v2\/product_tag?post=226948"}],"curies":[{"name":"wp","href":"https:\/\/api.w.org\/{rel}","templated":true}]}}