{"id":226944,"date":"2025-03-22T16:06:20","date_gmt":"2025-03-22T16:06:20","guid":{"rendered":"https:\/\/aromasentia.com\/product\/wood-carved-elephant-white-gold\/"},"modified":"2025-12-30T19:13:54","modified_gmt":"2025-12-30T19:13:54","slug":"elephant-en-bois-sculpte-or-blanc","status":"publish","type":"product","link":"https:\/\/aromasentia.com\/fr\/elephant-en-bois-sculpte-or-blanc\/","title":{"rendered":"\u00c9l\u00e9phant en bois sculpt\u00e9 &#8211; Or blanc"},"content":{"rendered":"<p>Les \u00e9l\u00e9phants symbolisent des choses nobles telles que la sagesse, le courage, la stature et la force.&nbsp;<\/p>\n<p>Ces \u00e9l\u00e9phants en gros ont \u00e9t\u00e9 l\u00e9g\u00e8rement peints dans des couleurs blanches et turquoises et ont ajout\u00e9 un scintillement dor\u00e9. Ces magnifiques \u00e9l\u00e9phants sculpt\u00e9s \u00e0 la main apporteront une sensation de vieux monde de Bali dans n&rsquo;importe quelle pi\u00e8ce.&nbsp;<\/p>\n<p>Sculpt\u00e9 \u00e0 la main en Indon\u00e9sie \u00e0 partir de bois d&rsquo;Albesia, qui est un arbre durable \u00e0 croissance rapide. Il peut atteindre 70 pieds en quelques ann\u00e9es seulement et se trouve dans toute l&rsquo;Asie du Sud-Est.&nbsp;<\/p>\n<p>Les \u00e9l\u00e9phants ornementaux sont cens\u00e9s porter chance, ils constituent un cadeau parfait pour un amoureux des \u00e9l\u00e9phants ou toute personne qui appr\u00e9cie l&rsquo;habilet\u00e9 n\u00e9cessaire pour fabriquer une pi\u00e8ce aussi fine.&nbsp;<\/p>\n<p><strong><span style=\"color: rgb(141, 186, 216);\">Comme chaque \u00e9l\u00e9phant est fait \u00e0 la main, la couleur, les motifs et les dimensions peuvent varier l\u00e9g\u00e8rement, faisant de chacun un objet de collection unique.<\/span><\/strong><\/p>\n","protected":false},"excerpt":{"rendered":"<p>Les \u00e9l\u00e9phants symbolisent des choses nobles telles que la sagesse, le courage, la stature et la force.&nbsp; Ces \u00e9l\u00e9phants en gros ont \u00e9t\u00e9 l\u00e9g\u00e8rement peints dans des couleurs blanches et turquoises et ont ajout\u00e9 un scintillement dor\u00e9. Ces magnifiques \u00e9l\u00e9phants sculpt\u00e9s \u00e0 la main apporteront une sensation de vieux monde de Bali dans n&rsquo;importe quelle [&hellip;]<\/p>\n","protected":false},"featured_media":381074,"comment_status":"closed","ping_status":"open","template":"","meta":{"_angie_page":false},"product_brand":[],"product_cat":[16948,14446],"product_tag":[],"class_list":{"0":"post-226944","1":"product","2":"type-product","3":"status-publish","4":"has-post-thumbnail","6":"product_cat-decorations-en-bois","7":"product_cat-maison-et-jardin","8":"pa_collection-wooden-carved-decorative-figures-fr","9":"pa_made-in-indonesie","11":"first","12":"instock","13":"purchasable","14":"product-type-simple"},"supplier_id":null,"supplier_sku":"VINTEP-01","barcode":null,"atum_controlled":true,"out_stock_date":null,"out_stock_threshold":null,"inheritable":false,"inbound_stock":null,"stock_on_hold":0,"sold_today":0,"sales_last_days":0,"reserved_stock":null,"customer_returns":null,"warehouse_damage":null,"lost_in_post":null,"other_logs":null,"out_stock_days":57,"lost_sales":0,"has_location":null,"update_date":"2026-04-27T07:26:20","atum_locations":[],"atum_stock_status":"instock","restock_status":false,"low_stock_amount":"","sales_update_date":"2026-02-06T00:00:53","calc_backorders":null,"_links":{"self":[{"href":"https:\/\/aromasentia.com\/fr\/wp-json\/wp\/v2\/product\/226944","targetHints":{"allow":["GET"]}}],"collection":[{"href":"https:\/\/aromasentia.com\/fr\/wp-json\/wp\/v2\/product"}],"about":[{"href":"https:\/\/aromasentia.com\/fr\/wp-json\/wp\/v2\/types\/product"}],"replies":[{"embeddable":true,"href":"https:\/\/aromasentia.com\/fr\/wp-json\/wp\/v2\/comments?post=226944"}],"version-history":[{"count":0,"href":"https:\/\/aromasentia.com\/fr\/wp-json\/wp\/v2\/product\/226944\/revisions"}],"wp:featuredmedia":[{"embeddable":true,"href":"https:\/\/aromasentia.com\/fr\/wp-json\/wp\/v2\/media\/381074"}],"wp:attachment":[{"href":"https:\/\/aromasentia.com\/fr\/wp-json\/wp\/v2\/media?parent=226944"}],"wp:term":[{"taxonomy":"product_brand","embeddable":true,"href":"https:\/\/aromasentia.com\/fr\/wp-json\/wp\/v2\/product_brand?post=226944"},{"taxonomy":"product_cat","embeddable":true,"href":"https:\/\/aromasentia.com\/fr\/wp-json\/wp\/v2\/product_cat?post=226944"},{"taxonomy":"product_tag","embeddable":true,"href":"https:\/\/aromasentia.com\/fr\/wp-json\/wp\/v2\/product_tag?post=226944"}],"curies":[{"name":"wp","href":"https:\/\/api.w.org\/{rel}","templated":true}]}}