{"id":226892,"date":"2025-03-22T16:06:20","date_gmt":"2025-03-22T16:06:20","guid":{"rendered":"https:\/\/aromasentia.com\/product\/turquoice-squat-sweet-jar\/"},"modified":"2025-12-30T19:13:38","modified_gmt":"2025-12-30T19:13:38","slug":"jarre-a-sucre-turquoise","status":"publish","type":"product","link":"https:\/\/aromasentia.com\/fr\/jarre-a-sucre-turquoise\/","title":{"rendered":"Jarre \u00e0 Sucre Turquoise"},"content":{"rendered":"<p>Jarre \u00e0 Sucre Turquoise &#8211; une fusion d&rsquo;opulence et d&rsquo;artisanat qui promet de captiver vos clients.&nbsp;<\/p>\n<p>Ce pot exquis n&rsquo;est pas seulement une solution de stockage mais aussi une \u0153uvre d&rsquo;art, con&ccedil;ue pour ajouter une touche de luxe \u00e0 n&rsquo;importe quel espace.&nbsp;<\/p>\n<p>La jarre en bois pr\u00e9sente une forme \u00e9l\u00e9gante et trapue qui \u00e9voque une beaut\u00e9 intemporelle. Les paillettes turquoise et or \u00e9blouissantes cr\u00e9ent un jeu de couleurs envo\u00fbtant qui capte la lumi\u00e8re et conf\u00e8re \u00e0 l&rsquo;environnement une impression de grandeur.&nbsp;<\/p>\n<p>Qu&rsquo;il orne une coiffeuse, une \u00e9tag\u00e8re ou qu&rsquo;il devienne la pi\u00e8ce ma\u00eetresse d&rsquo;un \u00e9v\u00e9nement, ce pot t\u00e9moigne de la puissance d&rsquo;un design exceptionnel. &nbsp;&nbsp;<\/p>\n<p>Dimensions : 18,5 x 16 cm<\/p>\n","protected":false},"excerpt":{"rendered":"<p>Jarre \u00e0 Sucre Turquoise &#8211; une fusion d&rsquo;opulence et d&rsquo;artisanat qui promet de captiver vos clients.&nbsp; Ce pot exquis n&rsquo;est pas seulement une solution de stockage mais aussi une \u0153uvre d&rsquo;art, con&ccedil;ue pour ajouter une touche de luxe \u00e0 n&rsquo;importe quel espace.&nbsp; La jarre en bois pr\u00e9sente une forme \u00e9l\u00e9gante et trapue qui \u00e9voque une [&hellip;]<\/p>\n","protected":false},"featured_media":380474,"comment_status":"closed","ping_status":"open","template":"","meta":[],"product_brand":[],"product_cat":[16948,14446],"product_tag":[],"class_list":{"0":"post-226892","1":"product","2":"type-product","3":"status-publish","4":"has-post-thumbnail","6":"product_cat-decorations-en-bois","7":"product_cat-maison-et-jardin","8":"pa_collection-trinket-wooden-jars-fr","9":"pa_made-in-indonesie","11":"first","12":"instock","13":"purchasable","14":"product-type-simple"},"supplier_id":null,"supplier_sku":"TWJ-01","barcode":null,"atum_controlled":true,"out_stock_date":null,"out_stock_threshold":null,"inheritable":false,"inbound_stock":null,"stock_on_hold":0,"sold_today":0,"sales_last_days":0,"reserved_stock":null,"customer_returns":null,"warehouse_damage":null,"lost_in_post":null,"other_logs":null,"out_stock_days":0,"lost_sales":0,"has_location":null,"update_date":"2026-02-10T16:26:24","atum_locations":[],"atum_stock_status":"instock","restock_status":false,"low_stock_amount":"","sales_update_date":"2025-09-04T00:30:39","calc_backorders":null,"_links":{"self":[{"href":"https:\/\/aromasentia.com\/fr\/wp-json\/wp\/v2\/product\/226892","targetHints":{"allow":["GET"]}}],"collection":[{"href":"https:\/\/aromasentia.com\/fr\/wp-json\/wp\/v2\/product"}],"about":[{"href":"https:\/\/aromasentia.com\/fr\/wp-json\/wp\/v2\/types\/product"}],"replies":[{"embeddable":true,"href":"https:\/\/aromasentia.com\/fr\/wp-json\/wp\/v2\/comments?post=226892"}],"version-history":[{"count":0,"href":"https:\/\/aromasentia.com\/fr\/wp-json\/wp\/v2\/product\/226892\/revisions"}],"wp:featuredmedia":[{"embeddable":true,"href":"https:\/\/aromasentia.com\/fr\/wp-json\/wp\/v2\/media\/380474"}],"wp:attachment":[{"href":"https:\/\/aromasentia.com\/fr\/wp-json\/wp\/v2\/media?parent=226892"}],"wp:term":[{"taxonomy":"product_brand","embeddable":true,"href":"https:\/\/aromasentia.com\/fr\/wp-json\/wp\/v2\/product_brand?post=226892"},{"taxonomy":"product_cat","embeddable":true,"href":"https:\/\/aromasentia.com\/fr\/wp-json\/wp\/v2\/product_cat?post=226892"},{"taxonomy":"product_tag","embeddable":true,"href":"https:\/\/aromasentia.com\/fr\/wp-json\/wp\/v2\/product_tag?post=226892"}],"curies":[{"name":"wp","href":"https:\/\/api.w.org\/{rel}","templated":true}]}}