{"id":226856,"date":"2025-03-22T16:06:20","date_gmt":"2025-03-22T16:06:20","guid":{"rendered":"https:\/\/aromasentia.com\/product\/ergo-teak-pestal-morter-lrg\/"},"modified":"2025-06-23T18:39:28","modified_gmt":"2025-06-23T18:39:28","slug":"mortier-en-teck-avec-grand-maillet","status":"publish","type":"product","link":"https:\/\/aromasentia.com\/fr\/mortier-en-teck-avec-grand-maillet\/","title":{"rendered":"Mortier en teck avec grand maillet"},"content":{"rendered":"<p><strong><span style=\"color: rgb(75, 80, 88);\">Mortier en teck avec grand maillet<\/span><\/strong> est id\u00e9al pour un usage quotidien. Fabriqu\u00e9 avec amour \u00e0 partir de bois de teck au c\u0153ur des villages de Bali \u00e0 partir de r\u00e9serves de teck soigneusement g\u00e9r\u00e9es.&nbsp;<\/p>\n<p>Le teck ou Tectona grandis est originaire principalement d&rsquo;Indon\u00e9sie, d&rsquo;Inde, de Malaisie, de Tha&iuml;lande et de Birmanie.&nbsp;<\/p>\n<p>Le bois de teck contient une huile qui aide le bois \u00e0 r\u00e9sister \u00e0 l&rsquo;eau. sa m\u00eame teneur en huile prot\u00e8ge le teck de la pourriture, des insectes et des bact\u00e9ries. Le teck de Java est consid\u00e9r\u00e9 par les experts comme le meilleur au monde. Trait\u00e9 avec juste un peu de soin, il peut durer toute une vie.&nbsp;<\/p>\n<p>Ce sera un excellent ajout \u00e0 la maison de vos clients. NB : En raison de la nature du produit, il peut y avoir de petites imperfections\/fissures sur le mortier.&nbsp;<\/p>\n<p><strong><span style=\"color: rgb(141, 186, 216);\">Commandez maintenant et offrez \u00e0 vos clients des articles m\u00e9nagers uniques.<\/span><\/strong><\/p>\n","protected":false},"excerpt":{"rendered":"<p>Mortier en teck avec grand maillet est id\u00e9al pour un usage quotidien. Fabriqu\u00e9 avec amour \u00e0 partir de bois de teck au c\u0153ur des villages de Bali \u00e0 partir de r\u00e9serves de teck soigneusement g\u00e9r\u00e9es.&nbsp; Le teck ou Tectona grandis est originaire principalement d&rsquo;Indon\u00e9sie, d&rsquo;Inde, de Malaisie, de Tha&iuml;lande et de Birmanie.&nbsp; Le bois de [&hellip;]<\/p>\n","protected":false},"featured_media":380121,"comment_status":"closed","ping_status":"open","template":"","meta":{"_angie_page":false},"product_brand":[],"product_cat":[16988,14446],"product_tag":[],"class_list":{"0":"post-226856","1":"product","2":"type-product","3":"status-publish","4":"has-post-thumbnail","6":"product_cat-cuisine-et-accessoires","7":"product_cat-maison-et-jardin","8":"pa_collection-ergo-teak-pestal-morter-fr","9":"pa_made-in-indonesie","11":"first","12":"instock","13":"purchasable","14":"product-type-simple"},"supplier_id":null,"supplier_sku":"TPM-01","barcode":null,"atum_controlled":true,"out_stock_date":null,"out_stock_threshold":null,"inheritable":false,"inbound_stock":null,"stock_on_hold":0,"sold_today":0,"sales_last_days":0,"reserved_stock":null,"customer_returns":null,"warehouse_damage":null,"lost_in_post":null,"other_logs":null,"out_stock_days":0,"lost_sales":0,"has_location":null,"update_date":"2026-05-08T05:21:25","atum_locations":[],"atum_stock_status":"instock","restock_status":false,"low_stock_amount":"","sales_update_date":"2025-09-04T00:30:36","calc_backorders":null,"_links":{"self":[{"href":"https:\/\/aromasentia.com\/fr\/wp-json\/wp\/v2\/product\/226856","targetHints":{"allow":["GET"]}}],"collection":[{"href":"https:\/\/aromasentia.com\/fr\/wp-json\/wp\/v2\/product"}],"about":[{"href":"https:\/\/aromasentia.com\/fr\/wp-json\/wp\/v2\/types\/product"}],"replies":[{"embeddable":true,"href":"https:\/\/aromasentia.com\/fr\/wp-json\/wp\/v2\/comments?post=226856"}],"version-history":[{"count":0,"href":"https:\/\/aromasentia.com\/fr\/wp-json\/wp\/v2\/product\/226856\/revisions"}],"wp:featuredmedia":[{"embeddable":true,"href":"https:\/\/aromasentia.com\/fr\/wp-json\/wp\/v2\/media\/380121"}],"wp:attachment":[{"href":"https:\/\/aromasentia.com\/fr\/wp-json\/wp\/v2\/media?parent=226856"}],"wp:term":[{"taxonomy":"product_brand","embeddable":true,"href":"https:\/\/aromasentia.com\/fr\/wp-json\/wp\/v2\/product_brand?post=226856"},{"taxonomy":"product_cat","embeddable":true,"href":"https:\/\/aromasentia.com\/fr\/wp-json\/wp\/v2\/product_cat?post=226856"},{"taxonomy":"product_tag","embeddable":true,"href":"https:\/\/aromasentia.com\/fr\/wp-json\/wp\/v2\/product_tag?post=226856"}],"curies":[{"name":"wp","href":"https:\/\/api.w.org\/{rel}","templated":true}]}}