{"id":226852,"date":"2025-03-22T16:06:20","date_gmt":"2025-03-22T16:06:20","guid":{"rendered":"https:\/\/aromasentia.com\/product\/panda-teapot-set-three-cups-orange\/"},"modified":"2025-12-30T19:13:38","modified_gmt":"2025-12-30T19:13:38","slug":"ensemble-theiere-panda-et-trois-tasses-orange","status":"publish","type":"product","link":"https:\/\/aromasentia.com\/fr\/ensemble-theiere-panda-et-trois-tasses-orange\/","title":{"rendered":"Ensemble Th\u00e9i\u00e8re Panda et Trois Tasses &#8211; Orange"},"content":{"rendered":"<p><strong>Ensemble th\u00e9i\u00e8re et trois tasses Panda &ndash; Orange : adorablement fonctionnel, cadeau unique&nbsp;<\/strong><\/p>\n<p>L&rsquo;heure du th\u00e9 doit toujours apporter un sentiment de confort et de joie, et quelle meilleure fa&ccedil;on d&rsquo;am\u00e9liorer l&rsquo;exp\u00e9rience qu&rsquo;avec notre ensemble de th\u00e9i\u00e8re et trois tasses Panda orange ?&nbsp;<\/p>\n<p>Ce charmant ensemble combine un design ludique, une fonctionnalit\u00e9 quotidienne et un savoir-faire de haute qualit\u00e9, ce qui en fait un d\u00e9licieux ajout \u00e0 vos offres de vente au d\u00e9tail.&nbsp;<\/p>\n<p><strong>Pourquoi cet ensemble de th\u00e9i\u00e8re Panda s&rsquo;envolera de vos \u00e9tag\u00e8res<\/strong><\/p>\n<p><strong>Design irr\u00e9sistiblement adorable :&nbsp;<\/strong>avec son look inspir\u00e9 du panda, avec ses petites oreilles coquines et un d\u00e9grad\u00e9 orange chaud, cet ensemble de th\u00e9i\u00e8re a un attrait universel. Que ce soit pour un amateur de th\u00e9, un amoureux des pandas ou quelqu\u2019un \u00e0 la recherche d\u2019un cadeau m\u00e9morable, il ne manquera pas de conqu\u00e9rir les c\u0153urs.<\/p>\n<p><strong>Exp\u00e9rience compl\u00e8te du th\u00e9 :<\/strong> l&rsquo;ensemble comprend une th\u00e9i\u00e8re en c\u00e9ramique de 500 ml et trois tasses assorties de taille parfaite, ce qui le rend id\u00e9al pour partager une th\u00e9i\u00e8re avec des amis ou en famille.&nbsp;<\/p>\n<p><strong>D\u00e9tails uniques : <\/strong>le design ne s&rsquo;arr\u00eate pas au visage du panda. De l&#8217;empreinte de patte en relief sur les tasses au couvercle astucieux qui fait \u00e9galement partie du chapeau du panda, chaque d\u00e9tail a \u00e9t\u00e9 soigneusement cr\u00e9\u00e9 pour surprendre et ravir.&nbsp;<\/p>\n<p><strong>Pratique et portable :&nbsp;<\/strong>non seulement il est facile \u00e0 nettoyer et fabriqu\u00e9 en c\u00e9ramique durable, mais il est \u00e9galement livr\u00e9 avec un \u00e9tui de transport de protection et une pochette souple, parfait pour offrir ou emporter lors de pique-niques et de voyages.&nbsp;<\/p>\n<p>Ce n\u2019est pas seulement une th\u00e9i\u00e8re, c\u2019est une histoire, un souvenir et un sourire tout en un. Vos clients tomberont amoureux du charme du panda et de la fonctionnalit\u00e9 pratique de l\u2019ensemble.&nbsp;<\/p>\n<p>Parfait pour les boutiques, les magasins de cadeaux et les d\u00e9taillants d&rsquo;articles m\u00e9nagers, l&rsquo;ensemble de th\u00e9i\u00e8re et trois tasses Panda &ndash; Orange est un produit qui se vend pratiquement tout seul. Pr\u00eat \u00e0 ajouter une touche de fantaisie et de plaisir \u00e0 vos \u00e9tag\u00e8res ?&nbsp;<\/p>\n<p><strong>Commandez maintenant et laissez l&rsquo;ensemble de th\u00e9i\u00e8re Panda apporter de la chaleur, de la joie et un sourire \u00e0 l&rsquo;heure du th\u00e9 de vos clients !<\/strong><\/p>\n","protected":false},"excerpt":{"rendered":"<p>Ensemble th\u00e9i\u00e8re et trois tasses Panda &ndash; Orange : adorablement fonctionnel, cadeau unique&nbsp; L&rsquo;heure du th\u00e9 doit toujours apporter un sentiment de confort et de joie, et quelle meilleure fa&ccedil;on d&rsquo;am\u00e9liorer l&rsquo;exp\u00e9rience qu&rsquo;avec notre ensemble de th\u00e9i\u00e8re et trois tasses Panda orange ?&nbsp; Ce charmant ensemble combine un design ludique, une fonctionnalit\u00e9 quotidienne et un [&hellip;]<\/p>\n","protected":false},"featured_media":380072,"comment_status":"closed","ping_status":"open","template":"","meta":{"_angie_page":false},"product_brand":[],"product_cat":[16988,14446,25039,26700],"product_tag":[],"class_list":{"0":"post-226852","1":"product","2":"type-product","3":"status-publish","4":"has-post-thumbnail","6":"product_cat-cuisine-et-accessoires","7":"product_cat-maison-et-jardin","8":"product_cat-the-et-accessoires","9":"product_cat-theieres-et-tasses-a-the","10":"pa_collection-herbal-teapot-sets-fr","11":"pa_made-in-chine","13":"first","14":"instock","15":"purchasable","16":"product-type-simple"},"supplier_id":null,"supplier_sku":"TeaP-35","barcode":null,"atum_controlled":true,"out_stock_date":null,"out_stock_threshold":null,"inheritable":false,"inbound_stock":null,"stock_on_hold":0,"sold_today":0,"sales_last_days":0,"reserved_stock":null,"customer_returns":null,"warehouse_damage":null,"lost_in_post":null,"other_logs":null,"out_stock_days":0,"lost_sales":0,"has_location":null,"update_date":"2026-04-27T07:24:30","atum_locations":[],"atum_stock_status":"instock","restock_status":false,"low_stock_amount":"","sales_update_date":"2026-01-30T01:24:32","calc_backorders":null,"_links":{"self":[{"href":"https:\/\/aromasentia.com\/fr\/wp-json\/wp\/v2\/product\/226852","targetHints":{"allow":["GET"]}}],"collection":[{"href":"https:\/\/aromasentia.com\/fr\/wp-json\/wp\/v2\/product"}],"about":[{"href":"https:\/\/aromasentia.com\/fr\/wp-json\/wp\/v2\/types\/product"}],"replies":[{"embeddable":true,"href":"https:\/\/aromasentia.com\/fr\/wp-json\/wp\/v2\/comments?post=226852"}],"version-history":[{"count":0,"href":"https:\/\/aromasentia.com\/fr\/wp-json\/wp\/v2\/product\/226852\/revisions"}],"wp:featuredmedia":[{"embeddable":true,"href":"https:\/\/aromasentia.com\/fr\/wp-json\/wp\/v2\/media\/380072"}],"wp:attachment":[{"href":"https:\/\/aromasentia.com\/fr\/wp-json\/wp\/v2\/media?parent=226852"}],"wp:term":[{"taxonomy":"product_brand","embeddable":true,"href":"https:\/\/aromasentia.com\/fr\/wp-json\/wp\/v2\/product_brand?post=226852"},{"taxonomy":"product_cat","embeddable":true,"href":"https:\/\/aromasentia.com\/fr\/wp-json\/wp\/v2\/product_cat?post=226852"},{"taxonomy":"product_tag","embeddable":true,"href":"https:\/\/aromasentia.com\/fr\/wp-json\/wp\/v2\/product_tag?post=226852"}],"curies":[{"name":"wp","href":"https:\/\/api.w.org\/{rel}","templated":true}]}}